{"id":613,"date":"2020-03-02T12:21:33","date_gmt":"2020-03-02T12:21:33","guid":{"rendered":"https:\/\/www.signium.com\/?page_id=613"},"modified":"2024-03-19T22:45:49","modified_gmt":"2024-03-19T21:45:49","slug":"about-our-services","status":"publish","type":"page","link":"https:\/\/www.signium.com\/de\/about-our-services\/","title":{"rendered":"Unsere Services"},"content":{"rendered":"\n<h2 class=\"wp-block-heading\" id=\"h-warum-signium\" data-aos=\"fade-up\">Warum Signium?<\/h2>\n\n\n\n<p data-aos=\"fade-up\">Wir sind Berater mit Erfahrung und Pers\u00f6nlichkeit, mit Gesp\u00fcr f\u00fcr die richtigen Talente und wie man diese identifiziert und f\u00f6rdert. Die Leidenschaft f\u00fcr Leadership und Beratung ist in unserer DNA verankert. Wir verstehen Ihr Business und wissen aus Erfahrung, worauf es ankommt. Wir finden und f\u00f6rdern die F\u00fchrungskr\u00e4fte, die die F\u00e4higkeit dazu haben, Ihre Organisation f\u00fcr die Zukunft richtig aufzustellen.<\/p>\n\n\n\n<h3 class=\"wp-block-heading\" data-aos=\"fade-up\">Unsere Beratungsleistung<\/h3>\n\n\n\n<p data-aos=\"fade-up\">Daf\u00fcr nehmen wir uns Zeit, um Ihr Unternehmen, die Organisation und Kultur ausgiebig kennenzulernen und zu verstehen. Sie sind ein Hidden Champion, ein Konzern oder ein Start-up? Wir sind Ihr erfahrener verl\u00e4sslicher, effizienter und diskreter Partner.<\/p>\n\n\n\n<h3 class=\"wp-block-heading\" data-aos=\"fade-up\">Partner f\u00fcr Unternehmen und Kandidaten<\/h3>\n\n\n\n<p data-aos=\"fade-up\">Unsere Berater im Executive Search besetzen f\u00fcr Sie und Ihr Unternehmen Schl\u00fcsselpositionen mit den am besten passenden F\u00fchrungskr\u00e4ften. Unser Anspruch ist hoch \u2013 aus \u00dcberzeugung. Wir finden die Kandidaten, die die Kompetenz, die Erfahrung und den Drive mitbringen, Ihre Organisation erfolgreich und zukunftsorientiert aufzustellen.<\/p>\n\n\n\n<p data-aos=\"fade-up\">Sie ben\u00f6tigen eine erfahrene F\u00fchrungspers\u00f6nlichkeit f\u00fcr eine \u00dcbergangszeit? Unser Executive Interim Management Team ist der perfekte Ansprechpartner, um Top-Manager f\u00fcr einen begrenzten Zeitraum f\u00fcr Ihre Organisation in k\u00fcrzester Zeit zu finden und an Bord zu bringen.<\/p>\n\n\n\n<h3 class=\"wp-block-heading\" data-aos=\"fade-up\">Ihr F\u00fchrungsteam kann mehr? <\/h3>\n\n\n\n<p data-aos=\"fade-up\">Unsere Leadership Consulting Berater helfen Ihnen, das Potential Ihrer F\u00fchrungskr\u00e4fte zu identifizieren, zu beurteilen und weiterzuentwickeln.<\/p>\n\n\n\n<h3 class=\"wp-block-heading\" data-aos=\"fade-up\">F\u00fcr unsere Kandidaten <\/h3>\n\n\n\n<p data-aos=\"fade-up\">Sie sind eine ambitionierte F\u00fchrungskraft mit Potenzial oder eine erfahrene F\u00fchrungspers\u00f6nlichkeit? Wir beraten und begleiten Sie als vertrauensvolle Berater<\/p>\n\n\n\n<h3 class=\"wp-block-heading\" data-aos=\"fade-up\">Board Services<\/h3>\n\n\n\n<p data-aos=\"fade-up\">Suchen Sie Aufsichtsr\u00e4te, Beir\u00e4te oder Verwaltungsr\u00e4te? Aufgrund unserer jahrzehntelangen Historie und tiefen Branchenvernetzung k\u00f6nnen wir Sie auch in diesem Prozess unterst\u00fctzen.<\/p>\n\n\n\n<p data-aos=\"fade-up\">So schaffen wir nachhaltige, passgenaue Leadership-L\u00f6sungen.<\/p>\n\n\n\n<div class=\"wp-block-columns is-layout-flex wp-container-core-columns-layout-1 wp-block-columns-is-layout-flex\">\n<div class=\"wp-block-column is-layout-flow wp-block-column-is-layout-flow\" style=\"flex-basis:33.33%\" data-aos=\"fade-up\"><\/div>\n\n\n\n<div class=\"wp-block-column is-layout-flow wp-block-column-is-layout-flow\" style=\"flex-basis:66.66%\" data-aos=\"fade-up\"><\/div>\n<\/div>\n","protected":false},"excerpt":{"rendered":"<p>Warum Signium? Wir sind Berater mit Erfahrung und Pers\u00f6nlichkeit, mit Gesp\u00fcr f\u00fcr die richtigen Talente und wie man diese identifiziert und f\u00f6rdert. Die Leidenschaft f\u00fcr Leadership und Beratung ist in unserer DNA verankert. Wir verstehen Ihr Business und wissen aus Erfahrung, worauf es ankommt. Wir finden und f\u00f6rdern die F\u00fchrungskr\u00e4fte, die die F\u00e4higkeit dazu haben, [&hellip;]<\/p>\n","protected":false},"author":1,"featured_media":1712,"parent":0,"menu_order":0,"comment_status":"closed","ping_status":"closed","template":"page-templates\/page-template-services.php","meta":{"footnotes":""},"acf":[],"yoast_head":"<!-- This site is optimized with the Yoast SEO Premium plugin v20.5 (Yoast SEO v20.5) - https:\/\/yoast.com\/wordpress\/plugins\/seo\/ -->\n<title>Unsere Services &ndash; Signium<\/title>\n<meta name=\"description\" content=\"Wir bei Signium Deutschland finden und f\u00f6rdern die F\u00fchrungskr\u00e4fte, mit denen Sie Ihre Organisation f\u00fcr die Zukunft richtig aufstellen.\" \/>\n<meta name=\"robots\" content=\"index, follow, max-snippet:-1, max-image-preview:large, max-video-preview:-1\" \/>\n<link rel=\"canonical\" href=\"https:\/\/www.signium.com\/de\/about-our-services\/\" \/>\n<meta property=\"og:locale\" content=\"de_DE\" \/>\n<meta property=\"og:type\" content=\"article\" \/>\n<meta property=\"og:title\" content=\"Unsere Services\" \/>\n<meta property=\"og:description\" content=\"Wir bei Signium Deutschland finden und f\u00f6rdern die F\u00fchrungskr\u00e4fte, mit denen Sie Ihre Organisation f\u00fcr die Zukunft richtig aufstellen.\" \/>\n<meta property=\"og:url\" content=\"https:\/\/www.signium.com\/de\/about-our-services\/\" \/>\n<meta property=\"og:site_name\" content=\"Signium\" \/>\n<meta property=\"article:modified_time\" content=\"2024-03-19T21:45:49+00:00\" \/>\n<meta property=\"og:image\" content=\"https:\/\/www.signium.com\/wp-content\/uploads\/2020\/03\/future_newscover_innovationsf\u00e4higkeit.jpg\" \/>\n\t<meta property=\"og:image:width\" content=\"1114\" \/>\n\t<meta property=\"og:image:height\" content=\"627\" \/>\n\t<meta property=\"og:image:type\" content=\"image\/jpeg\" \/>\n<meta name=\"twitter:card\" content=\"summary_large_image\" \/>\n<meta name=\"twitter:site\" content=\"@signiumspeaks\" \/>\n<meta name=\"twitter:label1\" content=\"Est. reading time\" \/>\n\t<meta name=\"twitter:data1\" content=\"2 minutes\" \/>\n<script type=\"application\/ld+json\" class=\"yoast-schema-graph\">{\"@context\":\"https:\/\/schema.org\",\"@graph\":[{\"@type\":\"WebPage\",\"@id\":\"https:\/\/www.signium.com\/de\/about-our-services\/\",\"url\":\"https:\/\/www.signium.com\/de\/about-our-services\/\",\"name\":\"Unsere Services &ndash; Signium\",\"isPartOf\":{\"@id\":\"https:\/\/staging.signium.com\/#website\"},\"datePublished\":\"2020-03-02T12:21:33+00:00\",\"dateModified\":\"2024-03-19T21:45:49+00:00\",\"description\":\"Wir bei Signium Deutschland finden und f\u00f6rdern die F\u00fchrungskr\u00e4fte, mit denen Sie Ihre Organisation f\u00fcr die Zukunft richtig aufstellen.\",\"breadcrumb\":{\"@id\":\"https:\/\/www.signium.com\/de\/about-our-services\/#breadcrumb\"},\"inLanguage\":\"de-DE\",\"potentialAction\":[{\"@type\":\"ReadAction\",\"target\":[\"https:\/\/www.signium.com\/de\/about-our-services\/\"]}]},{\"@type\":\"BreadcrumbList\",\"@id\":\"https:\/\/www.signium.com\/de\/about-our-services\/#breadcrumb\",\"itemListElement\":[{\"@type\":\"ListItem\",\"position\":1,\"name\":\"Home\",\"item\":\"https:\/\/www.signium.com\/de\/\"},{\"@type\":\"ListItem\",\"position\":2,\"name\":\"Unsere Services\"}]},{\"@type\":\"WebSite\",\"@id\":\"https:\/\/staging.signium.com\/#website\",\"url\":\"https:\/\/staging.signium.com\/\",\"name\":\"Signium\",\"description\":\"Global Executive Search and Leadership Consulting\",\"publisher\":{\"@id\":\"https:\/\/staging.signium.com\/#organization\"},\"potentialAction\":[{\"@type\":\"SearchAction\",\"target\":{\"@type\":\"EntryPoint\",\"urlTemplate\":\"https:\/\/staging.signium.com\/?s={search_term_string}\"},\"query-input\":\"required name=search_term_string\"}],\"inLanguage\":\"de-DE\"},{\"@type\":\"Organization\",\"@id\":\"https:\/\/staging.signium.com\/#organization\",\"name\":\"Signium\",\"url\":\"https:\/\/staging.signium.com\/\",\"logo\":{\"@type\":\"ImageObject\",\"inLanguage\":\"de-DE\",\"@id\":\"https:\/\/staging.signium.com\/#\/schema\/logo\/image\/\",\"url\":\"https:\/\/www.signium.com\/wp-content\/uploads\/2020\/05\/logo-darkblue.png\",\"contentUrl\":\"https:\/\/www.signium.com\/wp-content\/uploads\/2020\/05\/logo-darkblue.png\",\"width\":300,\"height\":66,\"caption\":\"Signium\"},\"image\":{\"@id\":\"https:\/\/staging.signium.com\/#\/schema\/logo\/image\/\"},\"sameAs\":[\"https:\/\/twitter.com\/signiumspeaks\",\"https:\/\/www.linkedin.com\/company\/signium\",\"https:\/\/www.youtube.com\/channel\/UC1mryZmvR40LptxwpsxMaiw\"]}]}<\/script>\n<!-- \/ Yoast SEO Premium plugin. -->","yoast_head_json":{"title":"Unsere Services &ndash; Signium","description":"Wir bei Signium Deutschland finden und f\u00f6rdern die F\u00fchrungskr\u00e4fte, mit denen Sie Ihre Organisation f\u00fcr die Zukunft richtig aufstellen.","robots":{"index":"index","follow":"follow","max-snippet":"max-snippet:-1","max-image-preview":"max-image-preview:large","max-video-preview":"max-video-preview:-1"},"canonical":"https:\/\/www.signium.com\/de\/about-our-services\/","og_locale":"de_DE","og_type":"article","og_title":"Unsere Services","og_description":"Wir bei Signium Deutschland finden und f\u00f6rdern die F\u00fchrungskr\u00e4fte, mit denen Sie Ihre Organisation f\u00fcr die Zukunft richtig aufstellen.","og_url":"https:\/\/www.signium.com\/de\/about-our-services\/","og_site_name":"Signium","article_modified_time":"2024-03-19T21:45:49+00:00","og_image":[{"width":1114,"height":627,"url":"https:\/\/www.signium.com\/wp-content\/uploads\/2020\/03\/future_newscover_innovationsf\u00e4higkeit.jpg","type":"image\/jpeg"}],"twitter_card":"summary_large_image","twitter_site":"@signiumspeaks","twitter_misc":{"Est. reading time":"2 minutes"},"schema":{"@context":"https:\/\/schema.org","@graph":[{"@type":"WebPage","@id":"https:\/\/www.signium.com\/de\/about-our-services\/","url":"https:\/\/www.signium.com\/de\/about-our-services\/","name":"Unsere Services &ndash; Signium","isPartOf":{"@id":"https:\/\/staging.signium.com\/#website"},"datePublished":"2020-03-02T12:21:33+00:00","dateModified":"2024-03-19T21:45:49+00:00","description":"Wir bei Signium Deutschland finden und f\u00f6rdern die F\u00fchrungskr\u00e4fte, mit denen Sie Ihre Organisation f\u00fcr die Zukunft richtig aufstellen.","breadcrumb":{"@id":"https:\/\/www.signium.com\/de\/about-our-services\/#breadcrumb"},"inLanguage":"de-DE","potentialAction":[{"@type":"ReadAction","target":["https:\/\/www.signium.com\/de\/about-our-services\/"]}]},{"@type":"BreadcrumbList","@id":"https:\/\/www.signium.com\/de\/about-our-services\/#breadcrumb","itemListElement":[{"@type":"ListItem","position":1,"name":"Home","item":"https:\/\/www.signium.com\/de\/"},{"@type":"ListItem","position":2,"name":"Unsere Services"}]},{"@type":"WebSite","@id":"https:\/\/staging.signium.com\/#website","url":"https:\/\/staging.signium.com\/","name":"Signium","description":"Global Executive Search and Leadership Consulting","publisher":{"@id":"https:\/\/staging.signium.com\/#organization"},"potentialAction":[{"@type":"SearchAction","target":{"@type":"EntryPoint","urlTemplate":"https:\/\/staging.signium.com\/?s={search_term_string}"},"query-input":"required name=search_term_string"}],"inLanguage":"de-DE"},{"@type":"Organization","@id":"https:\/\/staging.signium.com\/#organization","name":"Signium","url":"https:\/\/staging.signium.com\/","logo":{"@type":"ImageObject","inLanguage":"de-DE","@id":"https:\/\/staging.signium.com\/#\/schema\/logo\/image\/","url":"https:\/\/www.signium.com\/wp-content\/uploads\/2020\/05\/logo-darkblue.png","contentUrl":"https:\/\/www.signium.com\/wp-content\/uploads\/2020\/05\/logo-darkblue.png","width":300,"height":66,"caption":"Signium"},"image":{"@id":"https:\/\/staging.signium.com\/#\/schema\/logo\/image\/"},"sameAs":["https:\/\/twitter.com\/signiumspeaks","https:\/\/www.linkedin.com\/company\/signium","https:\/\/www.youtube.com\/channel\/UC1mryZmvR40LptxwpsxMaiw"]}]}},"_links":{"self":[{"href":"https:\/\/www.signium.com\/de\/wp-json\/wp\/v2\/pages\/613"}],"collection":[{"href":"https:\/\/www.signium.com\/de\/wp-json\/wp\/v2\/pages"}],"about":[{"href":"https:\/\/www.signium.com\/de\/wp-json\/wp\/v2\/types\/page"}],"author":[{"embeddable":true,"href":"https:\/\/www.signium.com\/de\/wp-json\/wp\/v2\/users\/1"}],"replies":[{"embeddable":true,"href":"https:\/\/www.signium.com\/de\/wp-json\/wp\/v2\/comments?post=613"}],"version-history":[{"count":57,"href":"https:\/\/www.signium.com\/de\/wp-json\/wp\/v2\/pages\/613\/revisions"}],"predecessor-version":[{"id":9015,"href":"https:\/\/www.signium.com\/de\/wp-json\/wp\/v2\/pages\/613\/revisions\/9015"}],"wp:featuredmedia":[{"embeddable":true,"href":"https:\/\/www.signium.com\/de\/wp-json\/wp\/v2\/media\/1712"}],"wp:attachment":[{"href":"https:\/\/www.signium.com\/de\/wp-json\/wp\/v2\/media?parent=613"}],"curies":[{"name":"wp","href":"https:\/\/api.w.org\/{rel}","templated":true}]}}