{"id":917,"date":"2020-03-04T09:07:45","date_gmt":"2020-03-04T15:07:45","guid":{"rendered":"https:\/\/www.signium.com\/?page_id=917"},"modified":"2024-09-26T12:29:06","modified_gmt":"2024-09-26T10:29:06","slug":"imprint","status":"publish","type":"page","link":"https:\/\/www.signium.com\/de\/imprint\/","title":{"rendered":"Impressum"},"content":{"rendered":"\n<h3 class=\"wp-block-heading\" id=\"h-verantwortlich-fur-die-website-signium-com-de-ist\" data-aos=\"fade-up\">Verantwortlich f\u00fcr die Website signium.com\/de ist:<\/h3>\n\n\n\n<p>Die WWPPND GmbH &amp; Co KG<br>am Markt auftretend als&nbsp;<strong>Signium<\/strong><br>K\u00f6nigsallee 63-65<br data-aos=\"fade-up\">40215 D\u00fcsseldorf<\/p>\n\n\n\n<p>E-Mail: <a href=\"mailto:frances.kelly@signium.de\" target=\"_blank\" rel=\"noreferrer noopener\">frances.kelly@signium.de<\/a> \/ <a href=\"mailto:carolin.fourie@signium.de\" target=\"_blank\" rel=\"noreferrer noopener\">carolin.fourie@signium.de<\/a data-aos=\"fade-up\"><\/p>\n\n\n\n<p data-aos=\"fade-up\">Gesch\u00e4ftsf\u00fchrerinnen: Frances Kelly, Carolin Fourie<\/p>\n\n\n\n<p>Sitz der Gesellschaft: D\u00fcsseldorf \u2013 Amtsgericht D\u00fcsseldorf: HRA 22128<br data-aos=\"fade-up\">USt.-ID: DE285243502<\/p>\n\n\n\n<p data-aos=\"fade-up\"><\/p>\n\n\n\n<p>Weitere Hinweise zum Datenschutz finden Sie <a href=\"https:\/\/www.signium.com\/de\/datenschutzerklaerung\/\"><strong>hier<\/strong><\/a data-aos=\"fade-up\">.<\/p>\n","protected":false},"excerpt":{"rendered":"<p>Verantwortlich f\u00fcr die Website signium.com\/de ist: Die WWPPND GmbH &amp; Co KGam Markt auftretend als&nbsp;SigniumK\u00f6nigsallee 63-6540215 D\u00fcsseldorf E-Mail: frances.kelly@signium.de \/ carolin.fourie@signium.de Gesch\u00e4ftsf\u00fchrerinnen: Frances Kelly, Carolin Fourie Sitz der Gesellschaft: D\u00fcsseldorf \u2013 Amtsgericht D\u00fcsseldorf: HRA 22128USt.-ID: DE285243502 Weitere Hinweise zum Datenschutz finden Sie hier.<\/p>\n","protected":false},"author":6,"featured_media":1775,"parent":0,"menu_order":0,"comment_status":"closed","ping_status":"closed","template":"","meta":{"footnotes":""},"acf":[],"yoast_head":"<!-- This site is optimized with the Yoast SEO Premium plugin v20.5 (Yoast SEO v20.5) - https:\/\/yoast.com\/wordpress\/plugins\/seo\/ -->\n<title>Impressum &ndash; Signium<\/title>\n<meta name=\"description\" content=\"Impressum. Die WWPPND GmbH &amp; Co KGam Markt auftretend als Signium. K\u00f6nigsallee 63-6540215 D\u00fcsseldorf. Gesch\u00e4ftsf\u00fchrerin: Angela Westdorf, Margareta Glass ..\" \/>\n<meta name=\"robots\" content=\"index, follow, max-snippet:-1, max-image-preview:large, max-video-preview:-1\" \/>\n<link rel=\"canonical\" href=\"https:\/\/www.signium.com\/de\/imprint\/\" \/>\n<meta property=\"og:locale\" content=\"de_DE\" \/>\n<meta property=\"og:type\" content=\"article\" \/>\n<meta property=\"og:title\" content=\"Impressum\" \/>\n<meta property=\"og:description\" content=\"Impressum. Die WWPPND GmbH &amp; Co KGam Markt auftretend als Signium. K\u00f6nigsallee 63-6540215 D\u00fcsseldorf. Gesch\u00e4ftsf\u00fchrerin: Angela Westdorf, Margareta Glass ..\" \/>\n<meta property=\"og:url\" content=\"https:\/\/www.signium.com\/de\/imprint\/\" \/>\n<meta property=\"og:site_name\" content=\"Signium\" \/>\n<meta property=\"article:modified_time\" content=\"2024-09-26T10:29:06+00:00\" \/>\n<meta property=\"og:image\" content=\"https:\/\/www.signium.com\/wp-content\/uploads\/2020\/03\/Duesseldorf-scaled.jpg\" \/>\n\t<meta property=\"og:image:width\" content=\"2560\" \/>\n\t<meta property=\"og:image:height\" content=\"1216\" \/>\n\t<meta property=\"og:image:type\" content=\"image\/jpeg\" \/>\n<meta name=\"twitter:card\" content=\"summary_large_image\" \/>\n<meta name=\"twitter:site\" content=\"@signiumspeaks\" \/>\n<meta name=\"twitter:label1\" content=\"Est. reading time\" \/>\n\t<meta name=\"twitter:data1\" content=\"1 minute\" \/>\n<script type=\"application\/ld+json\" class=\"yoast-schema-graph\">{\"@context\":\"https:\/\/schema.org\",\"@graph\":[{\"@type\":\"WebPage\",\"@id\":\"https:\/\/www.signium.com\/de\/imprint\/\",\"url\":\"https:\/\/www.signium.com\/de\/imprint\/\",\"name\":\"Impressum &ndash; Signium\",\"isPartOf\":{\"@id\":\"https:\/\/staging.signium.com\/#website\"},\"datePublished\":\"2020-03-04T15:07:45+00:00\",\"dateModified\":\"2024-09-26T10:29:06+00:00\",\"description\":\"Impressum. Die WWPPND GmbH & Co KGam Markt auftretend als Signium. K\u00f6nigsallee 63-6540215 D\u00fcsseldorf. Gesch\u00e4ftsf\u00fchrerin: Angela Westdorf, Margareta Glass ..\",\"breadcrumb\":{\"@id\":\"https:\/\/www.signium.com\/de\/imprint\/#breadcrumb\"},\"inLanguage\":\"de-DE\",\"potentialAction\":[{\"@type\":\"ReadAction\",\"target\":[\"https:\/\/www.signium.com\/de\/imprint\/\"]}]},{\"@type\":\"BreadcrumbList\",\"@id\":\"https:\/\/www.signium.com\/de\/imprint\/#breadcrumb\",\"itemListElement\":[{\"@type\":\"ListItem\",\"position\":1,\"name\":\"Home\",\"item\":\"https:\/\/www.signium.com\/de\/\"},{\"@type\":\"ListItem\",\"position\":2,\"name\":\"Impressum\"}]},{\"@type\":\"WebSite\",\"@id\":\"https:\/\/staging.signium.com\/#website\",\"url\":\"https:\/\/staging.signium.com\/\",\"name\":\"Signium\",\"description\":\"Global Executive Search and Leadership Consulting\",\"publisher\":{\"@id\":\"https:\/\/staging.signium.com\/#organization\"},\"potentialAction\":[{\"@type\":\"SearchAction\",\"target\":{\"@type\":\"EntryPoint\",\"urlTemplate\":\"https:\/\/staging.signium.com\/?s={search_term_string}\"},\"query-input\":\"required name=search_term_string\"}],\"inLanguage\":\"de-DE\"},{\"@type\":\"Organization\",\"@id\":\"https:\/\/staging.signium.com\/#organization\",\"name\":\"Signium\",\"url\":\"https:\/\/staging.signium.com\/\",\"logo\":{\"@type\":\"ImageObject\",\"inLanguage\":\"de-DE\",\"@id\":\"https:\/\/staging.signium.com\/#\/schema\/logo\/image\/\",\"url\":\"https:\/\/www.signium.com\/wp-content\/uploads\/2020\/05\/logo-darkblue.png\",\"contentUrl\":\"https:\/\/www.signium.com\/wp-content\/uploads\/2020\/05\/logo-darkblue.png\",\"width\":300,\"height\":66,\"caption\":\"Signium\"},\"image\":{\"@id\":\"https:\/\/staging.signium.com\/#\/schema\/logo\/image\/\"},\"sameAs\":[\"https:\/\/twitter.com\/signiumspeaks\",\"https:\/\/www.linkedin.com\/company\/signium\",\"https:\/\/www.youtube.com\/channel\/UC1mryZmvR40LptxwpsxMaiw\"]}]}<\/script>\n<!-- \/ Yoast SEO Premium plugin. -->","yoast_head_json":{"title":"Impressum &ndash; Signium","description":"Impressum. Die WWPPND GmbH & Co KGam Markt auftretend als Signium. K\u00f6nigsallee 63-6540215 D\u00fcsseldorf. Gesch\u00e4ftsf\u00fchrerin: Angela Westdorf, Margareta Glass ..","robots":{"index":"index","follow":"follow","max-snippet":"max-snippet:-1","max-image-preview":"max-image-preview:large","max-video-preview":"max-video-preview:-1"},"canonical":"https:\/\/www.signium.com\/de\/imprint\/","og_locale":"de_DE","og_type":"article","og_title":"Impressum","og_description":"Impressum. Die WWPPND GmbH & Co KGam Markt auftretend als Signium. K\u00f6nigsallee 63-6540215 D\u00fcsseldorf. Gesch\u00e4ftsf\u00fchrerin: Angela Westdorf, Margareta Glass ..","og_url":"https:\/\/www.signium.com\/de\/imprint\/","og_site_name":"Signium","article_modified_time":"2024-09-26T10:29:06+00:00","og_image":[{"width":2560,"height":1216,"url":"https:\/\/www.signium.com\/wp-content\/uploads\/2020\/03\/Duesseldorf-scaled.jpg","type":"image\/jpeg"}],"twitter_card":"summary_large_image","twitter_site":"@signiumspeaks","twitter_misc":{"Est. reading time":"1 minute"},"schema":{"@context":"https:\/\/schema.org","@graph":[{"@type":"WebPage","@id":"https:\/\/www.signium.com\/de\/imprint\/","url":"https:\/\/www.signium.com\/de\/imprint\/","name":"Impressum &ndash; Signium","isPartOf":{"@id":"https:\/\/staging.signium.com\/#website"},"datePublished":"2020-03-04T15:07:45+00:00","dateModified":"2024-09-26T10:29:06+00:00","description":"Impressum. Die WWPPND GmbH & Co KGam Markt auftretend als Signium. K\u00f6nigsallee 63-6540215 D\u00fcsseldorf. Gesch\u00e4ftsf\u00fchrerin: Angela Westdorf, Margareta Glass ..","breadcrumb":{"@id":"https:\/\/www.signium.com\/de\/imprint\/#breadcrumb"},"inLanguage":"de-DE","potentialAction":[{"@type":"ReadAction","target":["https:\/\/www.signium.com\/de\/imprint\/"]}]},{"@type":"BreadcrumbList","@id":"https:\/\/www.signium.com\/de\/imprint\/#breadcrumb","itemListElement":[{"@type":"ListItem","position":1,"name":"Home","item":"https:\/\/www.signium.com\/de\/"},{"@type":"ListItem","position":2,"name":"Impressum"}]},{"@type":"WebSite","@id":"https:\/\/staging.signium.com\/#website","url":"https:\/\/staging.signium.com\/","name":"Signium","description":"Global Executive Search and Leadership Consulting","publisher":{"@id":"https:\/\/staging.signium.com\/#organization"},"potentialAction":[{"@type":"SearchAction","target":{"@type":"EntryPoint","urlTemplate":"https:\/\/staging.signium.com\/?s={search_term_string}"},"query-input":"required name=search_term_string"}],"inLanguage":"de-DE"},{"@type":"Organization","@id":"https:\/\/staging.signium.com\/#organization","name":"Signium","url":"https:\/\/staging.signium.com\/","logo":{"@type":"ImageObject","inLanguage":"de-DE","@id":"https:\/\/staging.signium.com\/#\/schema\/logo\/image\/","url":"https:\/\/www.signium.com\/wp-content\/uploads\/2020\/05\/logo-darkblue.png","contentUrl":"https:\/\/www.signium.com\/wp-content\/uploads\/2020\/05\/logo-darkblue.png","width":300,"height":66,"caption":"Signium"},"image":{"@id":"https:\/\/staging.signium.com\/#\/schema\/logo\/image\/"},"sameAs":["https:\/\/twitter.com\/signiumspeaks","https:\/\/www.linkedin.com\/company\/signium","https:\/\/www.youtube.com\/channel\/UC1mryZmvR40LptxwpsxMaiw"]}]}},"_links":{"self":[{"href":"https:\/\/www.signium.com\/de\/wp-json\/wp\/v2\/pages\/917"}],"collection":[{"href":"https:\/\/www.signium.com\/de\/wp-json\/wp\/v2\/pages"}],"about":[{"href":"https:\/\/www.signium.com\/de\/wp-json\/wp\/v2\/types\/page"}],"author":[{"embeddable":true,"href":"https:\/\/www.signium.com\/de\/wp-json\/wp\/v2\/users\/6"}],"replies":[{"embeddable":true,"href":"https:\/\/www.signium.com\/de\/wp-json\/wp\/v2\/comments?post=917"}],"version-history":[{"count":13,"href":"https:\/\/www.signium.com\/de\/wp-json\/wp\/v2\/pages\/917\/revisions"}],"predecessor-version":[{"id":10519,"href":"https:\/\/www.signium.com\/de\/wp-json\/wp\/v2\/pages\/917\/revisions\/10519"}],"wp:featuredmedia":[{"embeddable":true,"href":"https:\/\/www.signium.com\/de\/wp-json\/wp\/v2\/media\/1775"}],"wp:attachment":[{"href":"https:\/\/www.signium.com\/de\/wp-json\/wp\/v2\/media?parent=917"}],"curies":[{"name":"wp","href":"https:\/\/api.w.org\/{rel}","templated":true}]}}