{"id":921,"date":"2020-03-04T09:08:10","date_gmt":"2020-03-04T09:08:10","guid":{"rendered":"https:\/\/www.signium.com\/?page_id=921"},"modified":"2024-04-12T23:18:19","modified_gmt":"2024-04-12T21:18:19","slug":"our-industries","status":"publish","type":"page","link":"https:\/\/www.signium.com\/de\/our-industries\/","title":{"rendered":"Branchen"},"content":{"rendered":"\n<h2 class=\"wp-block-heading\" id=\"h-wir-bieten-managementerfahrung-branchen-know-how-und-belastbare-kontaktnetzwerke\" data-aos=\"fade-up\">Wir bieten Managementerfahrung, Branchen-Know-how und belastbare Kontaktnetzwerke<\/h2>\n\n\n\n<p data-aos=\"fade-up\">Signium steht f\u00fcr exzellente Personalberatung in vielen Industrien. Wir suchen und platzieren die am besten passenden F\u00fchrungskr\u00e4fte f\u00fcr die wichtigsten Management Positionen. Mittelst\u00e4ndische Unternehmen wie b\u00f6rsennotierte Konzerne sch\u00e4tzen die Marktkenntnis und Beratungskompetenz unserer Partner \u2013 in den wirtschaftlich bedeutsamen Branchen.<\/p>\n\n\n\n<h3 class=\"wp-block-heading\" data-aos=\"fade-up\">Personalberater mit individueller Branchenkompetenz<\/h3>\n\n\n\n<p data-aos=\"fade-up\">Unsere Berater im Executive Search besitzen eine ausgewiesene Expertise in ihren jeweiligen Bereichen und Branchen. Durch ihre jahrelange Beratungs- und Managementerfahrung sind sie vertraut mit Wettbewerbsbedingungen und Anforderungen an F\u00fchrungskr\u00e4fte.<\/p>\n\n\n\n<p data-aos=\"fade-up\">Wir kennen und verstehen die wichtigen Zukunftsthemen unserer Klienten und Kandidaten. Und das seit Jahrzehnten. Unsere Berater pflegen enge und langj\u00e4hrige Beziehungen, sind Beobachter und Experten ihrer Branchen mit \u00fcberwiegend mehr als 20 Jahren Erfahrung in Industrie und Beratung.<\/p>\n\n\n\n<h3 class=\"wp-block-heading\" data-aos=\"fade-up\">Wir suchen und besetzen die Besten Ihrer Branche<\/h3>\n\n\n\n<p data-aos=\"fade-up\">Derzeit und wohl auch in Zukunft befindet sich die \u00d6konomie in einem \u201eKandidatenmarkt\u201c. Es fehlt an qualifizierten F\u00fchrungskr\u00e4ften, dies f\u00fchrt zu einem ausgepr\u00e4gten Wettbewerb um Management-Talente mit einschl\u00e4giger Erfahrung. Wir finden und platzieren die F\u00fchrungskr\u00e4fte, die zu den Besten z\u00e4hlen und Ihr Unternehmen nachhaltig zum Erfolg f\u00fchren.<\/p>\n\n\n\n<p data-aos=\"fade-up\">Zusammen mit unseren internationalen Partnern in der globalen Partnerschaft von Signium verf\u00fcgen wir \u00fcber ein umfangreiches Netzwerk an Klienten und Kandidaten.<\/p>\n\n\n\n<div class=\"wp-block-columns is-layout-flex wp-container-core-columns-layout-1 wp-block-columns-is-layout-flex\">\n<div class=\"wp-block-column is-layout-flow wp-block-column-is-layout-flow\" data-aos=\"fade-up\"><\/div>\n\n\n\n<div class=\"wp-block-column is-layout-flow wp-block-column-is-layout-flow\" data-aos=\"fade-up\"><\/div>\n<\/div>\n","protected":false},"excerpt":{"rendered":"<p>Wir bieten Managementerfahrung, Branchen-Know-how und belastbare Kontaktnetzwerke Signium steht f\u00fcr exzellente Personalberatung in vielen Industrien. Wir suchen und platzieren die am besten passenden F\u00fchrungskr\u00e4fte f\u00fcr die wichtigsten Management Positionen. Mittelst\u00e4ndische Unternehmen wie b\u00f6rsennotierte Konzerne sch\u00e4tzen die Marktkenntnis und Beratungskompetenz unserer Partner \u2013 in den wirtschaftlich bedeutsamen Branchen. Personalberater mit individueller Branchenkompetenz Unsere Berater im Executive [&hellip;]<\/p>\n","protected":false},"author":1,"featured_media":9278,"parent":0,"menu_order":0,"comment_status":"closed","ping_status":"closed","template":"page-templates\/page-template-industries.php","meta":{"footnotes":""},"acf":[],"yoast_head":"<!-- This site is optimized with the Yoast SEO Premium plugin v20.5 (Yoast SEO v20.5) - https:\/\/yoast.com\/wordpress\/plugins\/seo\/ -->\n<title>Branchen &ndash; Signium<\/title>\n<meta name=\"description\" content=\"Wir helfen Unternehmen in den unterschiedlichsten Branchen, das Management erstklassig zu besetzen und so den Unternehmenserfolg nachhaltig zu sichern.\" \/>\n<meta name=\"robots\" content=\"index, follow, max-snippet:-1, max-image-preview:large, max-video-preview:-1\" \/>\n<link rel=\"canonical\" href=\"https:\/\/www.signium.com\/de\/our-industries\/\" \/>\n<meta property=\"og:locale\" content=\"de_DE\" \/>\n<meta property=\"og:type\" content=\"article\" \/>\n<meta property=\"og:title\" content=\"Branchen\" \/>\n<meta property=\"og:description\" content=\"Wir helfen Unternehmen in den unterschiedlichsten Branchen, das Management erstklassig zu besetzen und so den Unternehmenserfolg nachhaltig zu sichern.\" \/>\n<meta property=\"og:url\" content=\"https:\/\/www.signium.com\/de\/our-industries\/\" \/>\n<meta property=\"og:site_name\" content=\"Signium\" \/>\n<meta property=\"article:modified_time\" content=\"2024-04-12T21:18:19+00:00\" \/>\n<meta property=\"og:image\" content=\"https:\/\/www.signium.com\/wp-content\/uploads\/2024\/04\/Signium_Industries_1920x900-1-e1712067817549.jpg\" \/>\n\t<meta property=\"og:image:width\" content=\"1920\" \/>\n\t<meta property=\"og:image:height\" content=\"900\" \/>\n\t<meta property=\"og:image:type\" content=\"image\/jpeg\" \/>\n<meta name=\"twitter:card\" content=\"summary_large_image\" \/>\n<meta name=\"twitter:site\" content=\"@signiumspeaks\" \/>\n<meta name=\"twitter:label1\" content=\"Est. reading time\" \/>\n\t<meta name=\"twitter:data1\" content=\"1 minute\" \/>\n<script type=\"application\/ld+json\" class=\"yoast-schema-graph\">{\"@context\":\"https:\/\/schema.org\",\"@graph\":[{\"@type\":\"WebPage\",\"@id\":\"https:\/\/www.signium.com\/de\/our-industries\/\",\"url\":\"https:\/\/www.signium.com\/de\/our-industries\/\",\"name\":\"Branchen &ndash; Signium\",\"isPartOf\":{\"@id\":\"https:\/\/staging.signium.com\/#website\"},\"datePublished\":\"2020-03-04T09:08:10+00:00\",\"dateModified\":\"2024-04-12T21:18:19+00:00\",\"description\":\"Wir helfen Unternehmen in den unterschiedlichsten Branchen, das Management erstklassig zu besetzen und so den Unternehmenserfolg nachhaltig zu sichern.\",\"breadcrumb\":{\"@id\":\"https:\/\/www.signium.com\/de\/our-industries\/#breadcrumb\"},\"inLanguage\":\"de-DE\",\"potentialAction\":[{\"@type\":\"ReadAction\",\"target\":[\"https:\/\/www.signium.com\/de\/our-industries\/\"]}]},{\"@type\":\"BreadcrumbList\",\"@id\":\"https:\/\/www.signium.com\/de\/our-industries\/#breadcrumb\",\"itemListElement\":[{\"@type\":\"ListItem\",\"position\":1,\"name\":\"Home\",\"item\":\"https:\/\/www.signium.com\/de\/\"},{\"@type\":\"ListItem\",\"position\":2,\"name\":\"Branchen\"}]},{\"@type\":\"WebSite\",\"@id\":\"https:\/\/staging.signium.com\/#website\",\"url\":\"https:\/\/staging.signium.com\/\",\"name\":\"Signium\",\"description\":\"Global Executive Search and Leadership Consulting\",\"publisher\":{\"@id\":\"https:\/\/staging.signium.com\/#organization\"},\"potentialAction\":[{\"@type\":\"SearchAction\",\"target\":{\"@type\":\"EntryPoint\",\"urlTemplate\":\"https:\/\/staging.signium.com\/?s={search_term_string}\"},\"query-input\":\"required name=search_term_string\"}],\"inLanguage\":\"de-DE\"},{\"@type\":\"Organization\",\"@id\":\"https:\/\/staging.signium.com\/#organization\",\"name\":\"Signium\",\"url\":\"https:\/\/staging.signium.com\/\",\"logo\":{\"@type\":\"ImageObject\",\"inLanguage\":\"de-DE\",\"@id\":\"https:\/\/staging.signium.com\/#\/schema\/logo\/image\/\",\"url\":\"https:\/\/www.signium.com\/wp-content\/uploads\/2020\/05\/logo-darkblue.png\",\"contentUrl\":\"https:\/\/www.signium.com\/wp-content\/uploads\/2020\/05\/logo-darkblue.png\",\"width\":300,\"height\":66,\"caption\":\"Signium\"},\"image\":{\"@id\":\"https:\/\/staging.signium.com\/#\/schema\/logo\/image\/\"},\"sameAs\":[\"https:\/\/twitter.com\/signiumspeaks\",\"https:\/\/www.linkedin.com\/company\/signium\",\"https:\/\/www.youtube.com\/channel\/UC1mryZmvR40LptxwpsxMaiw\"]}]}<\/script>\n<!-- \/ Yoast SEO Premium plugin. -->","yoast_head_json":{"title":"Branchen &ndash; Signium","description":"Wir helfen Unternehmen in den unterschiedlichsten Branchen, das Management erstklassig zu besetzen und so den Unternehmenserfolg nachhaltig zu sichern.","robots":{"index":"index","follow":"follow","max-snippet":"max-snippet:-1","max-image-preview":"max-image-preview:large","max-video-preview":"max-video-preview:-1"},"canonical":"https:\/\/www.signium.com\/de\/our-industries\/","og_locale":"de_DE","og_type":"article","og_title":"Branchen","og_description":"Wir helfen Unternehmen in den unterschiedlichsten Branchen, das Management erstklassig zu besetzen und so den Unternehmenserfolg nachhaltig zu sichern.","og_url":"https:\/\/www.signium.com\/de\/our-industries\/","og_site_name":"Signium","article_modified_time":"2024-04-12T21:18:19+00:00","og_image":[{"width":1920,"height":900,"url":"https:\/\/www.signium.com\/wp-content\/uploads\/2024\/04\/Signium_Industries_1920x900-1-e1712067817549.jpg","type":"image\/jpeg"}],"twitter_card":"summary_large_image","twitter_site":"@signiumspeaks","twitter_misc":{"Est. reading time":"1 minute"},"schema":{"@context":"https:\/\/schema.org","@graph":[{"@type":"WebPage","@id":"https:\/\/www.signium.com\/de\/our-industries\/","url":"https:\/\/www.signium.com\/de\/our-industries\/","name":"Branchen &ndash; Signium","isPartOf":{"@id":"https:\/\/staging.signium.com\/#website"},"datePublished":"2020-03-04T09:08:10+00:00","dateModified":"2024-04-12T21:18:19+00:00","description":"Wir helfen Unternehmen in den unterschiedlichsten Branchen, das Management erstklassig zu besetzen und so den Unternehmenserfolg nachhaltig zu sichern.","breadcrumb":{"@id":"https:\/\/www.signium.com\/de\/our-industries\/#breadcrumb"},"inLanguage":"de-DE","potentialAction":[{"@type":"ReadAction","target":["https:\/\/www.signium.com\/de\/our-industries\/"]}]},{"@type":"BreadcrumbList","@id":"https:\/\/www.signium.com\/de\/our-industries\/#breadcrumb","itemListElement":[{"@type":"ListItem","position":1,"name":"Home","item":"https:\/\/www.signium.com\/de\/"},{"@type":"ListItem","position":2,"name":"Branchen"}]},{"@type":"WebSite","@id":"https:\/\/staging.signium.com\/#website","url":"https:\/\/staging.signium.com\/","name":"Signium","description":"Global Executive Search and Leadership Consulting","publisher":{"@id":"https:\/\/staging.signium.com\/#organization"},"potentialAction":[{"@type":"SearchAction","target":{"@type":"EntryPoint","urlTemplate":"https:\/\/staging.signium.com\/?s={search_term_string}"},"query-input":"required name=search_term_string"}],"inLanguage":"de-DE"},{"@type":"Organization","@id":"https:\/\/staging.signium.com\/#organization","name":"Signium","url":"https:\/\/staging.signium.com\/","logo":{"@type":"ImageObject","inLanguage":"de-DE","@id":"https:\/\/staging.signium.com\/#\/schema\/logo\/image\/","url":"https:\/\/www.signium.com\/wp-content\/uploads\/2020\/05\/logo-darkblue.png","contentUrl":"https:\/\/www.signium.com\/wp-content\/uploads\/2020\/05\/logo-darkblue.png","width":300,"height":66,"caption":"Signium"},"image":{"@id":"https:\/\/staging.signium.com\/#\/schema\/logo\/image\/"},"sameAs":["https:\/\/twitter.com\/signiumspeaks","https:\/\/www.linkedin.com\/company\/signium","https:\/\/www.youtube.com\/channel\/UC1mryZmvR40LptxwpsxMaiw"]}]}},"_links":{"self":[{"href":"https:\/\/www.signium.com\/de\/wp-json\/wp\/v2\/pages\/921"}],"collection":[{"href":"https:\/\/www.signium.com\/de\/wp-json\/wp\/v2\/pages"}],"about":[{"href":"https:\/\/www.signium.com\/de\/wp-json\/wp\/v2\/types\/page"}],"author":[{"embeddable":true,"href":"https:\/\/www.signium.com\/de\/wp-json\/wp\/v2\/users\/1"}],"replies":[{"embeddable":true,"href":"https:\/\/www.signium.com\/de\/wp-json\/wp\/v2\/comments?post=921"}],"version-history":[{"count":21,"href":"https:\/\/www.signium.com\/de\/wp-json\/wp\/v2\/pages\/921\/revisions"}],"predecessor-version":[{"id":9017,"href":"https:\/\/www.signium.com\/de\/wp-json\/wp\/v2\/pages\/921\/revisions\/9017"}],"wp:featuredmedia":[{"embeddable":true,"href":"https:\/\/www.signium.com\/de\/wp-json\/wp\/v2\/media\/9278"}],"wp:attachment":[{"href":"https:\/\/www.signium.com\/de\/wp-json\/wp\/v2\/media?parent=921"}],"curies":[{"name":"wp","href":"https:\/\/api.w.org\/{rel}","templated":true}]}}