{"id":971,"date":"2020-03-04T10:08:09","date_gmt":"2020-03-04T10:08:09","guid":{"rendered":"https:\/\/www.signium.com\/?page_id=971"},"modified":"2026-04-10T22:42:06","modified_gmt":"2026-04-10T20:42:06","slug":"about-us-de","status":"publish","type":"page","link":"https:\/\/www.signium.com\/de\/about-us-de\/","title":{"rendered":"\u00dcber uns"},"content":{"rendered":"\n<h2 class=\"wp-block-heading\">Signium Deutschland<\/h2>\n\n\n\n<div class=\"wp-block-columns is-layout-flex wp-container-core-columns-layout-1 wp-block-columns-is-layout-flex\">\n<div class=\"wp-block-column is-layout-flow wp-block-column-is-layout-flow\">\n<p>Wir sind eine Personalberatung mit Spezialisierung auf <a href=\"https:\/\/www.signium.com\/de\/service\/executive-search\/\" target=\"_blank\" rel=\"noreferrer noopener\"><strong>Executive Search<\/strong><\/a>,<strong> <a href=\"https:\/\/www.signium.com\/de\/service\/executive-interim-management\/\" target=\"_blank\" rel=\"noreferrer noopener\">Executive Interim Management <\/a><\/strong>und <a href=\"https:\/\/www.signium.com\/de\/service\/leadership-consulting\/\" target=\"_blank\" rel=\"noreferrer noopener\"><strong>Leadership Consulting<\/strong><\/a>. Wir begleiten und beraten unsere Klienten seit mehr als 70 Jahren. Die Suche, Auswahl und Besetzung der besten F\u00fchrungskr\u00e4fte f\u00fcr entscheidende Positionen, das ist unsere Profession.<\/p>\n\n\n\n<p>Unser Team z\u00e4hlt 11 Managing Partner an den Standorten <a href=\"https:\/\/www.signium.com\/de\/standort\/cologne\/\" target=\"_blank\" rel=\"noreferrer noopener\"><strong>K\u00f6ln<\/strong><\/a>, <a href=\"https:\/\/www.signium.com\/de\/standort\/dusseldorf\/\" target=\"_blank\" rel=\"noreferrer noopener\"><strong>D\u00fcsseldorf<\/strong><\/a>, <a href=\"https:\/\/www.signium.com\/de\/standort\/frankfurt\/\" target=\"_blank\" rel=\"noreferrer noopener\"><strong>Frankfurt<\/strong> <\/a>und <a href=\"https:\/\/www.signium.com\/de\/standort\/munich\/\" target=\"_blank\" rel=\"noreferrer noopener\"><strong>M\u00fcnchen<\/strong><\/a>. Was uns gemeinsam auszeichnet ist unsere Spezialisierung. Jeder von uns ist fokussiert auf unterschiedliche Branchen und Funktionen. Wir sind \u00fcber viele Jahre etablierte Partner von Konzernen und mittelst\u00e4ndischen Unternehmen. Die M\u00e4rkte und Anforderungen unserer Kunden sind uns vertraut. Gemeinsam mit unseren Researchern verf\u00fcgen wir \u00fcber ein gewachsenes und belastbares Netzwerk an Kandidaten und Klienten auf nationaler und internationaler Ebene.<\/p>\n\n\n\n<hr class=\"wp-block-separator has-alpha-channel-opacity\"\/>\n<\/div>\n<\/div>\n\n\n\n<div class=\"wp-block-columns is-layout-flex wp-container-core-columns-layout-2 wp-block-columns-is-layout-flex\">\n<div class=\"wp-block-column is-layout-flow wp-block-column-is-layout-flow\" style=\"flex-basis:50%\">\n<h4 class=\"wp-block-heading\" id=\"h-unsere-tradition\">Unsere Tradition<\/h4>\n\n\n\n<h2 class=\"wp-block-heading\" id=\"h-wir-pragen-die-branche-seit-uber-70-jahren\">Wir pr\u00e4gen die Branche seit \u00fcber 70 Jahren<\/h2>\n\n\n\n<p>Signium z\u00e4hlt mit 116 Beratern und 46 B\u00fcros weltweit zu den wichtigsten Vertretern der Branche. Gegr\u00fcndet 1951 von Ward Howell, ehemaliger McKinsey-Partner, sind Unternehmertum und Innovation in unserer DNA. Als Mitbegr\u00fcnder der Association of Executive Search and Leadership Consultants \u2013 <a href=\"https:\/\/www.aesc.org\/\" target=\"_blank\" rel=\"noreferrer noopener\"><strong>AESC<\/strong><\/a> \u2013 gestalten wir die Entwicklung unserer Branche weiterhin aktiv mit.<\/p>\n<\/div>\n\n\n\n<div class=\"wp-block-column is-layout-flow wp-block-column-is-layout-flow\" style=\"flex-basis:50%\"><div class=\"wp-block-image\">\n<figure class=\"aligncenter size-large is-resized\"><a href=\"https:\/\/www.aesc.org\/\" target=\"_blank\" rel=\"noreferrer noopener\"><img loading=\"lazy\" decoding=\"async\" width=\"700\" height=\"236\" src=\"https:\/\/www.signium.com\/wp-content\/uploads\/2020\/03\/aesc_logo_opt-700x236.jpg\" alt=\"\" class=\"wp-image-2061\" style=\"width:350px;height:auto\" srcset=\"https:\/\/www.signium.com\/wp-content\/uploads\/2020\/03\/aesc_logo_opt-700x236.jpg 700w, https:\/\/www.signium.com\/wp-content\/uploads\/2020\/03\/aesc_logo_opt-250x84.jpg 250w, https:\/\/www.signium.com\/wp-content\/uploads\/2020\/03\/aesc_logo_opt-768x259.jpg 768w, https:\/\/www.signium.com\/wp-content\/uploads\/2020\/03\/aesc_logo_opt-1536x518.jpg 1536w, https:\/\/www.signium.com\/wp-content\/uploads\/2020\/03\/aesc_logo_opt-2048x690.jpg 2048w, https:\/\/www.signium.com\/wp-content\/uploads\/2020\/03\/aesc_logo_opt-120x40.jpg 120w\" sizes=\"(max-width: 700px) 100vw, 700px\" data-aos=\"fade-up\"\/><\/a><\/figure><\/div><\/div>\n<\/div>\n\n\n\n<p>Doch wir ruhen uns nicht auf unserer Reputation aus. Wir setzen auf jeden einzelnen unserer Partner und die ma\u00dfgeschneiderte Beratung, die wir Ihnen bieten. Unser Credo: Nicht die Marke \u00fcberzeugt unsere Klienten \u2013 sondern die Pers\u00f6nlichkeiten, die die Marke verk\u00f6rpern.<\/p>\n\n\n\n<p>Lernen Sie <a href=\"https:\/\/www.signium.com\/de\/our-people\/\" target=\"_blank\" rel=\"noreferrer noopener\"><strong>unser Team<\/strong><\/a> kennen.<\/p>\n\n\n\n<hr class=\"wp-block-separator has-alpha-channel-opacity\"\/>\n\n\n\n<div class=\"wp-block-columns is-layout-flex wp-container-core-columns-layout-3 wp-block-columns-is-layout-flex\">\n<div class=\"wp-block-column is-layout-flow wp-block-column-is-layout-flow\">\n<h4 class=\"wp-block-heading\" id=\"h-unser-beratungsansatz\">Unser Beratungsansatz<\/h4>\n\n\n\n<h2 class=\"wp-block-heading\" id=\"h-passion-for-people\">Passion for People<\/h2>\n\n\n\n<p>Wir sind Berater, die ihren Beruf mit fundierter Expertise verstehen und mit Leidenschaft aus\u00fcben. Unsere Berufung sind Sie. Wir haben den Blick und das Gesp\u00fcr daf\u00fcr, was Sie auszeichnet und zu den Besten macht. Denn \u201ePeople Business\u201c ist f\u00fcr uns kein leerer Slogan: Wir begleiten Menschen, identifizieren und f\u00f6rdern Potenziale mit dem Fokus auf Pers\u00f6nlichkeit, die entscheidend f\u00fcr gute und zeitgem\u00e4\u00dfe F\u00fchrung ist.<\/p>\n\n\n\n<p>Das ist es, was wir unseren Kunden und Kandidaten bieten: Wir sind Beraterpers\u00f6nlichkeiten und Unternehmer mit einschl\u00e4gigem Erfahrungshintergrund. Wir verstehen die Perspektiven von Inhabern, Gesch\u00e4ftsf\u00fchrern und Vorst\u00e4nden. Wir wissen, wie wichtig es ist, als F\u00fchrungskraft Charakter zu beweisen, Pers\u00f6nlichkeit zu zeigen, und daf\u00fcr auch mal in den \u201eMaschinenraum\u201c zu steigen.<\/p>\n<\/div>\n\n\n\n<div class=\"wp-block-column is-layout-flow wp-block-column-is-layout-flow\"><div class=\"wp-block-image\">\n<figure class=\"aligncenter size-large is-resized\"><img loading=\"lazy\" decoding=\"async\" width=\"700\" height=\"393\" src=\"https:\/\/www.signium.com\/wp-content\/uploads\/2018\/11\/cover-news_executive-search-700x393.jpg\" alt=\"Executive-Search im Boom\" class=\"wp-image-1618\" style=\"width:425px;height:425px\" srcset=\"https:\/\/www.signium.com\/wp-content\/uploads\/2018\/11\/cover-news_executive-search-700x393.jpg 700w, https:\/\/www.signium.com\/wp-content\/uploads\/2018\/11\/cover-news_executive-search-250x141.jpg 250w, https:\/\/www.signium.com\/wp-content\/uploads\/2018\/11\/cover-news_executive-search-768x432.jpg 768w, https:\/\/www.signium.com\/wp-content\/uploads\/2018\/11\/cover-news_executive-search-120x67.jpg 120w, https:\/\/www.signium.com\/wp-content\/uploads\/2018\/11\/cover-news_executive-search.jpg 1103w\" sizes=\"(max-width: 700px) 100vw, 700px\" data-aos=\"fade-up\"\/><\/figure><\/div><\/div>\n<\/div>\n\n\n\n<hr class=\"wp-block-separator has-alpha-channel-opacity\"\/>\n\n\n\n<div class=\"wp-block-columns is-layout-flex wp-container-core-columns-layout-4 wp-block-columns-is-layout-flex\">\n<div class=\"wp-block-column is-layout-flow wp-block-column-is-layout-flow\"><div class=\"wp-block-image\">\n<figure class=\"aligncenter size-large is-resized\"><img loading=\"lazy\" decoding=\"async\" width=\"700\" height=\"649\" src=\"https:\/\/www.signium.com\/wp-content\/uploads\/2020\/02\/43-2-700x649.jpg\" alt=\"\" class=\"wp-image-604\" style=\"width:425px;height:425px\" srcset=\"https:\/\/www.signium.com\/wp-content\/uploads\/2020\/02\/43-2-700x649.jpg 700w, https:\/\/www.signium.com\/wp-content\/uploads\/2020\/02\/43-2-250x232.jpg 250w, https:\/\/www.signium.com\/wp-content\/uploads\/2020\/02\/43-2-768x712.jpg 768w, https:\/\/www.signium.com\/wp-content\/uploads\/2020\/02\/43-2-120x111.jpg 120w, https:\/\/www.signium.com\/wp-content\/uploads\/2020\/02\/43-2.jpg 1072w\" sizes=\"(max-width: 700px) 100vw, 700px\" data-aos=\"fade-up\"\/><\/figure><\/div><\/div>\n\n\n\n<div class=\"wp-block-column is-layout-flow wp-block-column-is-layout-flow\">\n<h4 class=\"wp-block-heading\" id=\"h-unser-beratungsanspruch\">Unser Beratungsanspruch<\/h4>\n\n\n\n<h2 class=\"wp-block-heading\" id=\"h-driven-by-excellence\">Driven by Excellence<\/h2>\n\n\n\n<p>Wir stellen hohe Anspr\u00fcche an uns, an unsere Leistung und an unsere Ergebnisse. Nur so k\u00f6nnen wir Unternehmen und Kandidaten in diesen herausfordernden Zeiten ad\u00e4quat begleiten.<\/p>\n\n\n\n<p>Unser Gesch\u00e4ftsmodell ist unternehmerisch gepr\u00e4gt. Jeder unserer Partner agiert flexibel, schnell und unabh\u00e4ngig auf globaler Ebene, als Teil der globalen Signium.<\/p>\n<\/div>\n<\/div>\n\n\n\n<hr class=\"wp-block-separator has-alpha-channel-opacity\"\/>\n\n\n\n<div class=\"wp-block-media-text has-media-on-the-right is-stacked-on-mobile\"><div class=\"wp-block-media-text__content\">\n<h4 class=\"wp-block-heading\" id=\"h-unser-beratungsfokus\">Unser Beratungsfokus<\/h4>\n\n\n\n<h2 class=\"wp-block-heading\">Focused on You<\/h2>\n\n\n\n<p>Sie sind f\u00fcr uns das Ma\u00dfgebliche: Unternehmen, die unter Wettbewerbsdruck stehen und sich behaupten, mehr wollen und mehr k\u00f6nnen. Kandidaten, die mit ihrer Kompetenz unseren Klienten helfen, ihre Ziele zu erreichen. Was es daf\u00fcr braucht: Den optimalen Fit. Mit weniger geben wir uns nicht zufrieden.<\/p>\n\n\n\n<p>Und den finden wir vor allem mit einem: Gewissenhaftigkeit. Sie ist die Basis, um Unternehmen und Kandidaten richtig zu erfassen, ihre Anforderungen und M\u00f6glichkeiten zu verstehen.<\/p>\n<\/div><figure class=\"wp-block-media-text__media\"><img loading=\"lazy\" decoding=\"async\" width=\"700\" height=\"467\" src=\"https:\/\/www.signium.com\/wp-content\/uploads\/2024\/03\/Signium-Partner-Karriere-in-der-Beratung-Hellmuth-Wolf-700x467.jpg\" alt=\"Signium - Partner-Karriere in der Beratung (Hellmuth Wolf)\" class=\"wp-image-8976 size-full\" srcset=\"https:\/\/www.signium.com\/wp-content\/uploads\/2024\/03\/Signium-Partner-Karriere-in-der-Beratung-Hellmuth-Wolf-700x467.jpg 700w, https:\/\/www.signium.com\/wp-content\/uploads\/2024\/03\/Signium-Partner-Karriere-in-der-Beratung-Hellmuth-Wolf-250x167.jpg 250w, https:\/\/www.signium.com\/wp-content\/uploads\/2024\/03\/Signium-Partner-Karriere-in-der-Beratung-Hellmuth-Wolf-768x512.jpg 768w, https:\/\/www.signium.com\/wp-content\/uploads\/2024\/03\/Signium-Partner-Karriere-in-der-Beratung-Hellmuth-Wolf-1536x1024.jpg 1536w, https:\/\/www.signium.com\/wp-content\/uploads\/2024\/03\/Signium-Partner-Karriere-in-der-Beratung-Hellmuth-Wolf-2048x1366.jpg 2048w, https:\/\/www.signium.com\/wp-content\/uploads\/2024\/03\/Signium-Partner-Karriere-in-der-Beratung-Hellmuth-Wolf-120x80.jpg 120w\" sizes=\"(max-width: 700px) 100vw, 700px\" data-aos=\"fade-up\"\/><\/figure><\/div>\n\n\n\n<hr class=\"wp-block-separator has-alpha-channel-opacity\"\/>\n\n\n\n<div class=\"wp-block-group is-vertical is-layout-flex wp-container-core-group-layout-1 wp-block-group-is-layout-flex\">\n<p>Mittelst\u00e4ndler, Konzern, Startup: Wir kennen den Wettbewerb und die Marktdynamik in Ihrer Branche. Wir wissen um die Entscheidungsstrukturen und F\u00fchrungsanforderungen, die Ihren Gesch\u00e4ftserfolg ma\u00dfgeblich beeinflussen. Wachstum, Weiterentwicklung, Transformation und Change-Management: Wir finden mit ma\u00dfgeschneiderten L\u00f6sungen die optimalen F\u00fchrungskr\u00e4fte f\u00fcr Ihre anstehenden Aufgaben.<\/p>\n\n\n\n<p>Entscheider auf C-Level und Advisory Boards: Wir sind Ihr Berater und Begleiter auf dem Weg zu Ihrem Ziel.<\/p>\n\n\n\n<p>\u00dcberzeugen Sie sich von <a href=\"https:\/\/www.signium.com\/de\/about-our-services\/\" target=\"_blank\" rel=\"noreferrer noopener\"><strong>unserer Beratungsleistung<\/strong><\/a>.<\/p>\n\n\n\n<hr class=\"wp-block-separator has-alpha-channel-opacity\"\/>\n\n\n\n<hr class=\"wp-block-separator has-alpha-channel-opacity\"\/>\n<\/div>\n\n\n\n<hr class=\"wp-block-separator has-alpha-channel-opacity\"\/>\n\n\n\n<h3 class=\"wp-block-heading\">Gender Disclaimer<\/h3>\n\n\n\n<p>Auf unserer Website werden Bezeichnungen von Personen sowie Substantive, die sich auf Personen beziehen, nicht gegendert. Vielfalt ist f\u00fcr unsere keine Frage von Formulierungen oder einer Quote, sondern integraler Bestandteil unserer Profession. Wir suchen und besetzen die Kandidatinnen und Kandidaten, die aufgrund ihrer individuellen Pers\u00f6nlichkeit und Kompetenzen am besten zum Unternehmen passen.<\/p>\n","protected":false},"excerpt":{"rendered":"<p>Signium Deutschland Wir sind eine Personalberatung mit Spezialisierung auf Executive Search, Executive Interim Management und Leadership Consulting. Wir begleiten und beraten unsere Klienten seit mehr als 70 Jahren. Die Suche, Auswahl und Besetzung der besten F\u00fchrungskr\u00e4fte f\u00fcr entscheidende Positionen, das ist unsere Profession. Unser Team z\u00e4hlt 11 Managing Partner an den Standorten K\u00f6ln, D\u00fcsseldorf, Frankfurt [&hellip;]<\/p>\n","protected":false},"author":1,"featured_media":9306,"parent":0,"menu_order":0,"comment_status":"closed","ping_status":"closed","template":"page-templates\/page-template-about.php","meta":{"footnotes":""},"acf":[],"yoast_head":"<!-- This site is optimized with the Yoast SEO Premium plugin v20.5 (Yoast SEO v20.5) - https:\/\/yoast.com\/wordpress\/plugins\/seo\/ -->\n<title>\u00dcber uns &ndash; Signium<\/title>\n<meta name=\"description\" content=\"Unsere Profession: Unternehmen zum Erfolg f\u00fchren - wieder und wieder. Unser Selbstverst\u00e4ndnis: L\u00f6sungen, die nicht ungef\u00e4hr passen sondern haargenau.\" \/>\n<meta name=\"robots\" content=\"index, follow, max-snippet:-1, max-image-preview:large, max-video-preview:-1\" \/>\n<link rel=\"canonical\" href=\"https:\/\/www.signium.com\/de\/about-us-de\/\" \/>\n<meta property=\"og:locale\" content=\"de_DE\" \/>\n<meta property=\"og:type\" content=\"article\" \/>\n<meta property=\"og:title\" content=\"\u00dcber uns\" \/>\n<meta property=\"og:description\" content=\"Unsere Profession: Unternehmen zum Erfolg f\u00fchren - wieder und wieder. Unser Selbstverst\u00e4ndnis: L\u00f6sungen, die nicht ungef\u00e4hr passen sondern haargenau.\" \/>\n<meta property=\"og:url\" content=\"https:\/\/www.signium.com\/de\/about-us-de\/\" \/>\n<meta property=\"og:site_name\" content=\"Signium\" \/>\n<meta property=\"article:modified_time\" content=\"2026-04-10T20:42:06+00:00\" \/>\n<meta property=\"og:image\" content=\"https:\/\/www.signium.com\/wp-content\/uploads\/2024\/04\/Signium_News_Resources_1920x900-kopiera-1-e1712068179229.jpg\" \/>\n\t<meta property=\"og:image:width\" content=\"1920\" \/>\n\t<meta property=\"og:image:height\" content=\"900\" \/>\n\t<meta property=\"og:image:type\" content=\"image\/jpeg\" \/>\n<meta name=\"twitter:card\" content=\"summary_large_image\" \/>\n<meta name=\"twitter:site\" content=\"@signiumspeaks\" \/>\n<meta name=\"twitter:label1\" content=\"Est. reading time\" \/>\n\t<meta name=\"twitter:data1\" content=\"4 minutes\" \/>\n<script type=\"application\/ld+json\" class=\"yoast-schema-graph\">{\"@context\":\"https:\/\/schema.org\",\"@graph\":[{\"@type\":\"WebPage\",\"@id\":\"https:\/\/www.signium.com\/de\/about-us-de\/\",\"url\":\"https:\/\/www.signium.com\/de\/about-us-de\/\",\"name\":\"\u00dcber uns &ndash; Signium\",\"isPartOf\":{\"@id\":\"https:\/\/staging.signium.com\/#website\"},\"datePublished\":\"2020-03-04T10:08:09+00:00\",\"dateModified\":\"2026-04-10T20:42:06+00:00\",\"description\":\"Unsere Profession: Unternehmen zum Erfolg f\u00fchren - wieder und wieder. Unser Selbstverst\u00e4ndnis: L\u00f6sungen, die nicht ungef\u00e4hr passen sondern haargenau.\",\"breadcrumb\":{\"@id\":\"https:\/\/www.signium.com\/de\/about-us-de\/#breadcrumb\"},\"inLanguage\":\"de-DE\",\"potentialAction\":[{\"@type\":\"ReadAction\",\"target\":[\"https:\/\/www.signium.com\/de\/about-us-de\/\"]}]},{\"@type\":\"BreadcrumbList\",\"@id\":\"https:\/\/www.signium.com\/de\/about-us-de\/#breadcrumb\",\"itemListElement\":[{\"@type\":\"ListItem\",\"position\":1,\"name\":\"Home\",\"item\":\"https:\/\/www.signium.com\/de\/\"},{\"@type\":\"ListItem\",\"position\":2,\"name\":\"\u00dcber uns\"}]},{\"@type\":\"WebSite\",\"@id\":\"https:\/\/staging.signium.com\/#website\",\"url\":\"https:\/\/staging.signium.com\/\",\"name\":\"Signium\",\"description\":\"Global Executive Search and Leadership Consulting\",\"publisher\":{\"@id\":\"https:\/\/staging.signium.com\/#organization\"},\"potentialAction\":[{\"@type\":\"SearchAction\",\"target\":{\"@type\":\"EntryPoint\",\"urlTemplate\":\"https:\/\/staging.signium.com\/?s={search_term_string}\"},\"query-input\":\"required name=search_term_string\"}],\"inLanguage\":\"de-DE\"},{\"@type\":\"Organization\",\"@id\":\"https:\/\/staging.signium.com\/#organization\",\"name\":\"Signium\",\"url\":\"https:\/\/staging.signium.com\/\",\"logo\":{\"@type\":\"ImageObject\",\"inLanguage\":\"de-DE\",\"@id\":\"https:\/\/staging.signium.com\/#\/schema\/logo\/image\/\",\"url\":\"https:\/\/www.signium.com\/wp-content\/uploads\/2020\/05\/logo-darkblue.png\",\"contentUrl\":\"https:\/\/www.signium.com\/wp-content\/uploads\/2020\/05\/logo-darkblue.png\",\"width\":300,\"height\":66,\"caption\":\"Signium\"},\"image\":{\"@id\":\"https:\/\/staging.signium.com\/#\/schema\/logo\/image\/\"},\"sameAs\":[\"https:\/\/twitter.com\/signiumspeaks\",\"https:\/\/www.linkedin.com\/company\/signium\",\"https:\/\/www.youtube.com\/channel\/UC1mryZmvR40LptxwpsxMaiw\"]}]}<\/script>\n<!-- \/ Yoast SEO Premium plugin. -->","yoast_head_json":{"title":"\u00dcber uns &ndash; Signium","description":"Unsere Profession: Unternehmen zum Erfolg f\u00fchren - wieder und wieder. Unser Selbstverst\u00e4ndnis: L\u00f6sungen, die nicht ungef\u00e4hr passen sondern haargenau.","robots":{"index":"index","follow":"follow","max-snippet":"max-snippet:-1","max-image-preview":"max-image-preview:large","max-video-preview":"max-video-preview:-1"},"canonical":"https:\/\/www.signium.com\/de\/about-us-de\/","og_locale":"de_DE","og_type":"article","og_title":"\u00dcber uns","og_description":"Unsere Profession: Unternehmen zum Erfolg f\u00fchren - wieder und wieder. Unser Selbstverst\u00e4ndnis: L\u00f6sungen, die nicht ungef\u00e4hr passen sondern haargenau.","og_url":"https:\/\/www.signium.com\/de\/about-us-de\/","og_site_name":"Signium","article_modified_time":"2026-04-10T20:42:06+00:00","og_image":[{"width":1920,"height":900,"url":"https:\/\/www.signium.com\/wp-content\/uploads\/2024\/04\/Signium_News_Resources_1920x900-kopiera-1-e1712068179229.jpg","type":"image\/jpeg"}],"twitter_card":"summary_large_image","twitter_site":"@signiumspeaks","twitter_misc":{"Est. reading time":"4 minutes"},"schema":{"@context":"https:\/\/schema.org","@graph":[{"@type":"WebPage","@id":"https:\/\/www.signium.com\/de\/about-us-de\/","url":"https:\/\/www.signium.com\/de\/about-us-de\/","name":"\u00dcber uns &ndash; Signium","isPartOf":{"@id":"https:\/\/staging.signium.com\/#website"},"datePublished":"2020-03-04T10:08:09+00:00","dateModified":"2026-04-10T20:42:06+00:00","description":"Unsere Profession: Unternehmen zum Erfolg f\u00fchren - wieder und wieder. Unser Selbstverst\u00e4ndnis: L\u00f6sungen, die nicht ungef\u00e4hr passen sondern haargenau.","breadcrumb":{"@id":"https:\/\/www.signium.com\/de\/about-us-de\/#breadcrumb"},"inLanguage":"de-DE","potentialAction":[{"@type":"ReadAction","target":["https:\/\/www.signium.com\/de\/about-us-de\/"]}]},{"@type":"BreadcrumbList","@id":"https:\/\/www.signium.com\/de\/about-us-de\/#breadcrumb","itemListElement":[{"@type":"ListItem","position":1,"name":"Home","item":"https:\/\/www.signium.com\/de\/"},{"@type":"ListItem","position":2,"name":"\u00dcber uns"}]},{"@type":"WebSite","@id":"https:\/\/staging.signium.com\/#website","url":"https:\/\/staging.signium.com\/","name":"Signium","description":"Global Executive Search and Leadership Consulting","publisher":{"@id":"https:\/\/staging.signium.com\/#organization"},"potentialAction":[{"@type":"SearchAction","target":{"@type":"EntryPoint","urlTemplate":"https:\/\/staging.signium.com\/?s={search_term_string}"},"query-input":"required name=search_term_string"}],"inLanguage":"de-DE"},{"@type":"Organization","@id":"https:\/\/staging.signium.com\/#organization","name":"Signium","url":"https:\/\/staging.signium.com\/","logo":{"@type":"ImageObject","inLanguage":"de-DE","@id":"https:\/\/staging.signium.com\/#\/schema\/logo\/image\/","url":"https:\/\/www.signium.com\/wp-content\/uploads\/2020\/05\/logo-darkblue.png","contentUrl":"https:\/\/www.signium.com\/wp-content\/uploads\/2020\/05\/logo-darkblue.png","width":300,"height":66,"caption":"Signium"},"image":{"@id":"https:\/\/staging.signium.com\/#\/schema\/logo\/image\/"},"sameAs":["https:\/\/twitter.com\/signiumspeaks","https:\/\/www.linkedin.com\/company\/signium","https:\/\/www.youtube.com\/channel\/UC1mryZmvR40LptxwpsxMaiw"]}]}},"_links":{"self":[{"href":"https:\/\/www.signium.com\/de\/wp-json\/wp\/v2\/pages\/971"}],"collection":[{"href":"https:\/\/www.signium.com\/de\/wp-json\/wp\/v2\/pages"}],"about":[{"href":"https:\/\/www.signium.com\/de\/wp-json\/wp\/v2\/types\/page"}],"author":[{"embeddable":true,"href":"https:\/\/www.signium.com\/de\/wp-json\/wp\/v2\/users\/1"}],"replies":[{"embeddable":true,"href":"https:\/\/www.signium.com\/de\/wp-json\/wp\/v2\/comments?post=971"}],"version-history":[{"count":92,"href":"https:\/\/www.signium.com\/de\/wp-json\/wp\/v2\/pages\/971\/revisions"}],"predecessor-version":[{"id":12457,"href":"https:\/\/www.signium.com\/de\/wp-json\/wp\/v2\/pages\/971\/revisions\/12457"}],"wp:featuredmedia":[{"embeddable":true,"href":"https:\/\/www.signium.com\/de\/wp-json\/wp\/v2\/media\/9306"}],"wp:attachment":[{"href":"https:\/\/www.signium.com\/de\/wp-json\/wp\/v2\/media?parent=971"}],"curies":[{"name":"wp","href":"https:\/\/api.w.org\/{rel}","templated":true}]}}