{"id":9713,"date":"2024-06-24T12:15:21","date_gmt":"2024-06-24T10:15:21","guid":{"rendered":"https:\/\/www.signium.com\/?page_id=9713"},"modified":"2024-06-26T14:30:00","modified_gmt":"2024-06-26T12:30:00","slug":"executive-interim-management","status":"publish","type":"page","link":"https:\/\/www.signium.com\/de\/executive-interim-management\/","title":{"rendered":"Executive Interim Management"},"content":{"rendered":"\n<blockquote class=\"wp-block-quote\">\n<div class=\"wp-block-cover is-light has-custom-content-position is-position-bottom-center\" style=\"font-size:25px\"><span aria-hidden=\"true\" class=\"wp-block-cover__background has-background-dim-30 has-background-dim\" data-aos=\"fade-up\"><\/span><img loading=\"lazy\" decoding=\"async\" width=\"1984\" height=\"640\" class=\"wp-block-cover__image-background wp-image-6085\" alt=\"Markus Heimbrodt - Managing Partner bei Signium Deutschland\" src=\"https:\/\/www.signium.com\/wp-content\/uploads\/2022\/09\/markus-heimbrodt-web-banner-crop-5.jpg\" style=\"object-position:90% 54%\" data-object-fit=\"cover\" data-object-position=\"90% 54%\" srcset=\"https:\/\/www.signium.com\/wp-content\/uploads\/2022\/09\/markus-heimbrodt-web-banner-crop-5.jpg 1984w, https:\/\/www.signium.com\/wp-content\/uploads\/2022\/09\/markus-heimbrodt-web-banner-crop-5-250x81.jpg 250w, https:\/\/www.signium.com\/wp-content\/uploads\/2022\/09\/markus-heimbrodt-web-banner-crop-5-700x226.jpg 700w, https:\/\/www.signium.com\/wp-content\/uploads\/2022\/09\/markus-heimbrodt-web-banner-crop-5-768x248.jpg 768w, https:\/\/www.signium.com\/wp-content\/uploads\/2022\/09\/markus-heimbrodt-web-banner-crop-5-1536x495.jpg 1536w, https:\/\/www.signium.com\/wp-content\/uploads\/2022\/09\/markus-heimbrodt-web-banner-crop-5-120x39.jpg 120w\" sizes=\"(max-width: 1984px) 100vw, 1984px\" \/><div class=\"wp-block-cover__inner-container is-layout-flow wp-block-cover-is-layout-flow\">\n<p class=\"has-text-align-right\" style=\"font-size:36px\"><em><mark style=\"background-color:rgba(0, 0, 0, 0)\" class=\"has-inline-color has-white-color\">&#8220;Interim Management is Networking Business.&#8221;<\/mark><\/em data-aos=\"fade-up\"><\/p>\n\n\n\n<p class=\"has-text-align-right\" style=\"font-size:21px\"><mark style=\"background-color:rgba(0, 0, 0, 0)\" class=\"has-inline-color has-white-color\">Markus Heimbrodt, Managing Partner<\/mark data-aos=\"fade-up\"><\/p>\n<\/div data-aos=\"fade-up\"><\/div>\n\n\n\n<hr class=\"wp-block-separator has-text-color has-white-color has-alpha-channel-opacity has-white-background-color has-background\"\/>\n<\/blockquote>\n\n\n<div class='collapsables-container'>\n    <div class='collapsables-image'>\n        <img loading=\"lazy\" decoding=\"async\" width=\"604\" height=\"652\" src=\"https:\/\/www.signium.com\/wp-content\/uploads\/2022\/10\/industries.png\" class=\"attachment-full size-full\" alt=\"Signium Executive Interim Management\" srcset=\"https:\/\/www.signium.com\/wp-content\/uploads\/2022\/10\/industries.png 604w, https:\/\/www.signium.com\/wp-content\/uploads\/2022\/10\/industries-250x270.png 250w, https:\/\/www.signium.com\/wp-content\/uploads\/2022\/10\/industries-120x130.png 120w\" sizes=\"(max-width: 604px) 100vw, 604px\" \/ data-aos=\"fade-up\">    <\/div>\n\n    <div class='collapsables-content'>\n                    <div class='collapsable active' >\n                <!-- Todo: Add icons -->\n                <h3 class='collapsable__title' data-aos='disable' data-aos=\"fade-up\">Executive Interim Management: Die passende L\u00f6sung f\u00fcr F\u00fchrungsaufgaben auf Zeit<\/h3>\n\n                <hr \/>\n\n                <p class='collapsable__description'>\n                    Mit unserem Service Executive Interim Management vermitteln wir Ihnen den passenden, qualifizierten Manager auf Zeit. Der Interim Manager unterst\u00fctzt Sie bei Ihren Herausforderungen auf der ersten oder zweiten Management-Ebene. Dabei agiert Signium als Ihr Projektpartner in der Durchf\u00fchrung Ihres Vorhabens.\r\n\r\nZu den t\u00e4glichen Herausforderungen in der Unternehmensf\u00fchrung z\u00e4hlen die Steuerung komplexer (Transformations-) Projekte oder die \u00dcberbr\u00fcckung einer Vakanz. F\u00fcr solche \u00dcbergangsphasen werden Interim Manager gesucht. Sie bieten eine Management-Ressource, eine bestimmte Kompetenz oder eine Mischung von beidem. Als solche \u00fcbernehmen Interim Manager in Ihrer Organisation f\u00fcr einen definierten Zeitraum Verantwortung und unterst\u00fctzen oder erg\u00e4nzen das angestellte Management bei der Umsetzung der Aufgaben.                <\/p>\n            <\/div>\n                    <div class='collapsable' >\n                <!-- Todo: Add icons -->\n                <h3 class='collapsable__title' data-aos='disable' data-aos=\"fade-up\">Interim Manager gesucht: Gro\u00dfe und schnelle Auswahl von passenden F\u00fchrungskr\u00e4ften<\/h3>\n\n                <hr \/>\n\n                <p class='collapsable__description'>\n                    Unser Team von Signum Executive Interim Management hat in den vergangenen Jahren funktions- und branchen\u00fcbergreifend ein umfangreiches Netzwerk mit erfahrenen und pers\u00f6nlich vertrauten Spezialisten und Generalisten der ersten und zweiten Management-Ebenen aufgebaut. Aus diesem Kandidatenpool pr\u00e4sentieren wir Ihnen auf Anfrage kurzfristig passende Kandidaten.\r\n\r\nAnders als im Executive Search beginnen wir im Executive Interim Management mit der Personalsuche nicht erst nach der Auftragsvergabe. Ein fortlaufender qualit\u00e4tsgesicherter Auswahlprozess und die fortlaufende Pflege unseres pers\u00f6nlichen Netzwerkes sichern den schnellen Zugriff auf eine gro\u00dfe Auswahl hochqualifizierter Interim Manager. So k\u00f6nnen wir Ihnen schnellstm\u00f6glich geeignete Kandidaten f\u00fcr Ihren spezifischen Bedarf vorstellen. Um Ihnen stets die besten Kandidaten f\u00fcr Ihr Vorhaben zu pr\u00e4sentieren, arbeiten wir eng mit unseren Kollegen im Executive Search zusammen.                <\/p>\n            <\/div>\n                    <div class='collapsable' >\n                <!-- Todo: Add icons -->\n                <h3 class='collapsable__title' data-aos='disable' data-aos=\"fade-up\">Gute Interim Manager sind \u00fcberqualifiziert<\/h3>\n\n                <hr \/>\n\n                <p class='collapsable__description'>\n                    Wir stellen unseren Kunden keine Interim Manager vor, die \u201emehr vom Gleichen\u201c liefern. Schlie\u00dflich geht es um kritische Aufgaben, in denen es auf Erfahrung und Kompetenz sowie Glaubw\u00fcrdigkeit und auch auf Umsetzungsgeschwindigkeit ankommt. Die \u00dcberqualifizierung des Interim Managers ist typischerweise ein Teil der L\u00f6sung. Daher vermitteln wir Ihnen ausschlie\u00dflich Manager, deren Erfahrungen und Kompetenzen jene \u00fcbersteigen, die das Projekt erfordert. Hierdurch stellen wir sicher, dass sich die ausgew\u00e4hlten Kandidaten schnell in die Aufgabe einarbeiten und die gew\u00fcnschten Ergebnisse nicht nur erf\u00fcllt, sondern \u00fcbertroffen werden. Wir freuen uns auf Ihre Kontaktaufnahme.\r\n                <\/p>\n            <\/div>\n            <\/div>\n<\/div>\n\n\n<h2 class=\"wp-block-heading\" id=\"h-fur-kandidaten\" data-aos=\"fade-up\">F\u00fcr Kandidaten<\/h2>\n\n\n\n<p data-aos=\"fade-up\">Sie sind bereits Interim Manager oder haben sich entschieden, Interim Manager zu werden? Sie bringen dar\u00fcber hinaus langj\u00e4hrige F\u00fchrungserfahrung auf der ersten oder zweiten Management-Ebene mit? Sie sind r\u00e4umlich flexibel, haben Spa\u00df an neuen und wechselnden Herausforderungen und haben bereits nachweislich komplexe Transformationsprojekte erfolgreich umgesetzt?<\/p>\n\n\n\n<h2 class=\"wp-block-heading\" data-aos=\"fade-up\">Dann nehmen Sie Kontakt mit uns auf<\/h2>\n\n\n\n<p>Bitte senden Sie uns Ihre Bewerbung inklusive aussagekr\u00e4ftigem Lebenslauf an <a href=\"mailto:apply.interim@signium.de\" target=\"_blank\" rel=\"noreferrer noopener\"><strong>apply.interim@signium.de<\/strong><\/a data-aos=\"fade-up\">.<\/p>\n\n\n\n<p data-aos=\"fade-up\">Sie sind sich unsicher, ob Sie Ihre erfolgreiche Karriere in neuer Rolle als Interim Manager fortsetzen m\u00f6chten oder ob Ihre Qualifikation am Markt nachgefragt wird?<\/p>\n\n\n\n<p data-aos=\"fade-up\">Dann vereinbaren Sie ein Expertengespr\u00e4ch mit einem unserer Berater.<\/p>\n","protected":false},"excerpt":{"rendered":"<p>F\u00fcr Kandidaten Sie sind bereits Interim Manager oder haben sich entschieden, Interim Manager zu werden? Sie bringen dar\u00fcber hinaus langj\u00e4hrige F\u00fchrungserfahrung auf der ersten oder zweiten Management-Ebene mit? Sie sind r\u00e4umlich flexibel, haben Spa\u00df an neuen und wechselnden Herausforderungen und haben bereits nachweislich komplexe Transformationsprojekte erfolgreich umgesetzt? Dann nehmen Sie Kontakt mit uns auf Bitte [&hellip;]<\/p>\n","protected":false},"author":1,"featured_media":9795,"parent":0,"menu_order":0,"comment_status":"closed","ping_status":"closed","template":"","meta":{"footnotes":""},"acf":[],"yoast_head":"<!-- This site is optimized with the Yoast SEO Premium plugin v20.5 (Yoast SEO v20.5) - https:\/\/yoast.com\/wordpress\/plugins\/seo\/ -->\n<title>Executive Interim Management &ndash; Signium<\/title>\n<meta name=\"description\" content=\"Mit dem Service Executive Interim Management bietet Signium passgenaue und nachhaltige F\u00fchrungsl\u00f6sungen auf Zeit.\" \/>\n<meta name=\"robots\" content=\"index, follow, max-snippet:-1, max-image-preview:large, max-video-preview:-1\" \/>\n<link rel=\"canonical\" href=\"https:\/\/www.signium.com\/de\/executive-interim-management\/\" \/>\n<meta property=\"og:locale\" content=\"de_DE\" \/>\n<meta property=\"og:type\" content=\"article\" \/>\n<meta property=\"og:title\" content=\"Executive Interim Management\" \/>\n<meta property=\"og:description\" content=\"Mit dem Service Executive Interim Management bietet Signium passgenaue und nachhaltige F\u00fchrungsl\u00f6sungen auf Zeit.\" \/>\n<meta property=\"og:url\" content=\"https:\/\/www.signium.com\/de\/executive-interim-management\/\" \/>\n<meta property=\"og:site_name\" content=\"Signium\" \/>\n<meta property=\"article:modified_time\" content=\"2024-06-26T12:30:00+00:00\" \/>\n<meta property=\"og:image\" content=\"https:\/\/www.signium.com\/wp-content\/uploads\/2022\/10\/industries.png\" \/>\n\t<meta property=\"og:image:width\" content=\"604\" \/>\n\t<meta property=\"og:image:height\" content=\"652\" \/>\n\t<meta property=\"og:image:type\" content=\"image\/png\" \/>\n<meta name=\"twitter:card\" content=\"summary_large_image\" \/>\n<meta name=\"twitter:site\" content=\"@signiumspeaks\" \/>\n<meta name=\"twitter:label1\" content=\"Est. reading time\" \/>\n\t<meta name=\"twitter:data1\" content=\"1 minute\" \/>\n<script type=\"application\/ld+json\" class=\"yoast-schema-graph\">{\"@context\":\"https:\/\/schema.org\",\"@graph\":[{\"@type\":\"WebPage\",\"@id\":\"https:\/\/www.signium.com\/de\/executive-interim-management\/\",\"url\":\"https:\/\/www.signium.com\/de\/executive-interim-management\/\",\"name\":\"Executive Interim Management &ndash; Signium\",\"isPartOf\":{\"@id\":\"https:\/\/staging.signium.com\/#website\"},\"datePublished\":\"2024-06-24T10:15:21+00:00\",\"dateModified\":\"2024-06-26T12:30:00+00:00\",\"description\":\"Mit dem Service Executive Interim Management bietet Signium passgenaue und nachhaltige F\u00fchrungsl\u00f6sungen auf Zeit.\",\"breadcrumb\":{\"@id\":\"https:\/\/www.signium.com\/de\/executive-interim-management\/#breadcrumb\"},\"inLanguage\":\"de-DE\",\"potentialAction\":[{\"@type\":\"ReadAction\",\"target\":[\"https:\/\/www.signium.com\/de\/executive-interim-management\/\"]}]},{\"@type\":\"BreadcrumbList\",\"@id\":\"https:\/\/www.signium.com\/de\/executive-interim-management\/#breadcrumb\",\"itemListElement\":[{\"@type\":\"ListItem\",\"position\":1,\"name\":\"Home\",\"item\":\"https:\/\/www.signium.com\/de\/\"},{\"@type\":\"ListItem\",\"position\":2,\"name\":\"Executive Interim Management\"}]},{\"@type\":\"WebSite\",\"@id\":\"https:\/\/staging.signium.com\/#website\",\"url\":\"https:\/\/staging.signium.com\/\",\"name\":\"Signium\",\"description\":\"Global Executive Search and Leadership Consulting\",\"publisher\":{\"@id\":\"https:\/\/staging.signium.com\/#organization\"},\"potentialAction\":[{\"@type\":\"SearchAction\",\"target\":{\"@type\":\"EntryPoint\",\"urlTemplate\":\"https:\/\/staging.signium.com\/?s={search_term_string}\"},\"query-input\":\"required name=search_term_string\"}],\"inLanguage\":\"de-DE\"},{\"@type\":\"Organization\",\"@id\":\"https:\/\/staging.signium.com\/#organization\",\"name\":\"Signium\",\"url\":\"https:\/\/staging.signium.com\/\",\"logo\":{\"@type\":\"ImageObject\",\"inLanguage\":\"de-DE\",\"@id\":\"https:\/\/staging.signium.com\/#\/schema\/logo\/image\/\",\"url\":\"https:\/\/www.signium.com\/wp-content\/uploads\/2020\/05\/logo-darkblue.png\",\"contentUrl\":\"https:\/\/www.signium.com\/wp-content\/uploads\/2020\/05\/logo-darkblue.png\",\"width\":300,\"height\":66,\"caption\":\"Signium\"},\"image\":{\"@id\":\"https:\/\/staging.signium.com\/#\/schema\/logo\/image\/\"},\"sameAs\":[\"https:\/\/twitter.com\/signiumspeaks\",\"https:\/\/www.linkedin.com\/company\/signium\",\"https:\/\/www.youtube.com\/channel\/UC1mryZmvR40LptxwpsxMaiw\"]}]}<\/script>\n<!-- \/ Yoast SEO Premium plugin. -->","yoast_head_json":{"title":"Executive Interim Management &ndash; Signium","description":"Mit dem Service Executive Interim Management bietet Signium passgenaue und nachhaltige F\u00fchrungsl\u00f6sungen auf Zeit.","robots":{"index":"index","follow":"follow","max-snippet":"max-snippet:-1","max-image-preview":"max-image-preview:large","max-video-preview":"max-video-preview:-1"},"canonical":"https:\/\/www.signium.com\/de\/executive-interim-management\/","og_locale":"de_DE","og_type":"article","og_title":"Executive Interim Management","og_description":"Mit dem Service Executive Interim Management bietet Signium passgenaue und nachhaltige F\u00fchrungsl\u00f6sungen auf Zeit.","og_url":"https:\/\/www.signium.com\/de\/executive-interim-management\/","og_site_name":"Signium","article_modified_time":"2024-06-26T12:30:00+00:00","og_image":[{"width":604,"height":652,"url":"https:\/\/www.signium.com\/wp-content\/uploads\/2022\/10\/industries.png","type":"image\/png"}],"twitter_card":"summary_large_image","twitter_site":"@signiumspeaks","twitter_misc":{"Est. reading time":"1 minute"},"schema":{"@context":"https:\/\/schema.org","@graph":[{"@type":"WebPage","@id":"https:\/\/www.signium.com\/de\/executive-interim-management\/","url":"https:\/\/www.signium.com\/de\/executive-interim-management\/","name":"Executive Interim Management &ndash; Signium","isPartOf":{"@id":"https:\/\/staging.signium.com\/#website"},"datePublished":"2024-06-24T10:15:21+00:00","dateModified":"2024-06-26T12:30:00+00:00","description":"Mit dem Service Executive Interim Management bietet Signium passgenaue und nachhaltige F\u00fchrungsl\u00f6sungen auf Zeit.","breadcrumb":{"@id":"https:\/\/www.signium.com\/de\/executive-interim-management\/#breadcrumb"},"inLanguage":"de-DE","potentialAction":[{"@type":"ReadAction","target":["https:\/\/www.signium.com\/de\/executive-interim-management\/"]}]},{"@type":"BreadcrumbList","@id":"https:\/\/www.signium.com\/de\/executive-interim-management\/#breadcrumb","itemListElement":[{"@type":"ListItem","position":1,"name":"Home","item":"https:\/\/www.signium.com\/de\/"},{"@type":"ListItem","position":2,"name":"Executive Interim Management"}]},{"@type":"WebSite","@id":"https:\/\/staging.signium.com\/#website","url":"https:\/\/staging.signium.com\/","name":"Signium","description":"Global Executive Search and Leadership Consulting","publisher":{"@id":"https:\/\/staging.signium.com\/#organization"},"potentialAction":[{"@type":"SearchAction","target":{"@type":"EntryPoint","urlTemplate":"https:\/\/staging.signium.com\/?s={search_term_string}"},"query-input":"required name=search_term_string"}],"inLanguage":"de-DE"},{"@type":"Organization","@id":"https:\/\/staging.signium.com\/#organization","name":"Signium","url":"https:\/\/staging.signium.com\/","logo":{"@type":"ImageObject","inLanguage":"de-DE","@id":"https:\/\/staging.signium.com\/#\/schema\/logo\/image\/","url":"https:\/\/www.signium.com\/wp-content\/uploads\/2020\/05\/logo-darkblue.png","contentUrl":"https:\/\/www.signium.com\/wp-content\/uploads\/2020\/05\/logo-darkblue.png","width":300,"height":66,"caption":"Signium"},"image":{"@id":"https:\/\/staging.signium.com\/#\/schema\/logo\/image\/"},"sameAs":["https:\/\/twitter.com\/signiumspeaks","https:\/\/www.linkedin.com\/company\/signium","https:\/\/www.youtube.com\/channel\/UC1mryZmvR40LptxwpsxMaiw"]}]}},"_links":{"self":[{"href":"https:\/\/www.signium.com\/de\/wp-json\/wp\/v2\/pages\/9713"}],"collection":[{"href":"https:\/\/www.signium.com\/de\/wp-json\/wp\/v2\/pages"}],"about":[{"href":"https:\/\/www.signium.com\/de\/wp-json\/wp\/v2\/types\/page"}],"author":[{"embeddable":true,"href":"https:\/\/www.signium.com\/de\/wp-json\/wp\/v2\/users\/1"}],"replies":[{"embeddable":true,"href":"https:\/\/www.signium.com\/de\/wp-json\/wp\/v2\/comments?post=9713"}],"version-history":[{"count":18,"href":"https:\/\/www.signium.com\/de\/wp-json\/wp\/v2\/pages\/9713\/revisions"}],"predecessor-version":[{"id":9968,"href":"https:\/\/www.signium.com\/de\/wp-json\/wp\/v2\/pages\/9713\/revisions\/9968"}],"wp:featuredmedia":[{"embeddable":true,"href":"https:\/\/www.signium.com\/de\/wp-json\/wp\/v2\/media\/9795"}],"wp:attachment":[{"href":"https:\/\/www.signium.com\/de\/wp-json\/wp\/v2\/media?parent=9713"}],"curies":[{"name":"wp","href":"https:\/\/api.w.org\/{rel}","templated":true}]}}