{"id":9729,"date":"2024-06-24T12:23:51","date_gmt":"2024-06-24T10:23:51","guid":{"rendered":"https:\/\/www.signium.com\/?page_id=9729"},"modified":"2024-07-12T17:18:02","modified_gmt":"2024-07-12T15:18:02","slug":"our-approach-unser-ansatz","status":"publish","type":"page","link":"https:\/\/www.signium.com\/de\/executive-interim-management\/our-approach-unser-ansatz\/","title":{"rendered":"Unser Ansatz"},"content":{"rendered":"\n<h2 class=\"wp-block-heading\" id=\"h-unser-beratungsansatz\" data-aos=\"fade-up\">Unser Beratungsansatz<\/h2>\n\n\n\n<p data-aos=\"fade-up\">Signium Executive Interim Management steht f\u00fcr nachhaltige L\u00f6sungen durch pers\u00f6nliche Beziehungen und h\u00f6chste Qualit\u00e4tsstandards. Interim Management bedeutet f\u00fcr uns Networking Business. Unsere Devise: Wir wollen nicht alle Interim Manager kennen, sondern nur die Besten.&nbsp;<\/p>\n\n\n\n<p data-aos=\"fade-up\">Wir verstehen, dass jede Anfrage einzigartig ist. Deshalb legen wir Wert auf eine individuelle und sorgf\u00e4ltige Herangehensweise. Wir h\u00f6ren zu, analysieren Ihre Anforderungen und erstellen ein Suchprofil, das Ihren Bed\u00fcrfnissen exakt entspricht.&nbsp;<\/p>\n\n\n\n<p data-aos=\"fade-up\">Unsere St\u00e4rke liegt in der Kombination aus Expertise und Ressourcen. Mit unserem pers\u00f6nlichen Netzwerk von ausgew\u00e4hlten Interim Managern und einer leistungsstarken Datenbank k\u00f6nnen wir die besten Kandidaten f\u00fcr Ihre Anforderungen identifizieren.<\/p>\n\n\n\n<h2 class=\"wp-block-heading\" id=\"h-unsere-interim-manager\" data-aos=\"fade-up\">Unsere Interim Manager<\/h2>\n\n\n\n<div class=\"wp-block-media-text is-stacked-on-mobile is-image-fill\"><figure class=\"wp-block-media-text__media\" style=\"background-image:url(https:\/\/www.signium.com\/wp-content\/uploads\/2024\/07\/unsere-interim-manager_web-700x1122.jpg);background-position:50% 50%\"><img loading=\"lazy\" decoding=\"async\" width=\"700\" height=\"1122\" src=\"https:\/\/www.signium.com\/wp-content\/uploads\/2024\/07\/unsere-interim-manager_web-700x1122.jpg\" alt=\"Unsere Interim Manager (Signium)\" class=\"wp-image-10281 size-full\" srcset=\"https:\/\/www.signium.com\/wp-content\/uploads\/2024\/07\/unsere-interim-manager_web-700x1122.jpg 700w, https:\/\/www.signium.com\/wp-content\/uploads\/2024\/07\/unsere-interim-manager_web-250x401.jpg 250w, https:\/\/www.signium.com\/wp-content\/uploads\/2024\/07\/unsere-interim-manager_web-768x1231.jpg 768w, https:\/\/www.signium.com\/wp-content\/uploads\/2024\/07\/unsere-interim-manager_web-959x1536.jpg 959w, https:\/\/www.signium.com\/wp-content\/uploads\/2024\/07\/unsere-interim-manager_web-120x192.jpg 120w, https:\/\/www.signium.com\/wp-content\/uploads\/2024\/07\/unsere-interim-manager_web.jpg 1200w\" sizes=\"(max-width: 700px) 100vw, 700px\" \/ data-aos=\"fade-up\"><\/figure><div class=\"wp-block-media-text__content\">\n<p data-aos=\"fade-up\">Grundlage f\u00fcr eine erfolgreiche Besetzung sind neben dem genauen Verst\u00e4ndnis Ihrer unternehmerischen Herausforderung die Sicherstellung der formellen und pers\u00f6nlichen Eignung des Kandidaten. In unserem Service Executive Interim Management setzen wir deshalb nicht auf eine gro\u00dfe Datenbank mit vielen Lebensl\u00e4ufen, sondern auf hochqualifizierte und uns pers\u00f6nlich bekannte Kandidaten.&nbsp;<\/p>\n\n\n\n<p data-aos=\"fade-up\">Unsere Interim Manager werden sorgf\u00e4ltig in einem mehrstufigen Auswahlprozess gepr\u00fcft, der die Bewertung schriftlicher Unterlagen, Interviews und das Einholen von Referenzen umfasst. Unsere Senior- und Executive Advisors bringen hier zus\u00e4tzlich ihre langj\u00e4hrige Erfahrung mit ein, um die hohe Qualit\u00e4t unseres Netzwerkes zu gew\u00e4hrleisten.&nbsp;<\/p>\n\n\n\n<p data-aos=\"fade-up\">Wir legen gro\u00dfen Wert auf pers\u00f6nliche Beziehungen zu unseren Interim Managern und stellen durch eine enge Begleitung unserer Projekte die Erreichung der vereinbarten Ziele sowie die Leistungsf\u00e4higkeit unserer Kandidaten sicher. Durch regelm\u00e4\u00dfigen Austausch in Fachgruppen bleiben wir eng mit unseren Top-Kandidaten verbunden und garantieren so stets h\u00f6chste Qualit\u00e4t und Relevanz.<\/p>\n<\/div data-aos=\"fade-up\"><\/div>\n\n\n\n<p data-aos=\"fade-up\"><\/p>\n\n\n\n<h2 class=\"wp-block-heading\" id=\"h-unsere-schwerpunkte\" data-aos=\"fade-up\">Unsere Schwerpunkte<\/h2>\n\n\n\n<p>In unseren spezialisierten funktionalen Kompetenzcentern gew\u00e4hrleisten wir h\u00f6chste Qualit\u00e4tsstandards durch kontinuierlichen fachlichen Austausch und erfahrene Fachexperten in jedem Center. Dabei konzentrieren wir uns in <a href=\"https:\/\/www.signium.com\/de\/executive-interim-management\/case-studies\/\" target=\"_blank\" rel=\"noreferrer noopener\"><strong>unseren Projekten<\/strong><\/a data-aos=\"fade-up\"> auf Top-Management-Positionen sowohl im Linien- als auch im Projektmanagement. Unser Leistungsversprechen besteht in der Identifikation der passenden Kandidaten aus unserem Netzwerk f\u00fcr Ihre unternehmerische Herausforderung.<\/p>\n\n\n<div class=\"sector-list\">\n    <ul class=\"sector-list-items\">\n    \n        \n<li class=\"sector-list-item\">\n    <a href=\"https:\/\/www.signium.com\/de\/function\/general-management\/\" class=\"sector-list-link\" activeClassName=\"sector-list-link\" data-aos=\"fade-up\">\n        General Management    <\/a>\n            <img class=\"sector-list-image\"\n            src=\n                https:\/\/www.signium.com\/wp-content\/uploads\/2024\/06\/Funktion-General-Management-Signium-Executive-Interim-Management.jpg            alt=\"General Management\" \/>\n    <\/li>\n\n<li class=\"sector-list-item\">\n    <a href=\"https:\/\/www.signium.com\/de\/function\/finanzen-controlling\/\" class=\"sector-list-link\" activeClassName=\"sector-list-link\" data-aos=\"fade-up\">\n        Finanzen und Controlling    <\/a>\n            <img class=\"sector-list-image\"\n            src=\n                https:\/\/www.signium.com\/wp-content\/uploads\/2024\/06\/Funktion-Finanzen-und-Controlling-Signium-Executive-Interim-Management-scaled.jpg            alt=\"Finanzen und Controlling\" \/>\n    <\/li>\n\n<li class=\"sector-list-item\">\n    <a href=\"https:\/\/www.signium.com\/de\/function\/human-resources\/\" class=\"sector-list-link\" activeClassName=\"sector-list-link\" data-aos=\"fade-up\">\n        Human Resources    <\/a>\n            <img class=\"sector-list-image\"\n            src=\n                https:\/\/www.signium.com\/wp-content\/uploads\/2024\/06\/Funktionen_HR-und-Personalentwicklung_Signium-Executive-Interim-Management_2.jpg            alt=\"Human Resources\" \/>\n    <\/li>\n\n<li class=\"sector-list-item\">\n    <a href=\"https:\/\/www.signium.com\/de\/function\/produktion-operations\/\" class=\"sector-list-link\" activeClassName=\"sector-list-link\" data-aos=\"fade-up\">\n        Produktion und Operations    <\/a>\n            <img class=\"sector-list-image\"\n            src=\n                https:\/\/www.signium.com\/wp-content\/uploads\/2024\/06\/Funktion_Produktion-und-Operations_Executive-Interim-Management_hover-1-e1720001287337.jpg            alt=\"Produktion und Operations\" \/>\n    <\/li>\n\n<li class=\"sector-list-item\">\n    <a href=\"https:\/\/www.signium.com\/de\/function\/einkauf-supply-chain\/\" class=\"sector-list-link\" activeClassName=\"sector-list-link\" data-aos=\"fade-up\">\n        Einkauf und Supply Chain    <\/a>\n            <img class=\"sector-list-image\"\n            src=\n                https:\/\/www.signium.com\/wp-content\/uploads\/2024\/06\/Funktion-Einkauf-und-Supply-Chain-Signium-Executive-Interim-Management-1.jpg            alt=\"Einkauf und Supply Chain\" \/>\n    <\/li>\n\n<li class=\"sector-list-item\">\n    <a href=\"https:\/\/www.signium.com\/de\/function\/it-digitalisierung\/\" class=\"sector-list-link\" activeClassName=\"sector-list-link\" data-aos=\"fade-up\">\n        IT und Digitalisierung    <\/a>\n            <img class=\"sector-list-image\"\n            src=\n                https:\/\/www.signium.com\/wp-content\/uploads\/2024\/06\/Funktion-IT-und-Digitalisierung-Signium-Executive-Interim-Management-1.jpg            alt=\"IT und Digitalisierung\" \/>\n    <\/li>\n\n<li class=\"sector-list-item\">\n    <a href=\"https:\/\/www.signium.com\/de\/function\/sales-marketing\/\" class=\"sector-list-link\" activeClassName=\"sector-list-link\" data-aos=\"fade-up\">\n        Sales und Marketing    <\/a>\n            <img class=\"sector-list-image\"\n            src=\n                https:\/\/www.signium.com\/wp-content\/uploads\/2024\/06\/Funktionen_Sales-und-Marketing_Signium-Executive-Interim-Management-scaled.jpg            alt=\"Sales und Marketing\" \/>\n    <\/li>\n\n<li class=\"sector-list-item\">\n    <a href=\"https:\/\/www.signium.com\/de\/function\/projekt-management\/\" class=\"sector-list-link\" activeClassName=\"sector-list-link\" data-aos=\"fade-up\">\n        Programm- und Projektmanagement    <\/a>\n            <img class=\"sector-list-image\"\n            src=\n                https:\/\/www.signium.com\/wp-content\/uploads\/2024\/06\/Funktion-Programm-und-Projektmanagement-Signium-Executive-Interim-Management-scaled.jpg            alt=\"Programm- und Projektmanagement\" \/>\n    <\/li>\n\n<li class=\"sector-list-item\">\n    <a href=\"https:\/\/www.signium.com\/de\/function\/transformation-change\/\" class=\"sector-list-link\" activeClassName=\"sector-list-link\" data-aos=\"fade-up\">\n        Transformations- und Ver\u00e4nderungsmanagement    <\/a>\n            <img class=\"sector-list-image\"\n            src=\n                https:\/\/www.signium.com\/wp-content\/uploads\/2024\/06\/Funktion_Transformations-und-Veranderungsmanagement_Executive-Interim-Management_hover-scaled.jpg            alt=\"Transformations- und Ver\u00e4nderungsmanagement\" \/>\n    <\/li>\n\n<li class=\"sector-list-item\">\n    <a href=\"https:\/\/www.signium.com\/de\/function\/sanierung-restrukturierung\/\" class=\"sector-list-link\" activeClassName=\"sector-list-link\" data-aos=\"fade-up\">\n        Sanierung und Restrukturierung    <\/a>\n            <img class=\"sector-list-image\"\n            src=\n                https:\/\/www.signium.com\/wp-content\/uploads\/2024\/06\/Funktion_Sanierung-und-Restrukturierung_Executive-Interim-Management_hover-scaled.jpg            alt=\"Sanierung und Restrukturierung\" \/>\n    <\/li>\n    <\/ul>\n<\/div>\n\n\n\n<h2 class=\"wp-block-heading\" id=\"h-unsere-advisors\" data-aos=\"fade-up\">Unsere Advisors<\/h2>\n\n\n<div class='collapsables-container'>\n    <div class='collapsables-image'>\n        <img loading=\"lazy\" decoding=\"async\" width=\"1024\" height=\"683\" src=\"https:\/\/www.signium.com\/wp-content\/uploads\/2024\/06\/Signium-Executive-Interim-Management-Unsere-Advisor.jpg\" class=\"attachment-full size-full\" alt=\"Signium Executive Interim Management - Unsere Advisor (Foto von Rodeo Project Management Software)\" srcset=\"https:\/\/www.signium.com\/wp-content\/uploads\/2024\/06\/Signium-Executive-Interim-Management-Unsere-Advisor.jpg 1024w, https:\/\/www.signium.com\/wp-content\/uploads\/2024\/06\/Signium-Executive-Interim-Management-Unsere-Advisor-250x167.jpg 250w, https:\/\/www.signium.com\/wp-content\/uploads\/2024\/06\/Signium-Executive-Interim-Management-Unsere-Advisor-700x467.jpg 700w, https:\/\/www.signium.com\/wp-content\/uploads\/2024\/06\/Signium-Executive-Interim-Management-Unsere-Advisor-768x512.jpg 768w, https:\/\/www.signium.com\/wp-content\/uploads\/2024\/06\/Signium-Executive-Interim-Management-Unsere-Advisor-120x80.jpg 120w\" sizes=\"(max-width: 1024px) 100vw, 1024px\" \/ data-aos=\"fade-up\">    <\/div>\n\n    <div class='collapsables-content'>\n                    <div class='collapsable active' >\n                <!-- Todo: Add icons -->\n                <h3 class='collapsable__title' data-aos='disable' data-aos=\"fade-up\">Senior Advisor<\/h3>\n\n                <hr \/>\n\n                <p class='collapsable__description'>\n                    ist ein Markenbotschafter f\u00fcr Signium Executive Interim Management. Er pflegt sein sehr gutes Netzwerk in die Industrie und ist heute als Beirat oder Aufsichtsrat engagiert.                <\/p>\n            <\/div>\n                    <div class='collapsable' >\n                <!-- Todo: Add icons -->\n                <h3 class='collapsable__title' data-aos='disable' data-aos=\"fade-up\">Executive Advisor<\/h3>\n\n                <hr \/>\n\n                <p class='collapsable__description'>\n                    ist ein aktiver Interim Manager, der als Markenbotschafter eng mit Signium Interim im Netzwerk arbeitet und mit seiner Erfahrung die Qualit\u00e4t der Kandidaten sichert.                <\/p>\n            <\/div>\n            <\/div>\n<\/div>","protected":false},"excerpt":{"rendered":"<p>Unser Beratungsansatz Signium Executive Interim Management steht f\u00fcr nachhaltige L\u00f6sungen durch pers\u00f6nliche Beziehungen und h\u00f6chste Qualit\u00e4tsstandards. Interim Management bedeutet f\u00fcr uns Networking Business. Unsere Devise: Wir wollen nicht alle Interim Manager kennen, sondern nur die Besten.&nbsp; Wir verstehen, dass jede Anfrage einzigartig ist. Deshalb legen wir Wert auf eine individuelle und sorgf\u00e4ltige Herangehensweise. Wir h\u00f6ren [&hellip;]<\/p>\n","protected":false},"author":1,"featured_media":9778,"parent":9713,"menu_order":0,"comment_status":"closed","ping_status":"closed","template":"page-templates\/page-template-functions.php","meta":{"footnotes":""},"acf":[],"yoast_head":"<!-- This site is optimized with the Yoast SEO Premium plugin v20.5 (Yoast SEO v20.5) - https:\/\/yoast.com\/wordpress\/plugins\/seo\/ -->\n<title>Unser Ansatz &ndash; Signium<\/title>\n<meta name=\"description\" content=\"Signium Executive Interim Management steht f\u00fcr nachhaltige L\u00f6sungen durch pers\u00f6nliche Beziehungen und h\u00f6chste Qualit\u00e4tsstandards.\" \/>\n<meta name=\"robots\" content=\"index, follow, max-snippet:-1, max-image-preview:large, max-video-preview:-1\" \/>\n<link rel=\"canonical\" href=\"https:\/\/www.signium.com\/de\/executive-interim-management\/our-approach-unser-ansatz\/\" \/>\n<meta property=\"og:locale\" content=\"de_DE\" \/>\n<meta property=\"og:type\" content=\"article\" \/>\n<meta property=\"og:title\" content=\"Unser Ansatz\" \/>\n<meta property=\"og:description\" content=\"Signium Executive Interim Management steht f\u00fcr nachhaltige L\u00f6sungen durch pers\u00f6nliche Beziehungen und h\u00f6chste Qualit\u00e4tsstandards.\" \/>\n<meta property=\"og:url\" content=\"https:\/\/www.signium.com\/de\/executive-interim-management\/our-approach-unser-ansatz\/\" \/>\n<meta property=\"og:site_name\" content=\"Signium\" \/>\n<meta property=\"article:modified_time\" content=\"2024-07-12T15:18:02+00:00\" \/>\n<meta property=\"og:image\" content=\"https:\/\/www.signium.com\/wp-content\/uploads\/2024\/06\/Executive-Interim-Management_Start.png\" \/>\n\t<meta property=\"og:image:width\" content=\"604\" \/>\n\t<meta property=\"og:image:height\" content=\"652\" \/>\n\t<meta property=\"og:image:type\" content=\"image\/png\" \/>\n<meta name=\"twitter:card\" content=\"summary_large_image\" \/>\n<meta name=\"twitter:site\" content=\"@signiumspeaks\" \/>\n<meta name=\"twitter:label1\" content=\"Est. reading time\" \/>\n\t<meta name=\"twitter:data1\" content=\"2 minutes\" \/>\n<script type=\"application\/ld+json\" class=\"yoast-schema-graph\">{\"@context\":\"https:\/\/schema.org\",\"@graph\":[{\"@type\":\"WebPage\",\"@id\":\"https:\/\/www.signium.com\/de\/executive-interim-management\/our-approach-unser-ansatz\/\",\"url\":\"https:\/\/www.signium.com\/de\/executive-interim-management\/our-approach-unser-ansatz\/\",\"name\":\"Unser Ansatz &ndash; Signium\",\"isPartOf\":{\"@id\":\"https:\/\/staging.signium.com\/#website\"},\"datePublished\":\"2024-06-24T10:23:51+00:00\",\"dateModified\":\"2024-07-12T15:18:02+00:00\",\"description\":\"Signium Executive Interim Management steht f\u00fcr nachhaltige L\u00f6sungen durch pers\u00f6nliche Beziehungen und h\u00f6chste Qualit\u00e4tsstandards.\",\"breadcrumb\":{\"@id\":\"https:\/\/www.signium.com\/de\/executive-interim-management\/our-approach-unser-ansatz\/#breadcrumb\"},\"inLanguage\":\"de-DE\",\"potentialAction\":[{\"@type\":\"ReadAction\",\"target\":[\"https:\/\/www.signium.com\/de\/executive-interim-management\/our-approach-unser-ansatz\/\"]}]},{\"@type\":\"BreadcrumbList\",\"@id\":\"https:\/\/www.signium.com\/de\/executive-interim-management\/our-approach-unser-ansatz\/#breadcrumb\",\"itemListElement\":[{\"@type\":\"ListItem\",\"position\":1,\"name\":\"Home\",\"item\":\"https:\/\/www.signium.com\/de\/\"},{\"@type\":\"ListItem\",\"position\":2,\"name\":\"Executive Interim Management\",\"item\":\"https:\/\/www.signium.com\/de\/executive-interim-management\/\"},{\"@type\":\"ListItem\",\"position\":3,\"name\":\"Unser Ansatz\"}]},{\"@type\":\"WebSite\",\"@id\":\"https:\/\/staging.signium.com\/#website\",\"url\":\"https:\/\/staging.signium.com\/\",\"name\":\"Signium\",\"description\":\"Global Executive Search and Leadership Consulting\",\"publisher\":{\"@id\":\"https:\/\/staging.signium.com\/#organization\"},\"potentialAction\":[{\"@type\":\"SearchAction\",\"target\":{\"@type\":\"EntryPoint\",\"urlTemplate\":\"https:\/\/staging.signium.com\/?s={search_term_string}\"},\"query-input\":\"required name=search_term_string\"}],\"inLanguage\":\"de-DE\"},{\"@type\":\"Organization\",\"@id\":\"https:\/\/staging.signium.com\/#organization\",\"name\":\"Signium\",\"url\":\"https:\/\/staging.signium.com\/\",\"logo\":{\"@type\":\"ImageObject\",\"inLanguage\":\"de-DE\",\"@id\":\"https:\/\/staging.signium.com\/#\/schema\/logo\/image\/\",\"url\":\"https:\/\/www.signium.com\/wp-content\/uploads\/2020\/05\/logo-darkblue.png\",\"contentUrl\":\"https:\/\/www.signium.com\/wp-content\/uploads\/2020\/05\/logo-darkblue.png\",\"width\":300,\"height\":66,\"caption\":\"Signium\"},\"image\":{\"@id\":\"https:\/\/staging.signium.com\/#\/schema\/logo\/image\/\"},\"sameAs\":[\"https:\/\/twitter.com\/signiumspeaks\",\"https:\/\/www.linkedin.com\/company\/signium\",\"https:\/\/www.youtube.com\/channel\/UC1mryZmvR40LptxwpsxMaiw\"]}]}<\/script>\n<!-- \/ Yoast SEO Premium plugin. -->","yoast_head_json":{"title":"Unser Ansatz &ndash; Signium","description":"Signium Executive Interim Management steht f\u00fcr nachhaltige L\u00f6sungen durch pers\u00f6nliche Beziehungen und h\u00f6chste Qualit\u00e4tsstandards.","robots":{"index":"index","follow":"follow","max-snippet":"max-snippet:-1","max-image-preview":"max-image-preview:large","max-video-preview":"max-video-preview:-1"},"canonical":"https:\/\/www.signium.com\/de\/executive-interim-management\/our-approach-unser-ansatz\/","og_locale":"de_DE","og_type":"article","og_title":"Unser Ansatz","og_description":"Signium Executive Interim Management steht f\u00fcr nachhaltige L\u00f6sungen durch pers\u00f6nliche Beziehungen und h\u00f6chste Qualit\u00e4tsstandards.","og_url":"https:\/\/www.signium.com\/de\/executive-interim-management\/our-approach-unser-ansatz\/","og_site_name":"Signium","article_modified_time":"2024-07-12T15:18:02+00:00","og_image":[{"width":604,"height":652,"url":"https:\/\/www.signium.com\/wp-content\/uploads\/2024\/06\/Executive-Interim-Management_Start.png","type":"image\/png"}],"twitter_card":"summary_large_image","twitter_site":"@signiumspeaks","twitter_misc":{"Est. reading time":"2 minutes"},"schema":{"@context":"https:\/\/schema.org","@graph":[{"@type":"WebPage","@id":"https:\/\/www.signium.com\/de\/executive-interim-management\/our-approach-unser-ansatz\/","url":"https:\/\/www.signium.com\/de\/executive-interim-management\/our-approach-unser-ansatz\/","name":"Unser Ansatz &ndash; Signium","isPartOf":{"@id":"https:\/\/staging.signium.com\/#website"},"datePublished":"2024-06-24T10:23:51+00:00","dateModified":"2024-07-12T15:18:02+00:00","description":"Signium Executive Interim Management steht f\u00fcr nachhaltige L\u00f6sungen durch pers\u00f6nliche Beziehungen und h\u00f6chste Qualit\u00e4tsstandards.","breadcrumb":{"@id":"https:\/\/www.signium.com\/de\/executive-interim-management\/our-approach-unser-ansatz\/#breadcrumb"},"inLanguage":"de-DE","potentialAction":[{"@type":"ReadAction","target":["https:\/\/www.signium.com\/de\/executive-interim-management\/our-approach-unser-ansatz\/"]}]},{"@type":"BreadcrumbList","@id":"https:\/\/www.signium.com\/de\/executive-interim-management\/our-approach-unser-ansatz\/#breadcrumb","itemListElement":[{"@type":"ListItem","position":1,"name":"Home","item":"https:\/\/www.signium.com\/de\/"},{"@type":"ListItem","position":2,"name":"Executive Interim Management","item":"https:\/\/www.signium.com\/de\/executive-interim-management\/"},{"@type":"ListItem","position":3,"name":"Unser Ansatz"}]},{"@type":"WebSite","@id":"https:\/\/staging.signium.com\/#website","url":"https:\/\/staging.signium.com\/","name":"Signium","description":"Global Executive Search and Leadership Consulting","publisher":{"@id":"https:\/\/staging.signium.com\/#organization"},"potentialAction":[{"@type":"SearchAction","target":{"@type":"EntryPoint","urlTemplate":"https:\/\/staging.signium.com\/?s={search_term_string}"},"query-input":"required name=search_term_string"}],"inLanguage":"de-DE"},{"@type":"Organization","@id":"https:\/\/staging.signium.com\/#organization","name":"Signium","url":"https:\/\/staging.signium.com\/","logo":{"@type":"ImageObject","inLanguage":"de-DE","@id":"https:\/\/staging.signium.com\/#\/schema\/logo\/image\/","url":"https:\/\/www.signium.com\/wp-content\/uploads\/2020\/05\/logo-darkblue.png","contentUrl":"https:\/\/www.signium.com\/wp-content\/uploads\/2020\/05\/logo-darkblue.png","width":300,"height":66,"caption":"Signium"},"image":{"@id":"https:\/\/staging.signium.com\/#\/schema\/logo\/image\/"},"sameAs":["https:\/\/twitter.com\/signiumspeaks","https:\/\/www.linkedin.com\/company\/signium","https:\/\/www.youtube.com\/channel\/UC1mryZmvR40LptxwpsxMaiw"]}]}},"_links":{"self":[{"href":"https:\/\/www.signium.com\/de\/wp-json\/wp\/v2\/pages\/9729"}],"collection":[{"href":"https:\/\/www.signium.com\/de\/wp-json\/wp\/v2\/pages"}],"about":[{"href":"https:\/\/www.signium.com\/de\/wp-json\/wp\/v2\/types\/page"}],"author":[{"embeddable":true,"href":"https:\/\/www.signium.com\/de\/wp-json\/wp\/v2\/users\/1"}],"replies":[{"embeddable":true,"href":"https:\/\/www.signium.com\/de\/wp-json\/wp\/v2\/comments?post=9729"}],"version-history":[{"count":26,"href":"https:\/\/www.signium.com\/de\/wp-json\/wp\/v2\/pages\/9729\/revisions"}],"predecessor-version":[{"id":10286,"href":"https:\/\/www.signium.com\/de\/wp-json\/wp\/v2\/pages\/9729\/revisions\/10286"}],"up":[{"embeddable":true,"href":"https:\/\/www.signium.com\/de\/wp-json\/wp\/v2\/pages\/9713"}],"wp:featuredmedia":[{"embeddable":true,"href":"https:\/\/www.signium.com\/de\/wp-json\/wp\/v2\/media\/9778"}],"wp:attachment":[{"href":"https:\/\/www.signium.com\/de\/wp-json\/wp\/v2\/media?parent=9729"}],"curies":[{"name":"wp","href":"https:\/\/api.w.org\/{rel}","templated":true}]}}