{"id":7915,"date":"2023-11-09T16:15:47","date_gmt":"2023-11-09T21:15:47","guid":{"rendered":"https:\/\/www.signium.com\/?page_id=7915"},"modified":"2023-11-09T16:26:18","modified_gmt":"2023-11-09T21:26:18","slug":"home","status":"publish","type":"page","link":"https:\/\/www.signium.com\/es\/","title":{"rendered":"Home"},"content":{"rendered":"\n<p data-aos=\"fade-up\">Nuestros grupos de pr\u00e1ctica y especialidades sectoriales garantizan un conocimiento profundo.<\/p>\n\n\n\n<p data-aos=\"fade-up\">Nuestros consultores operan en grupos de pr\u00e1ctica de la industria. Cada uno ha desarrollado enfoques de mejores pr\u00e1cticas que brindan resultados a nuestros clientes, sea cual sea el desaf\u00edo.<\/p>\n","protected":false},"excerpt":{"rendered":"<p>Nuestros grupos de pr\u00e1ctica y especialidades sectoriales garantizan un conocimiento profundo. Nuestros consultores operan en grupos de pr\u00e1ctica de la industria. Cada uno ha desarrollado enfoques de mejores pr\u00e1cticas que brindan resultados a nuestros clientes, sea cual sea el desaf\u00edo.<\/p>\n","protected":false},"author":6,"featured_media":0,"parent":0,"menu_order":0,"comment_status":"closed","ping_status":"closed","template":"page-templates\/page-template-home.php","meta":{"footnotes":""},"acf":[],"yoast_head":"<!-- This site is optimized with the Yoast SEO Premium plugin v20.5 (Yoast SEO v20.5) - https:\/\/yoast.com\/wordpress\/plugins\/seo\/ -->\n<title>Home &ndash; Signium<\/title>\n<meta name=\"robots\" content=\"index, follow, max-snippet:-1, max-image-preview:large, max-video-preview:-1\" \/>\n<link rel=\"canonical\" href=\"https:\/\/staging.signium.com\/es\/\" \/>\n<meta property=\"og:locale\" content=\"es_ES\" \/>\n<meta property=\"og:type\" content=\"article\" \/>\n<meta property=\"og:title\" content=\"Home\" \/>\n<meta property=\"og:description\" content=\"Nuestros grupos de pr\u00e1ctica y especialidades sectoriales garantizan un conocimiento profundo. Nuestros consultores operan en grupos de pr\u00e1ctica de la industria. Cada uno ha desarrollado enfoques de mejores pr\u00e1cticas que brindan resultados a nuestros clientes, sea cual sea el desaf\u00edo.\" \/>\n<meta property=\"og:url\" content=\"https:\/\/staging.signium.com\/es\/\" \/>\n<meta property=\"og:site_name\" content=\"Signium\" \/>\n<meta property=\"article:modified_time\" content=\"2023-11-09T21:26:18+00:00\" \/>\n<meta name=\"twitter:card\" content=\"summary_large_image\" \/>\n<meta name=\"twitter:site\" content=\"@signiumspeaks\" \/>\n<meta name=\"twitter:label1\" content=\"Est. reading time\" \/>\n\t<meta name=\"twitter:data1\" content=\"1 minute\" \/>\n<script type=\"application\/ld+json\" class=\"yoast-schema-graph\">{\"@context\":\"https:\/\/schema.org\",\"@graph\":[{\"@type\":\"WebPage\",\"@id\":\"https:\/\/staging.signium.com\/es\/\",\"url\":\"https:\/\/staging.signium.com\/es\/\",\"name\":\"Home &ndash; Signium\",\"isPartOf\":{\"@id\":\"https:\/\/staging.signium.com\/#website\"},\"datePublished\":\"2023-11-09T21:15:47+00:00\",\"dateModified\":\"2023-11-09T21:26:18+00:00\",\"breadcrumb\":{\"@id\":\"https:\/\/staging.signium.com\/es\/#breadcrumb\"},\"inLanguage\":\"es-ES\",\"potentialAction\":[{\"@type\":\"ReadAction\",\"target\":[\"https:\/\/staging.signium.com\/es\/\"]}]},{\"@type\":\"BreadcrumbList\",\"@id\":\"https:\/\/staging.signium.com\/es\/#breadcrumb\",\"itemListElement\":[{\"@type\":\"ListItem\",\"position\":1,\"name\":\"Home\",\"item\":\"https:\/\/staging.signium.com\/es\/\"},{\"@type\":\"ListItem\",\"position\":2,\"name\":\"Home\"}]},{\"@type\":\"WebSite\",\"@id\":\"https:\/\/staging.signium.com\/#website\",\"url\":\"https:\/\/staging.signium.com\/\",\"name\":\"Signium\",\"description\":\"Global Executive Search and Leadership Consulting\",\"publisher\":{\"@id\":\"https:\/\/staging.signium.com\/#organization\"},\"potentialAction\":[{\"@type\":\"SearchAction\",\"target\":{\"@type\":\"EntryPoint\",\"urlTemplate\":\"https:\/\/staging.signium.com\/?s={search_term_string}\"},\"query-input\":\"required name=search_term_string\"}],\"inLanguage\":\"es-ES\"},{\"@type\":\"Organization\",\"@id\":\"https:\/\/staging.signium.com\/#organization\",\"name\":\"Signium\",\"url\":\"https:\/\/staging.signium.com\/\",\"logo\":{\"@type\":\"ImageObject\",\"inLanguage\":\"es-ES\",\"@id\":\"https:\/\/staging.signium.com\/#\/schema\/logo\/image\/\",\"url\":\"https:\/\/www.signium.com\/wp-content\/uploads\/2020\/05\/logo-darkblue.png\",\"contentUrl\":\"https:\/\/www.signium.com\/wp-content\/uploads\/2020\/05\/logo-darkblue.png\",\"width\":300,\"height\":66,\"caption\":\"Signium\"},\"image\":{\"@id\":\"https:\/\/staging.signium.com\/#\/schema\/logo\/image\/\"},\"sameAs\":[\"https:\/\/twitter.com\/signiumspeaks\",\"https:\/\/www.linkedin.com\/company\/signium\",\"https:\/\/www.youtube.com\/channel\/UC1mryZmvR40LptxwpsxMaiw\"]}]}<\/script>\n<!-- \/ Yoast SEO Premium plugin. -->","yoast_head_json":{"title":"Home &ndash; Signium","robots":{"index":"index","follow":"follow","max-snippet":"max-snippet:-1","max-image-preview":"max-image-preview:large","max-video-preview":"max-video-preview:-1"},"canonical":"https:\/\/staging.signium.com\/es\/","og_locale":"es_ES","og_type":"article","og_title":"Home","og_description":"Nuestros grupos de pr\u00e1ctica y especialidades sectoriales garantizan un conocimiento profundo. Nuestros consultores operan en grupos de pr\u00e1ctica de la industria. Cada uno ha desarrollado enfoques de mejores pr\u00e1cticas que brindan resultados a nuestros clientes, sea cual sea el desaf\u00edo.","og_url":"https:\/\/staging.signium.com\/es\/","og_site_name":"Signium","article_modified_time":"2023-11-09T21:26:18+00:00","twitter_card":"summary_large_image","twitter_site":"@signiumspeaks","twitter_misc":{"Est. reading time":"1 minute"},"schema":{"@context":"https:\/\/schema.org","@graph":[{"@type":"WebPage","@id":"https:\/\/staging.signium.com\/es\/","url":"https:\/\/staging.signium.com\/es\/","name":"Home &ndash; Signium","isPartOf":{"@id":"https:\/\/staging.signium.com\/#website"},"datePublished":"2023-11-09T21:15:47+00:00","dateModified":"2023-11-09T21:26:18+00:00","breadcrumb":{"@id":"https:\/\/staging.signium.com\/es\/#breadcrumb"},"inLanguage":"es-ES","potentialAction":[{"@type":"ReadAction","target":["https:\/\/staging.signium.com\/es\/"]}]},{"@type":"BreadcrumbList","@id":"https:\/\/staging.signium.com\/es\/#breadcrumb","itemListElement":[{"@type":"ListItem","position":1,"name":"Home","item":"https:\/\/staging.signium.com\/es\/"},{"@type":"ListItem","position":2,"name":"Home"}]},{"@type":"WebSite","@id":"https:\/\/staging.signium.com\/#website","url":"https:\/\/staging.signium.com\/","name":"Signium","description":"Global Executive Search and Leadership Consulting","publisher":{"@id":"https:\/\/staging.signium.com\/#organization"},"potentialAction":[{"@type":"SearchAction","target":{"@type":"EntryPoint","urlTemplate":"https:\/\/staging.signium.com\/?s={search_term_string}"},"query-input":"required name=search_term_string"}],"inLanguage":"es-ES"},{"@type":"Organization","@id":"https:\/\/staging.signium.com\/#organization","name":"Signium","url":"https:\/\/staging.signium.com\/","logo":{"@type":"ImageObject","inLanguage":"es-ES","@id":"https:\/\/staging.signium.com\/#\/schema\/logo\/image\/","url":"https:\/\/www.signium.com\/wp-content\/uploads\/2020\/05\/logo-darkblue.png","contentUrl":"https:\/\/www.signium.com\/wp-content\/uploads\/2020\/05\/logo-darkblue.png","width":300,"height":66,"caption":"Signium"},"image":{"@id":"https:\/\/staging.signium.com\/#\/schema\/logo\/image\/"},"sameAs":["https:\/\/twitter.com\/signiumspeaks","https:\/\/www.linkedin.com\/company\/signium","https:\/\/www.youtube.com\/channel\/UC1mryZmvR40LptxwpsxMaiw"]}]}},"_links":{"self":[{"href":"https:\/\/www.signium.com\/es\/wp-json\/wp\/v2\/pages\/7915"}],"collection":[{"href":"https:\/\/www.signium.com\/es\/wp-json\/wp\/v2\/pages"}],"about":[{"href":"https:\/\/www.signium.com\/es\/wp-json\/wp\/v2\/types\/page"}],"author":[{"embeddable":true,"href":"https:\/\/www.signium.com\/es\/wp-json\/wp\/v2\/users\/6"}],"replies":[{"embeddable":true,"href":"https:\/\/www.signium.com\/es\/wp-json\/wp\/v2\/comments?post=7915"}],"version-history":[{"count":3,"href":"https:\/\/www.signium.com\/es\/wp-json\/wp\/v2\/pages\/7915\/revisions"}],"predecessor-version":[{"id":7918,"href":"https:\/\/www.signium.com\/es\/wp-json\/wp\/v2\/pages\/7915\/revisions\/7918"}],"wp:attachment":[{"href":"https:\/\/www.signium.com\/es\/wp-json\/wp\/v2\/media?parent=7915"}],"curies":[{"name":"wp","href":"https:\/\/api.w.org\/{rel}","templated":true}]}}