{"id":4666,"date":"2021-10-01T21:38:14","date_gmt":"2021-10-01T21:38:14","guid":{"rendered":"https:\/\/www.signium.com\/?page_id=4666"},"modified":"2021-10-01T21:38:15","modified_gmt":"2021-10-01T21:38:15","slug":"toimialat","status":"publish","type":"page","link":"https:\/\/www.signium.com\/fi\/toimialat\/","title":{"rendered":"Toimialat"},"content":{"rendered":"\n<h2 class=\"wp-block-heading\" data-aos=\"fade-up\">Toimiala-asiantuntijamme ja aina tiettyyn alaan erikoistuminen takaavat syv\u00e4llisen tiet\u00e4myksen kustakin alasta.<\/h2>\n\n\n\n<div class=\"wp-block-columns is-layout-flex wp-container-core-columns-layout-1 wp-block-columns-is-layout-flex\">\n<div class=\"wp-block-column is-layout-flow wp-block-column-is-layout-flow\">\n<p data-aos=\"fade-up\">Jokaisella johtoryhm\u00e4ll\u00e4 on edess\u00e4\u00e4n ainutlaatuinen joukko haasteita siin\u00e4 maantieteellisess\u00e4, kulttuurisessa ja alakohtaisessa ymp\u00e4rist\u00f6ss\u00e4, jossa he toimivat. Tarjoamme osaamistamme liiketoiminta-aloista ja markkinoista parhaiden osaajien hankkimiseksi, kehitt\u00e4miseksi ja pit\u00e4miseksi, olipa sitten kyse globaaleista, alueellisista tai paikallisista teht\u00e4vist\u00e4.<\/p>\n\n\n\n<p data-aos=\"fade-up\">Konsulttimme ovat oman alansa asiantuntijoita. Heist\u00e4 jokainen on kehitt\u00e4nyt oman alansa parhaita toimintatapoja, joilla vastata asiakkaidemme tarpeisiin \u2013 olipa haaste millainen tahansa.<\/p>\n<\/div>\n\n\n\n<div class=\"wp-block-column is-layout-flow wp-block-column-is-layout-flow\">\n<p data-aos=\"fade-up\">Jokaisessa valmennusryhm\u00e4ss\u00e4 tarjoamme asiakkaidemme k\u00e4ytt\u00f6\u00f6n kokemuksemme kaikista rooleista: hallitus, yleinen johto, myynti ja markkinointi, talous, henkil\u00f6st\u00f6, toiminta, toimitusketju, tutkimus ja kehitys, teknologia ja digitaalinen, kest\u00e4v\u00e4 kehitys, monimuotoisuus ja asiantuntijaroolit.<\/p>\n<\/div>\n<\/div>\n\n\n\n<p data-aos=\"fade-up\"><\/p>\n","protected":false},"excerpt":{"rendered":"<p>Toimiala-asiantuntijamme ja aina tiettyyn alaan erikoistuminen takaavat syv\u00e4llisen tiet\u00e4myksen kustakin alasta. Jokaisella johtoryhm\u00e4ll\u00e4 on edess\u00e4\u00e4n ainutlaatuinen joukko haasteita siin\u00e4 maantieteellisess\u00e4, kulttuurisessa ja alakohtaisessa ymp\u00e4rist\u00f6ss\u00e4, jossa he toimivat. Tarjoamme osaamistamme liiketoiminta-aloista ja markkinoista parhaiden osaajien hankkimiseksi, kehitt\u00e4miseksi ja pit\u00e4miseksi, olipa sitten kyse globaaleista, alueellisista tai paikallisista teht\u00e4vist\u00e4. Konsulttimme ovat oman alansa asiantuntijoita. Heist\u00e4 jokainen on kehitt\u00e4nyt [&hellip;]<\/p>\n","protected":false},"author":6,"featured_media":9277,"parent":0,"menu_order":0,"comment_status":"closed","ping_status":"closed","template":"page-templates\/page-template-industries.php","meta":{"footnotes":""},"acf":[],"yoast_head":"<!-- This site is optimized with the Yoast SEO Premium plugin v20.5 (Yoast SEO v20.5) - https:\/\/yoast.com\/wordpress\/plugins\/seo\/ -->\n<title>Toimialat &ndash; Signium<\/title>\n<meta name=\"robots\" content=\"index, follow, max-snippet:-1, max-image-preview:large, max-video-preview:-1\" \/>\n<link rel=\"canonical\" href=\"https:\/\/staging.signium.com\/fi\/toimialat\/\" \/>\n<meta property=\"og:locale\" content=\"fi_FI\" \/>\n<meta property=\"og:type\" content=\"article\" \/>\n<meta property=\"og:title\" content=\"Toimialat\" \/>\n<meta property=\"og:description\" content=\"Toimiala-asiantuntijamme ja aina tiettyyn alaan erikoistuminen takaavat syv\u00e4llisen tiet\u00e4myksen kustakin alasta. Jokaisella johtoryhm\u00e4ll\u00e4 on edess\u00e4\u00e4n ainutlaatuinen joukko haasteita siin\u00e4 maantieteellisess\u00e4, kulttuurisessa ja alakohtaisessa ymp\u00e4rist\u00f6ss\u00e4, jossa he toimivat. Tarjoamme osaamistamme liiketoiminta-aloista ja markkinoista parhaiden osaajien hankkimiseksi, kehitt\u00e4miseksi ja pit\u00e4miseksi, olipa sitten kyse globaaleista, alueellisista tai paikallisista teht\u00e4vist\u00e4. Konsulttimme ovat oman alansa asiantuntijoita. Heist\u00e4 jokainen on kehitt\u00e4nyt [&hellip;]\" \/>\n<meta property=\"og:url\" content=\"https:\/\/staging.signium.com\/fi\/toimialat\/\" \/>\n<meta property=\"og:site_name\" content=\"Signium\" \/>\n<meta property=\"article:modified_time\" content=\"2021-10-01T21:38:15+00:00\" \/>\n<meta property=\"og:image\" content=\"https:\/\/staging.signium.com\/wp-content\/uploads\/2020\/03\/sciencewomen_opt.jpg\" \/>\n\t<meta property=\"og:image:width\" content=\"2560\" \/>\n\t<meta property=\"og:image:height\" content=\"1704\" \/>\n\t<meta property=\"og:image:type\" content=\"image\/jpeg\" \/>\n<meta name=\"twitter:card\" content=\"summary_large_image\" \/>\n<meta name=\"twitter:site\" content=\"@signiumspeaks\" \/>\n<meta name=\"twitter:label1\" content=\"Est. reading time\" \/>\n\t<meta name=\"twitter:data1\" content=\"1 minute\" \/>\n<script type=\"application\/ld+json\" class=\"yoast-schema-graph\">{\"@context\":\"https:\/\/schema.org\",\"@graph\":[{\"@type\":\"WebPage\",\"@id\":\"https:\/\/staging.signium.com\/fi\/toimialat\/\",\"url\":\"https:\/\/staging.signium.com\/fi\/toimialat\/\",\"name\":\"Toimialat &ndash; Signium\",\"isPartOf\":{\"@id\":\"https:\/\/staging.signium.com\/#website\"},\"datePublished\":\"2021-10-01T21:38:14+00:00\",\"dateModified\":\"2021-10-01T21:38:15+00:00\",\"breadcrumb\":{\"@id\":\"https:\/\/staging.signium.com\/fi\/toimialat\/#breadcrumb\"},\"inLanguage\":\"fi-FI\",\"potentialAction\":[{\"@type\":\"ReadAction\",\"target\":[\"https:\/\/staging.signium.com\/fi\/toimialat\/\"]}]},{\"@type\":\"BreadcrumbList\",\"@id\":\"https:\/\/staging.signium.com\/fi\/toimialat\/#breadcrumb\",\"itemListElement\":[{\"@type\":\"ListItem\",\"position\":1,\"name\":\"Home\",\"item\":\"https:\/\/www.signium.com\/fi\/\"},{\"@type\":\"ListItem\",\"position\":2,\"name\":\"Toimialat\"}]},{\"@type\":\"WebSite\",\"@id\":\"https:\/\/staging.signium.com\/#website\",\"url\":\"https:\/\/staging.signium.com\/\",\"name\":\"Signium\",\"description\":\"Global Executive Search and Leadership Consulting\",\"publisher\":{\"@id\":\"https:\/\/staging.signium.com\/#organization\"},\"potentialAction\":[{\"@type\":\"SearchAction\",\"target\":{\"@type\":\"EntryPoint\",\"urlTemplate\":\"https:\/\/staging.signium.com\/?s={search_term_string}\"},\"query-input\":\"required name=search_term_string\"}],\"inLanguage\":\"fi-FI\"},{\"@type\":\"Organization\",\"@id\":\"https:\/\/staging.signium.com\/#organization\",\"name\":\"Signium\",\"url\":\"https:\/\/staging.signium.com\/\",\"logo\":{\"@type\":\"ImageObject\",\"inLanguage\":\"fi-FI\",\"@id\":\"https:\/\/staging.signium.com\/#\/schema\/logo\/image\/\",\"url\":\"https:\/\/www.signium.com\/wp-content\/uploads\/2020\/05\/logo-darkblue.png\",\"contentUrl\":\"https:\/\/www.signium.com\/wp-content\/uploads\/2020\/05\/logo-darkblue.png\",\"width\":300,\"height\":66,\"caption\":\"Signium\"},\"image\":{\"@id\":\"https:\/\/staging.signium.com\/#\/schema\/logo\/image\/\"},\"sameAs\":[\"https:\/\/twitter.com\/signiumspeaks\",\"https:\/\/www.linkedin.com\/company\/signium\",\"https:\/\/www.youtube.com\/channel\/UC1mryZmvR40LptxwpsxMaiw\"]}]}<\/script>\n<!-- \/ Yoast SEO Premium plugin. -->","yoast_head_json":{"title":"Toimialat &ndash; Signium","robots":{"index":"index","follow":"follow","max-snippet":"max-snippet:-1","max-image-preview":"max-image-preview:large","max-video-preview":"max-video-preview:-1"},"canonical":"https:\/\/staging.signium.com\/fi\/toimialat\/","og_locale":"fi_FI","og_type":"article","og_title":"Toimialat","og_description":"Toimiala-asiantuntijamme ja aina tiettyyn alaan erikoistuminen takaavat syv\u00e4llisen tiet\u00e4myksen kustakin alasta. Jokaisella johtoryhm\u00e4ll\u00e4 on edess\u00e4\u00e4n ainutlaatuinen joukko haasteita siin\u00e4 maantieteellisess\u00e4, kulttuurisessa ja alakohtaisessa ymp\u00e4rist\u00f6ss\u00e4, jossa he toimivat. Tarjoamme osaamistamme liiketoiminta-aloista ja markkinoista parhaiden osaajien hankkimiseksi, kehitt\u00e4miseksi ja pit\u00e4miseksi, olipa sitten kyse globaaleista, alueellisista tai paikallisista teht\u00e4vist\u00e4. Konsulttimme ovat oman alansa asiantuntijoita. Heist\u00e4 jokainen on kehitt\u00e4nyt [&hellip;]","og_url":"https:\/\/staging.signium.com\/fi\/toimialat\/","og_site_name":"Signium","article_modified_time":"2021-10-01T21:38:15+00:00","og_image":[{"width":2560,"height":1704,"url":"https:\/\/staging.signium.com\/wp-content\/uploads\/2020\/03\/sciencewomen_opt.jpg","type":"image\/jpeg"}],"twitter_card":"summary_large_image","twitter_site":"@signiumspeaks","twitter_misc":{"Est. reading time":"1 minute"},"schema":{"@context":"https:\/\/schema.org","@graph":[{"@type":"WebPage","@id":"https:\/\/staging.signium.com\/fi\/toimialat\/","url":"https:\/\/staging.signium.com\/fi\/toimialat\/","name":"Toimialat &ndash; Signium","isPartOf":{"@id":"https:\/\/staging.signium.com\/#website"},"datePublished":"2021-10-01T21:38:14+00:00","dateModified":"2021-10-01T21:38:15+00:00","breadcrumb":{"@id":"https:\/\/staging.signium.com\/fi\/toimialat\/#breadcrumb"},"inLanguage":"fi-FI","potentialAction":[{"@type":"ReadAction","target":["https:\/\/staging.signium.com\/fi\/toimialat\/"]}]},{"@type":"BreadcrumbList","@id":"https:\/\/staging.signium.com\/fi\/toimialat\/#breadcrumb","itemListElement":[{"@type":"ListItem","position":1,"name":"Home","item":"https:\/\/www.signium.com\/fi\/"},{"@type":"ListItem","position":2,"name":"Toimialat"}]},{"@type":"WebSite","@id":"https:\/\/staging.signium.com\/#website","url":"https:\/\/staging.signium.com\/","name":"Signium","description":"Global Executive Search and Leadership Consulting","publisher":{"@id":"https:\/\/staging.signium.com\/#organization"},"potentialAction":[{"@type":"SearchAction","target":{"@type":"EntryPoint","urlTemplate":"https:\/\/staging.signium.com\/?s={search_term_string}"},"query-input":"required name=search_term_string"}],"inLanguage":"fi-FI"},{"@type":"Organization","@id":"https:\/\/staging.signium.com\/#organization","name":"Signium","url":"https:\/\/staging.signium.com\/","logo":{"@type":"ImageObject","inLanguage":"fi-FI","@id":"https:\/\/staging.signium.com\/#\/schema\/logo\/image\/","url":"https:\/\/www.signium.com\/wp-content\/uploads\/2020\/05\/logo-darkblue.png","contentUrl":"https:\/\/www.signium.com\/wp-content\/uploads\/2020\/05\/logo-darkblue.png","width":300,"height":66,"caption":"Signium"},"image":{"@id":"https:\/\/staging.signium.com\/#\/schema\/logo\/image\/"},"sameAs":["https:\/\/twitter.com\/signiumspeaks","https:\/\/www.linkedin.com\/company\/signium","https:\/\/www.youtube.com\/channel\/UC1mryZmvR40LptxwpsxMaiw"]}]}},"_links":{"self":[{"href":"https:\/\/www.signium.com\/fi\/wp-json\/wp\/v2\/pages\/4666"}],"collection":[{"href":"https:\/\/www.signium.com\/fi\/wp-json\/wp\/v2\/pages"}],"about":[{"href":"https:\/\/www.signium.com\/fi\/wp-json\/wp\/v2\/types\/page"}],"author":[{"embeddable":true,"href":"https:\/\/www.signium.com\/fi\/wp-json\/wp\/v2\/users\/6"}],"replies":[{"embeddable":true,"href":"https:\/\/www.signium.com\/fi\/wp-json\/wp\/v2\/comments?post=4666"}],"version-history":[{"count":1,"href":"https:\/\/www.signium.com\/fi\/wp-json\/wp\/v2\/pages\/4666\/revisions"}],"predecessor-version":[{"id":4667,"href":"https:\/\/www.signium.com\/fi\/wp-json\/wp\/v2\/pages\/4666\/revisions\/4667"}],"wp:featuredmedia":[{"embeddable":true,"href":"https:\/\/www.signium.com\/fi\/wp-json\/wp\/v2\/media\/9277"}],"wp:attachment":[{"href":"https:\/\/www.signium.com\/fi\/wp-json\/wp\/v2\/media?parent=4666"}],"curies":[{"name":"wp","href":"https:\/\/api.w.org\/{rel}","templated":true}]}}