{"id":4764,"date":"2021-10-14T18:12:17","date_gmt":"2021-10-14T18:12:17","guid":{"rendered":"https:\/\/www.signium.com\/?page_id=4764"},"modified":"2026-04-10T22:41:42","modified_gmt":"2026-04-10T20:41:42","slug":"meista","status":"publish","type":"page","link":"https:\/\/www.signium.com\/fi\/meista\/","title":{"rendered":"Meist\u00e4"},"content":{"rendered":"\n<div class=\"wp-block-columns is-layout-flex wp-container-core-columns-layout-1 wp-block-columns-is-layout-flex\">\n<div class=\"wp-block-column is-layout-flow wp-block-column-is-layout-flow\">\n<figure class=\"wp-block-image size-large\"><img loading=\"lazy\" decoding=\"async\" width=\"700\" height=\"777\" src=\"https:\/\/www.signium.com\/wp-content\/uploads\/2020\/02\/42-700x777.jpg\" alt=\"\" class=\"wp-image-453\" srcset=\"https:\/\/www.signium.com\/wp-content\/uploads\/2020\/02\/42-700x777.jpg 700w, https:\/\/www.signium.com\/wp-content\/uploads\/2020\/02\/42-250x278.jpg 250w, https:\/\/www.signium.com\/wp-content\/uploads\/2020\/02\/42-768x853.jpg 768w, https:\/\/www.signium.com\/wp-content\/uploads\/2020\/02\/42-120x133.jpg 120w, https:\/\/www.signium.com\/wp-content\/uploads\/2020\/02\/42.jpg 1072w\" sizes=\"(max-width: 700px) 100vw, 700px\" data-aos=\"fade-up\"\/><\/figure>\n\n\n\n<p><\/p>\n<\/div>\n\n\n\n<div class=\"wp-block-column is-layout-flow wp-block-column-is-layout-flow\">\n<h4 class=\"wp-block-heading\"><strong><strong><strong>Lupaus asiakkaillemme<\/strong><\/strong><\/strong><\/h4>\n\n\n\n<h3 class=\"wp-block-heading\">Signium tarjoa ylimm\u00e4n johdon suorahaku \u2013 ja neuvontantaja palvelua Executive Search &amp; Leadership Services Partnership.<\/h3>\n\n\n\n<p>Erikoisosaamisemme on auttaa asiakkaitamme rekrytoinneissa ja parhaiden johtotiimien kehitt\u00e4misess\u00e4 ja yll\u00e4pit\u00e4misess\u00e4. T\u00e4m\u00e4, tarkoittaa sit\u00e4, ett\u00e4 emme ainoastaan etsi lahjakkuuksia, vaan my\u00f6s opastamme yritysjohtajia, miten kehitt\u00e4\u00e4 taitojaan, yksil\u00f6it\u00e4, tiimej\u00e4 ja organisaatioitaan. Asiakkaamme toimivat ymp\u00e4ri maailmaa, ja niin teemme mekin. Meill\u00e4 on toimistot yli 30 maassa. Yhdist\u00e4mme maailmanlaajuisen Signium verkoston tietotaidon ja kokemuksen ensiluokkaiseen paikalliseen osaamiseen. N\u00e4in pystymme varmistamaan, ett\u00e4 asiakkaamme saavat parhaan mahdollisen osaamisen k\u00e4ytt\u00f6\u00f6ns\u00e4.<\/p>\n\n\n\n<p>Sukellamme syv\u00e4lle asiakkaidemme organisaatioiden yrityskulttuuriin ja valmiuksiin ymm\u00e4rt\u00e4\u00e4ksemme ihmisten todellisen luonteen. Olipa sitten kyse asiakkaidemme auttamisesta palkkaamaan oikeat ihmiset tai kehitt\u00e4m\u00e4\u00e4n loistavat johtotiimit. Me tarjoamme k\u00e4yt\u00e4nn\u00f6nl\u00e4heisen l\u00e4hestymistavan toteuttaa r\u00e4\u00e4t\u00e4l\u00f6ityj\u00e4 ratkaisuja, jotka tuottavat parhaat tulokset asiakkaillemme.<\/p>\n\n\n\n<p>Valitessamme ehdokkaita arvioimme sek\u00e4 objektiivisesti taitoja ja p\u00e4tevyytt\u00e4 ett\u00e4 intuitiivisesti henkil\u00f6kemiaa ja johtamiskyky\u00e4. Kutsumme t\u00e4t\u00e4 menetelm\u00e4\u00e4 \u00e4lyn ja intuition yhdistelm\u00e4ksi. Sen avulla pystymme n\u00e4kem\u00e4\u00e4n pintaa syvemm\u00e4lle, mik\u00e4 on todella t\u00e4rke\u00e4\u00e4.<\/p>\n<\/div>\n<\/div>\n\n\n\n<div class=\"wp-block-columns is-layout-flex wp-container-core-columns-layout-2 wp-block-columns-is-layout-flex\">\n<div class=\"wp-block-column is-layout-flow wp-block-column-is-layout-flow\">\n<h4 class=\"wp-block-heading\"><strong>Monimuotoisuus ja osallisuus<\/strong><\/h4>\n\n\n\n<h3 class=\"wp-block-heading\">Signium arvostaa ylimm\u00e4ss\u00e4 johdossa monipuolisuutta. Tunnistamme p\u00e4tevimm\u00e4t lahjakkuudet ja arvioimme kaikki ehdokkaat ennakkoluulottomasti ja laaja-alaisesti.<\/h3>\n\n\n\n<p>Monimuotoisuudella tarkoitetaan usein vain sukupuolijakaumaa. Olemme t\u00e4ysin samaa mielt\u00e4 siit\u00e4, ett\u00e4 t\u00e4rke\u00e4\u00e4 nimitt\u00e4\u00e4 lis\u00e4\u00e4 menestyvi\u00e4 liikenaisia johtoteht\u00e4viin. T\u00e4m\u00e4n lis\u00e4ksi muiden monimuotoisuuteen liittyvien tekij\u00f6iden huomioiminen on yht\u00e4 t\u00e4rke\u00e4\u00e4. Henkil\u00f6n Demografia kuten esimerkiksi maantieteellinen alkuper\u00e4, uskonto, rotu, seksuaalinen suuntautuminen ja kuinka monen vuoden kokemus henkil\u00f6ll\u00e4 on ovat asioita, joiden kautta saamme selkeyden henkil\u00f6n ajattelun l\u00e4ht\u00f6kohtiin, motiiveihin ja odotuksiin.<\/p>\n\n\n\n<p>Organisaatiot, jotka kannustavat ajattelun monimuotoisuutta ja hy\u00f6dynt\u00e4v\u00e4t erilaisten n\u00e4k\u00f6kulmien voimaa, ovat innovatiivisia ja luovia. T\u00e4m\u00e4 puolestaan tarjoaa ainutlaatuista kilpailuetua ja paremmat mahdollisuudet menesty\u00e4.<\/p>\n\n\n\n<p>Meit\u00e4 kiinnostaa koko ihminen. T\u00e4m\u00e4n takia henkil\u00f6n taustaerot ovat meille monimuotoisuuden kannalta t\u00e4rkeit\u00e4: Vartuitko perheess\u00e4, jossa vanhempasi, tai toinen heist\u00e4, ty\u00f6skenteli yritysmaailmassa? Tai opettajana? Sairaalassa? Tai asepalveluksessa? Omassa yrityksess\u00e4 tai kaupassa? Tai maatilalla? Kaikilla n\u00e4ill\u00e4 eri vaihtoehdoilla on vaikutuksensa sinuun ja mahdollisuuksiisi hankkia koulutus ja jatko kehitt\u00e4\u00e4 itse\u00e4si menestyv\u00e4n\u00e4 liike-el\u00e4m\u00e4n johtajana.<br>Olemme vakuuttuneita siit\u00e4, ett\u00e4 osallistava yrityskulttuuri, jossa jokaista kuunnellaan; jossa jokainen tuntee olevansa kunnioitettu ja arvostettu, voi vapauttaa piilevi\u00e4 kykyj\u00e4 ja saada jokaisen hy\u00f6dynt\u00e4m\u00e4\u00e4n kykyns\u00e4 t\u00e4ysim\u00e4\u00e4r\u00e4isesti.<\/p>\n<\/div>\n\n\n\n<div class=\"wp-block-column is-layout-flow wp-block-column-is-layout-flow\">\n<blockquote class=\"wp-block-quote is-style-large\"><p>\u201cDiversity and inclusion are directly related to higher-achieving teams, innovation, better access to key markets, improved recruiting and retention, and healthier organisations.\u201d <\/p><\/blockquote>\n\n\n\n<figure class=\"wp-block-image size-large\"><img loading=\"lazy\" decoding=\"async\" width=\"600\" height=\"316\" src=\"https:\/\/www.signium.com\/wp-content\/uploads\/2021\/07\/AESC-Diversity-Pledge.jpg\" alt=\"\" class=\"wp-image-4320\" srcset=\"https:\/\/www.signium.com\/wp-content\/uploads\/2021\/07\/AESC-Diversity-Pledge.jpg 600w, https:\/\/www.signium.com\/wp-content\/uploads\/2021\/07\/AESC-Diversity-Pledge-250x132.jpg 250w, https:\/\/www.signium.com\/wp-content\/uploads\/2021\/07\/AESC-Diversity-Pledge-120x63.jpg 120w\" sizes=\"(max-width: 600px) 100vw, 600px\" data-aos=\"fade-up\"\/><figcaption>Signium has signed the AESC Diversity Pledge and commits to develop and deepen actions within our firm.<\/figcaption><\/figure>\n\n\n\n<p><\/p>\n<\/div>\n<\/div>\n\n\n\n<h4 class=\"wp-block-heading\"><strong><strong>AESC-yhdistyksen j\u00e4senyys<\/strong>ip<\/strong><\/h4>\n\n\n\n<h3 class=\"wp-block-heading\">Signium on AESC-yhdistyksen (Association of Executive Search and Leadership Consultants) perustajaj\u00e4sen.<\/h3>\n\n\n\n<div class=\"wp-block-group is-layout-flow wp-block-group-is-layout-flow\"><div class=\"wp-block-group__inner-container\">\n<div class=\"wp-block-columns is-layout-flex wp-container-core-columns-layout-3 wp-block-columns-is-layout-flex\">\n<div class=\"wp-block-column is-vertically-aligned-bottom is-layout-flow wp-block-column-is-layout-flow\">\n<p>AESC-yhdistyksen j\u00e4senen\u00e4 t\u00e4yt\u00e4mme korkeimmat ammatilliset laatuvaatimukset ja ylpein\u00e4 edist\u00e4mme sitoutumistamme AESC-ammattis\u00e4\u00e4nn\u00f6st\u00f6n, A<a href=\"http:\/\/AESC-yhdistyksen j\u00e4senen\u00e4 t\u00e4yt\u00e4mme korkeimmat ammatilliset laatuvaatimukset ja ylpein\u00e4 edist\u00e4mme sitoutumistamme AESC-ammattis\u00e4\u00e4nn\u00f6st\u00f6n, AESC Code of Professional Practice, noudattamiseen.\" target=\"_blank\" rel=\"noreferrer noopener\">ESC Code of Professional Practice<\/a>, noudattamiseen.<\/p>\n\n\n\n<h3 class=\"wp-block-heading\">Ehdokkaat voivat rekister\u00f6ity\u00e4 AESC BlueSteps -urapalveluun<\/h3>\n\n\n\n<p>Edist\u00e4 uraasi uranhallintaresursseilla ja lis\u00e4\u00e4 n\u00e4kyvyytt\u00e4si laadukkaiden johtotason rekrytointiyritysten hauissa maailmanlaajuisesti. <a href=\"https:\/\/www.bluesteps.com\/partner\/signium\" target=\"_blank\" rel=\"noreferrer noopener\">Aloita nyt.<\/a><\/p>\n<\/div>\n\n\n\n<div class=\"wp-block-column is-layout-flow wp-block-column-is-layout-flow\">\n<figure class=\"wp-block-image size-large is-resized\"><a href=\"https:\/\/www.aesc.org\/about-us\/our-standards\" target=\"_blank\" rel=\"noopener noreferrer\"><img loading=\"lazy\" decoding=\"async\" src=\"https:\/\/www.signium.com\/wp-content\/uploads\/2021\/07\/AESC_Proud_Member_Logo_2019_COLOR-700x139.png\" alt=\"\" class=\"wp-image-4358\" width=\"350\" height=\"70\" srcset=\"https:\/\/www.signium.com\/wp-content\/uploads\/2021\/07\/AESC_Proud_Member_Logo_2019_COLOR-700x139.png 700w, https:\/\/www.signium.com\/wp-content\/uploads\/2021\/07\/AESC_Proud_Member_Logo_2019_COLOR-250x50.png 250w, https:\/\/www.signium.com\/wp-content\/uploads\/2021\/07\/AESC_Proud_Member_Logo_2019_COLOR-120x24.png 120w, https:\/\/www.signium.com\/wp-content\/uploads\/2021\/07\/AESC_Proud_Member_Logo_2019_COLOR.png 720w\" sizes=\"(max-width: 350px) 100vw, 350px\" data-aos=\"fade-up\"\/><\/a><\/figure>\n\n\n\n<p><\/p>\n\n\n\n<p><\/p>\n\n\n\n<figure class=\"wp-block-image size-large is-resized\"><a href=\"https:\/\/www.bluesteps.com\/partner\/signium\" target=\"_blank\" rel=\"noopener noreferrer\"><img loading=\"lazy\" decoding=\"async\" src=\"https:\/\/www.signium.com\/wp-content\/uploads\/2021\/07\/BlueSteps_logo_tagline_2021-700x127.jpg\" alt=\"\" class=\"wp-image-4360\" width=\"350\" height=\"64\" srcset=\"https:\/\/www.signium.com\/wp-content\/uploads\/2021\/07\/BlueSteps_logo_tagline_2021-700x127.jpg 700w, https:\/\/www.signium.com\/wp-content\/uploads\/2021\/07\/BlueSteps_logo_tagline_2021-250x45.jpg 250w, https:\/\/www.signium.com\/wp-content\/uploads\/2021\/07\/BlueSteps_logo_tagline_2021-768x139.jpg 768w, https:\/\/www.signium.com\/wp-content\/uploads\/2021\/07\/BlueSteps_logo_tagline_2021-1536x278.jpg 1536w, https:\/\/www.signium.com\/wp-content\/uploads\/2021\/07\/BlueSteps_logo_tagline_2021-2048x370.jpg 2048w, https:\/\/www.signium.com\/wp-content\/uploads\/2021\/07\/BlueSteps_logo_tagline_2021-120x22.jpg 120w\" sizes=\"(max-width: 350px) 100vw, 350px\" data-aos=\"fade-up\"\/><\/a><\/figure>\n\n\n\n<p><\/p>\n<\/div>\n<\/div>\n<\/div><\/div>\n","protected":false},"excerpt":{"rendered":"<p>Lupaus asiakkaillemme Signium tarjoa ylimm\u00e4n johdon suorahaku \u2013 ja neuvontantaja palvelua Executive Search &amp; Leadership Services Partnership. Erikoisosaamisemme on auttaa asiakkaitamme rekrytoinneissa ja parhaiden johtotiimien kehitt\u00e4misess\u00e4 ja yll\u00e4pit\u00e4misess\u00e4. T\u00e4m\u00e4, tarkoittaa sit\u00e4, ett\u00e4 emme ainoastaan etsi lahjakkuuksia, vaan my\u00f6s opastamme yritysjohtajia, miten kehitt\u00e4\u00e4 taitojaan, yksil\u00f6it\u00e4, tiimej\u00e4 ja organisaatioitaan. Asiakkaamme toimivat ymp\u00e4ri maailmaa, ja niin teemme mekin. [&hellip;]<\/p>\n","protected":false},"author":6,"featured_media":9305,"parent":0,"menu_order":0,"comment_status":"closed","ping_status":"closed","template":"page-templates\/page-template-about.php","meta":{"footnotes":""},"acf":[],"yoast_head":"<!-- This site is optimized with the Yoast SEO Premium plugin v20.5 (Yoast SEO v20.5) - https:\/\/yoast.com\/wordpress\/plugins\/seo\/ -->\n<title>Meist\u00e4 &ndash; Signium<\/title>\n<meta name=\"robots\" content=\"index, follow, max-snippet:-1, max-image-preview:large, max-video-preview:-1\" \/>\n<link rel=\"canonical\" href=\"https:\/\/www.signium.com\/fi\/meista\/\" \/>\n<meta property=\"og:locale\" content=\"fi_FI\" \/>\n<meta property=\"og:type\" content=\"article\" \/>\n<meta property=\"og:title\" content=\"Meist\u00e4\" \/>\n<meta property=\"og:description\" content=\"Lupaus asiakkaillemme Signium tarjoa ylimm\u00e4n johdon suorahaku \u2013 ja neuvontantaja palvelua Executive Search &amp; Leadership Services Partnership. Erikoisosaamisemme on auttaa asiakkaitamme rekrytoinneissa ja parhaiden johtotiimien kehitt\u00e4misess\u00e4 ja yll\u00e4pit\u00e4misess\u00e4. T\u00e4m\u00e4, tarkoittaa sit\u00e4, ett\u00e4 emme ainoastaan etsi lahjakkuuksia, vaan my\u00f6s opastamme yritysjohtajia, miten kehitt\u00e4\u00e4 taitojaan, yksil\u00f6it\u00e4, tiimej\u00e4 ja organisaatioitaan. Asiakkaamme toimivat ymp\u00e4ri maailmaa, ja niin teemme mekin. [&hellip;]\" \/>\n<meta property=\"og:url\" content=\"https:\/\/www.signium.com\/fi\/meista\/\" \/>\n<meta property=\"og:site_name\" content=\"Signium\" \/>\n<meta property=\"article:modified_time\" content=\"2026-04-10T20:41:42+00:00\" \/>\n<meta property=\"og:image\" content=\"https:\/\/www.signium.com\/wp-content\/uploads\/2024\/04\/Signium_News_Resources_1920x900-kopiera-1-e1712068179229.jpg\" \/>\n\t<meta property=\"og:image:width\" content=\"1920\" \/>\n\t<meta property=\"og:image:height\" content=\"900\" \/>\n\t<meta property=\"og:image:type\" content=\"image\/jpeg\" \/>\n<meta name=\"twitter:card\" content=\"summary_large_image\" \/>\n<meta name=\"twitter:site\" content=\"@signiumspeaks\" \/>\n<meta name=\"twitter:label1\" content=\"Est. reading time\" \/>\n\t<meta name=\"twitter:data1\" content=\"3 minutes\" \/>\n<script type=\"application\/ld+json\" class=\"yoast-schema-graph\">{\"@context\":\"https:\/\/schema.org\",\"@graph\":[{\"@type\":\"WebPage\",\"@id\":\"https:\/\/www.signium.com\/fi\/meista\/\",\"url\":\"https:\/\/www.signium.com\/fi\/meista\/\",\"name\":\"Meist\u00e4 &ndash; Signium\",\"isPartOf\":{\"@id\":\"https:\/\/staging.signium.com\/#website\"},\"datePublished\":\"2021-10-14T18:12:17+00:00\",\"dateModified\":\"2026-04-10T20:41:42+00:00\",\"breadcrumb\":{\"@id\":\"https:\/\/www.signium.com\/fi\/meista\/#breadcrumb\"},\"inLanguage\":\"fi-FI\",\"potentialAction\":[{\"@type\":\"ReadAction\",\"target\":[\"https:\/\/www.signium.com\/fi\/meista\/\"]}]},{\"@type\":\"BreadcrumbList\",\"@id\":\"https:\/\/www.signium.com\/fi\/meista\/#breadcrumb\",\"itemListElement\":[{\"@type\":\"ListItem\",\"position\":1,\"name\":\"Home\",\"item\":\"https:\/\/www.signium.com\/fi\/\"},{\"@type\":\"ListItem\",\"position\":2,\"name\":\"Meist\u00e4\"}]},{\"@type\":\"WebSite\",\"@id\":\"https:\/\/staging.signium.com\/#website\",\"url\":\"https:\/\/staging.signium.com\/\",\"name\":\"Signium\",\"description\":\"Global Executive Search and Leadership Consulting\",\"publisher\":{\"@id\":\"https:\/\/staging.signium.com\/#organization\"},\"potentialAction\":[{\"@type\":\"SearchAction\",\"target\":{\"@type\":\"EntryPoint\",\"urlTemplate\":\"https:\/\/staging.signium.com\/?s={search_term_string}\"},\"query-input\":\"required name=search_term_string\"}],\"inLanguage\":\"fi-FI\"},{\"@type\":\"Organization\",\"@id\":\"https:\/\/staging.signium.com\/#organization\",\"name\":\"Signium\",\"url\":\"https:\/\/staging.signium.com\/\",\"logo\":{\"@type\":\"ImageObject\",\"inLanguage\":\"fi-FI\",\"@id\":\"https:\/\/staging.signium.com\/#\/schema\/logo\/image\/\",\"url\":\"https:\/\/www.signium.com\/wp-content\/uploads\/2020\/05\/logo-darkblue.png\",\"contentUrl\":\"https:\/\/www.signium.com\/wp-content\/uploads\/2020\/05\/logo-darkblue.png\",\"width\":300,\"height\":66,\"caption\":\"Signium\"},\"image\":{\"@id\":\"https:\/\/staging.signium.com\/#\/schema\/logo\/image\/\"},\"sameAs\":[\"https:\/\/twitter.com\/signiumspeaks\",\"https:\/\/www.linkedin.com\/company\/signium\",\"https:\/\/www.youtube.com\/channel\/UC1mryZmvR40LptxwpsxMaiw\"]}]}<\/script>\n<!-- \/ Yoast SEO Premium plugin. -->","yoast_head_json":{"title":"Meist\u00e4 &ndash; Signium","robots":{"index":"index","follow":"follow","max-snippet":"max-snippet:-1","max-image-preview":"max-image-preview:large","max-video-preview":"max-video-preview:-1"},"canonical":"https:\/\/www.signium.com\/fi\/meista\/","og_locale":"fi_FI","og_type":"article","og_title":"Meist\u00e4","og_description":"Lupaus asiakkaillemme Signium tarjoa ylimm\u00e4n johdon suorahaku \u2013 ja neuvontantaja palvelua Executive Search &amp; Leadership Services Partnership. Erikoisosaamisemme on auttaa asiakkaitamme rekrytoinneissa ja parhaiden johtotiimien kehitt\u00e4misess\u00e4 ja yll\u00e4pit\u00e4misess\u00e4. T\u00e4m\u00e4, tarkoittaa sit\u00e4, ett\u00e4 emme ainoastaan etsi lahjakkuuksia, vaan my\u00f6s opastamme yritysjohtajia, miten kehitt\u00e4\u00e4 taitojaan, yksil\u00f6it\u00e4, tiimej\u00e4 ja organisaatioitaan. Asiakkaamme toimivat ymp\u00e4ri maailmaa, ja niin teemme mekin. [&hellip;]","og_url":"https:\/\/www.signium.com\/fi\/meista\/","og_site_name":"Signium","article_modified_time":"2026-04-10T20:41:42+00:00","og_image":[{"width":1920,"height":900,"url":"https:\/\/www.signium.com\/wp-content\/uploads\/2024\/04\/Signium_News_Resources_1920x900-kopiera-1-e1712068179229.jpg","type":"image\/jpeg"}],"twitter_card":"summary_large_image","twitter_site":"@signiumspeaks","twitter_misc":{"Est. reading time":"3 minutes"},"schema":{"@context":"https:\/\/schema.org","@graph":[{"@type":"WebPage","@id":"https:\/\/www.signium.com\/fi\/meista\/","url":"https:\/\/www.signium.com\/fi\/meista\/","name":"Meist\u00e4 &ndash; Signium","isPartOf":{"@id":"https:\/\/staging.signium.com\/#website"},"datePublished":"2021-10-14T18:12:17+00:00","dateModified":"2026-04-10T20:41:42+00:00","breadcrumb":{"@id":"https:\/\/www.signium.com\/fi\/meista\/#breadcrumb"},"inLanguage":"fi-FI","potentialAction":[{"@type":"ReadAction","target":["https:\/\/www.signium.com\/fi\/meista\/"]}]},{"@type":"BreadcrumbList","@id":"https:\/\/www.signium.com\/fi\/meista\/#breadcrumb","itemListElement":[{"@type":"ListItem","position":1,"name":"Home","item":"https:\/\/www.signium.com\/fi\/"},{"@type":"ListItem","position":2,"name":"Meist\u00e4"}]},{"@type":"WebSite","@id":"https:\/\/staging.signium.com\/#website","url":"https:\/\/staging.signium.com\/","name":"Signium","description":"Global Executive Search and Leadership Consulting","publisher":{"@id":"https:\/\/staging.signium.com\/#organization"},"potentialAction":[{"@type":"SearchAction","target":{"@type":"EntryPoint","urlTemplate":"https:\/\/staging.signium.com\/?s={search_term_string}"},"query-input":"required name=search_term_string"}],"inLanguage":"fi-FI"},{"@type":"Organization","@id":"https:\/\/staging.signium.com\/#organization","name":"Signium","url":"https:\/\/staging.signium.com\/","logo":{"@type":"ImageObject","inLanguage":"fi-FI","@id":"https:\/\/staging.signium.com\/#\/schema\/logo\/image\/","url":"https:\/\/www.signium.com\/wp-content\/uploads\/2020\/05\/logo-darkblue.png","contentUrl":"https:\/\/www.signium.com\/wp-content\/uploads\/2020\/05\/logo-darkblue.png","width":300,"height":66,"caption":"Signium"},"image":{"@id":"https:\/\/staging.signium.com\/#\/schema\/logo\/image\/"},"sameAs":["https:\/\/twitter.com\/signiumspeaks","https:\/\/www.linkedin.com\/company\/signium","https:\/\/www.youtube.com\/channel\/UC1mryZmvR40LptxwpsxMaiw"]}]}},"_links":{"self":[{"href":"https:\/\/www.signium.com\/fi\/wp-json\/wp\/v2\/pages\/4764"}],"collection":[{"href":"https:\/\/www.signium.com\/fi\/wp-json\/wp\/v2\/pages"}],"about":[{"href":"https:\/\/www.signium.com\/fi\/wp-json\/wp\/v2\/types\/page"}],"author":[{"embeddable":true,"href":"https:\/\/www.signium.com\/fi\/wp-json\/wp\/v2\/users\/6"}],"replies":[{"embeddable":true,"href":"https:\/\/www.signium.com\/fi\/wp-json\/wp\/v2\/comments?post=4764"}],"version-history":[{"count":16,"href":"https:\/\/www.signium.com\/fi\/wp-json\/wp\/v2\/pages\/4764\/revisions"}],"predecessor-version":[{"id":12456,"href":"https:\/\/www.signium.com\/fi\/wp-json\/wp\/v2\/pages\/4764\/revisions\/12456"}],"wp:featuredmedia":[{"embeddable":true,"href":"https:\/\/www.signium.com\/fi\/wp-json\/wp\/v2\/media\/9305"}],"wp:attachment":[{"href":"https:\/\/www.signium.com\/fi\/wp-json\/wp\/v2\/media?parent=4764"}],"curies":[{"name":"wp","href":"https:\/\/api.w.org\/{rel}","templated":true}]}}