{"id":4585,"date":"2020-02-12T11:13:56","date_gmt":"2020-02-12T11:13:56","guid":{"rendered":"https:\/\/www.signium.com\/?page_id=4585"},"modified":"2025-09-02T21:48:01","modified_gmt":"2025-09-02T19:48:01","slug":"about-signium","status":"publish","type":"page","link":"https:\/\/www.signium.com\/sv\/about-signium\/","title":{"rendered":"Om Signium"},"content":{"rendered":"\n<div class=\"wp-block-columns is-layout-flex wp-container-core-columns-layout-1 wp-block-columns-is-layout-flex\">\n<div class=\"wp-block-column is-layout-flow wp-block-column-is-layout-flow\">\n<figure class=\"wp-block-image size-large\"><img loading=\"lazy\" decoding=\"async\" width=\"700\" height=\"777\" src=\"https:\/\/www.signium.com\/wp-content\/uploads\/2020\/02\/42-700x777.jpg\" alt=\"\" class=\"wp-image-453\" srcset=\"https:\/\/www.signium.com\/wp-content\/uploads\/2020\/02\/42-700x777.jpg 700w, https:\/\/www.signium.com\/wp-content\/uploads\/2020\/02\/42-250x278.jpg 250w, https:\/\/www.signium.com\/wp-content\/uploads\/2020\/02\/42-768x853.jpg 768w, https:\/\/www.signium.com\/wp-content\/uploads\/2020\/02\/42-120x133.jpg 120w, https:\/\/www.signium.com\/wp-content\/uploads\/2020\/02\/42.jpg 1072w\" sizes=\"(max-width: 700px) 100vw, 700px\" data-aos=\"fade-up\"\/><\/figure>\n\n\n\n<p><\/p>\n<\/div>\n\n\n\n<div class=\"wp-block-column is-layout-flow wp-block-column-is-layout-flow\">\n<h4 class=\"wp-block-heading\" id=\"h-l-ftet-till-v-ra-klienter\"><strong><strong>L\u00f6ftet till v\u00e5ra klienter<\/strong><\/strong><\/h4>\n\n\n\n<h3 class=\"wp-block-heading\" id=\"h-signium-r-ett-ledande-globalt-partnerskap-inom-executive-search-och-ledarskapstj-nster\">Signium \u00e4r ett ledande globalt partnerskap inom executive search och ledarskapstj\u00e4nster.<\/h3>\n\n\n\n<p>Med 70+ \u00e5rs erfarenhet \u00e4r vi experter p\u00e5 att hj\u00e4lpa klienter rekrytera, utveckla och beh\u00e5lla de b\u00e4sta ledarskapsteamen. Detta betyder att vi inte bara hittar talanger \u2013 vi ger r\u00e5d till f\u00f6retagsledare om hur de skall utveckla sin kompetens, sina anst\u00e4llda och sina organisationer. V\u00e5ra klienter \u00e4r verksamma \u00f6ver hela v\u00e4rlden och det \u00e4r vi ocks\u00e5 &#8211; med kontor i \u00f6ver 30 l\u00e4nder kombinerar vi global r\u00e4ckvidd med fokuserad lokal kunskap f\u00f6r att p\u00e5 s\u00e5 s\u00e4tt kunna \u00f6vertr\u00e4ffa v\u00e5ra klienters f\u00f6rv\u00e4ntningar.<\/p>\n\n\n\n<p>Vare sig det g\u00e4ller att hj\u00e4lpa klienter anst\u00e4lla r\u00e4tt ledare eller att utveckla unika ledningsgrupper, erbjuder vi ett praktiskt tillv\u00e4gag\u00e5ngss\u00e4tt och levererar specialanpassade l\u00f6sningar som ger de b\u00e4sta resultaten.<\/p>\n\n\n\n<p>Vid val av kandidater kombinerar vi objektiv bed\u00f6mning av kompetens och kvalifikationer med intuitiv k\u00e4nsla f\u00f6r personkemi och ledaregenskaper \u2013 vi kallar denna kombination \u201cintelligens och intuition\u201d. Det h\u00e4r g\u00f6r det m\u00f6jligt f\u00f6r oss att se bortom det uppenbara och ist\u00e4llet se till vad som verkligen spelar roll.<\/p>\n<\/div>\n<\/div>\n\n\n\n<div class=\"wp-block-columns is-layout-flex wp-container-core-columns-layout-2 wp-block-columns-is-layout-flex\">\n<div class=\"wp-block-column is-layout-flow wp-block-column-is-layout-flow\">\n<h4 class=\"wp-block-heading\" id=\"h-m-ngfald-och-inkludering\"><strong>M\u00e5ngfald och inkludering<\/strong><\/h4>\n\n\n\n<h3 class=\"wp-block-heading\" id=\"h-signium-uppskattar-olika-ledarskap-och-identifierar-de-mest-kvalificerade-talangerna-genom-att-s-ka-och-utv-rdera-brett-och-utan-f-rdomar\">Signium uppskattar olika ledarskap och identifierar de mest kvalificerade talangerna genom att s\u00f6ka och utv\u00e4rdera brett och utan f\u00f6rdomar.<\/h3>\n\n\n\n<p>M\u00e5ngfald refereras ofta till som endast balans mellan k\u00f6nen och vi h\u00e5ller helt med om vikten av att tills\u00e4tta fler framg\u00e5ngsrika aff\u00e4rskvinnor i ledande roller. Vi tror ocks\u00e5 p\u00e5 att inkludera andra faktorer vad g\u00e4ller m\u00e5ngfald, s\u00e5som geografiskt ursprung (nationalitet som sedan p\u00e5verkar var man f\u00e5r aff\u00e4rserfarenhet), religion, ras, sexuell orientering och antal \u00e5r av erfarenhet.<\/p>\n\n\n\n<p>Organisationer som lyckas etablera m\u00e5ngfald, utvecklar styrkan i unika perspektiv och f\u00e5r en konkurrensf\u00f6rdel genom \u00f6kad innovation och kreativitet.<\/p>\n\n\n\n<p>En intressant tanke som vi skulle vilja till\u00e4gga \u00e4r att skillnad i bakgrund ocks\u00e5 \u00e4r viktig: v\u00e4xte du upp i en familj d\u00e4r dina f\u00f6r\u00e4ldrar \u2013 eller en av dem \u2013 arbetade i en f\u00f6retagsmilj\u00f6 eller som l\u00e4rare? P\u00e5 ett sjukhus eller inom det milit\u00e4ra? Eget f\u00f6retag eller egen aff\u00e4r? Eller inom jordbruket? Alla dessa variationer kommer att ha p\u00e5verkat dig och din potential. Vi \u00e4r \u00f6vertygade om att en inkluderande kultur d\u00e4r varje person blir h\u00f6rd, k\u00e4nner sig respekterad och uppskattad, kan frig\u00f6ra dolda kvaliteter och kommer leda till att varje individ uppn\u00e5r sin fulla potential.<\/p>\n<\/div>\n\n\n\n<div class=\"wp-block-column is-layout-flow wp-block-column-is-layout-flow\">\n<blockquote class=\"wp-block-quote is-style-large\">\n<p>\u201cM\u00e5ngfald och inkludering \u00e4r direkt relaterat till b\u00e4ttre presterande team, innovation, f\u00f6rb\u00e4ttrad rekrytering och mer v\u00e4lm\u00e5ende organisationer.\u201d<\/p>\n<\/blockquote>\n\n\n\n<figure class=\"wp-block-image size-large\"><img loading=\"lazy\" decoding=\"async\" width=\"600\" height=\"316\" src=\"https:\/\/www.signium.com\/wp-content\/uploads\/2021\/07\/AESC-Diversity-Pledge.jpg\" alt=\"\" class=\"wp-image-4320\" srcset=\"https:\/\/www.signium.com\/wp-content\/uploads\/2021\/07\/AESC-Diversity-Pledge.jpg 600w, https:\/\/www.signium.com\/wp-content\/uploads\/2021\/07\/AESC-Diversity-Pledge-250x132.jpg 250w, https:\/\/www.signium.com\/wp-content\/uploads\/2021\/07\/AESC-Diversity-Pledge-120x63.jpg 120w\" sizes=\"(max-width: 600px) 100vw, 600px\" data-aos=\"fade-up\"\/><figcaption class=\"wp-element-caption\">Signium har skrivit p\u00e5 AESC:s m\u00e5ngfaldsl\u00f6fte och \u00e5tar sig att utveckla och f\u00f6rdjupa m\u00e5ngfalds\u00e5tg\u00e4rder inom v\u00e5rt bolag.<\/figcaption><\/figure>\n\n\n\n<p><\/p>\n<\/div>\n<\/div>\n\n\n\n<h4 class=\"wp-block-heading\" id=\"h-aesc-medlemskap\"><strong>AESC medlemskap<\/strong><\/h4>\n\n\n\n<h3 class=\"wp-block-heading\" id=\"h-signium-r-medgrundare-till-aesc\">Signium \u00e4r medgrundare till AESC<\/h3>\n\n\n\n<div class=\"wp-block-group is-layout-flow wp-block-group-is-layout-flow\"><div class=\"wp-block-group__inner-container\">\n<div class=\"wp-block-columns is-layout-flex wp-container-core-columns-layout-3 wp-block-columns-is-layout-flex\">\n<div class=\"wp-block-column is-vertically-aligned-bottom is-layout-flow wp-block-column-is-layout-flow\">\n<p>Som medlem i AESC uppfyller vi de h\u00f6gsta professionella standarderna f\u00f6r kvalitet, och \u00e4r stolta \u00f6ver att f\u00f6lja v\u00e5rt \u00e5tagande f\u00f6r <a href=\"https:\/\/www.aesc.org\/about-us\/our-standards\" target=\"_blank\" rel=\"noreferrer noopener\">AESC Code of Professional Practice<\/a>.<\/p>\n<\/div>\n\n\n\n<div class=\"wp-block-column is-layout-flow wp-block-column-is-layout-flow\">\n<figure class=\"wp-block-image size-large is-resized\"><a href=\"https:\/\/www.aesc.org\/about-us\/our-standards\" target=\"_blank\" rel=\"noopener noreferrer\"><img loading=\"lazy\" decoding=\"async\" src=\"https:\/\/www.signium.com\/wp-content\/uploads\/2021\/07\/AESC_Proud_Member_Logo_2019_COLOR-700x139.png\" alt=\"\" class=\"wp-image-4358\" width=\"350\" height=\"70\" srcset=\"https:\/\/www.signium.com\/wp-content\/uploads\/2021\/07\/AESC_Proud_Member_Logo_2019_COLOR-700x139.png 700w, https:\/\/www.signium.com\/wp-content\/uploads\/2021\/07\/AESC_Proud_Member_Logo_2019_COLOR-250x50.png 250w, https:\/\/www.signium.com\/wp-content\/uploads\/2021\/07\/AESC_Proud_Member_Logo_2019_COLOR-120x24.png 120w, https:\/\/www.signium.com\/wp-content\/uploads\/2021\/07\/AESC_Proud_Member_Logo_2019_COLOR.png 720w\" sizes=\"(max-width: 350px) 100vw, 350px\" data-aos=\"fade-up\"\/><\/a><\/figure>\n\n\n\n<p><\/p>\n<\/div>\n<\/div>\n<\/div><\/div>\n","protected":false},"excerpt":{"rendered":"<p>L\u00f6ftet till v\u00e5ra klienter Signium \u00e4r ett ledande globalt partnerskap inom executive search och ledarskapstj\u00e4nster. Med 70+ \u00e5rs erfarenhet \u00e4r vi experter p\u00e5 att hj\u00e4lpa klienter rekrytera, utveckla och beh\u00e5lla de b\u00e4sta ledarskapsteamen. Detta betyder att vi inte bara hittar talanger \u2013 vi ger r\u00e5d till f\u00f6retagsledare om hur de skall utveckla sin kompetens, sina [&hellip;]<\/p>\n","protected":false},"author":1,"featured_media":9309,"parent":0,"menu_order":0,"comment_status":"closed","ping_status":"closed","template":"page-templates\/page-template-about.php","meta":{"footnotes":""},"acf":[],"yoast_head":"<!-- This site is optimized with the Yoast SEO Premium plugin v20.5 (Yoast SEO v20.5) - https:\/\/yoast.com\/wordpress\/plugins\/seo\/ -->\n<title>Om Signium &ndash; Signium<\/title>\n<meta name=\"description\" content=\"As an AESC member, we meet the highest professional standards of quality in Executive Search\" \/>\n<meta name=\"robots\" content=\"index, follow, max-snippet:-1, max-image-preview:large, max-video-preview:-1\" \/>\n<link rel=\"canonical\" href=\"https:\/\/www.signium.com\/sv\/about-signium\/\" \/>\n<meta property=\"og:locale\" content=\"sv_SE\" \/>\n<meta property=\"og:type\" content=\"article\" \/>\n<meta property=\"og:title\" content=\"Om Signium\" \/>\n<meta property=\"og:description\" content=\"As an AESC member, we meet the highest professional standards of quality in Executive Search\" \/>\n<meta property=\"og:url\" content=\"https:\/\/www.signium.com\/sv\/about-signium\/\" \/>\n<meta property=\"og:site_name\" content=\"Signium\" \/>\n<meta property=\"article:modified_time\" content=\"2025-09-02T19:48:01+00:00\" \/>\n<meta property=\"og:image\" content=\"https:\/\/www.signium.com\/wp-content\/uploads\/2024\/04\/Signium_News_Resources_1920x900-kopiera-1-e1712068179229.jpg\" \/>\n\t<meta property=\"og:image:width\" content=\"1920\" \/>\n\t<meta property=\"og:image:height\" content=\"900\" \/>\n\t<meta property=\"og:image:type\" content=\"image\/jpeg\" \/>\n<meta name=\"twitter:card\" content=\"summary_large_image\" \/>\n<meta name=\"twitter:site\" content=\"@signiumspeaks\" \/>\n<meta name=\"twitter:label1\" content=\"Est. reading time\" \/>\n\t<meta name=\"twitter:data1\" content=\"3 minutes\" \/>\n<script type=\"application\/ld+json\" class=\"yoast-schema-graph\">{\"@context\":\"https:\/\/schema.org\",\"@graph\":[{\"@type\":\"WebPage\",\"@id\":\"https:\/\/www.signium.com\/sv\/about-signium\/\",\"url\":\"https:\/\/www.signium.com\/sv\/about-signium\/\",\"name\":\"Om Signium &ndash; Signium\",\"isPartOf\":{\"@id\":\"https:\/\/staging.signium.com\/#website\"},\"datePublished\":\"2020-02-12T11:13:56+00:00\",\"dateModified\":\"2025-09-02T19:48:01+00:00\",\"description\":\"As an AESC member, we meet the highest professional standards of quality in Executive Search\",\"breadcrumb\":{\"@id\":\"https:\/\/www.signium.com\/sv\/about-signium\/#breadcrumb\"},\"inLanguage\":\"sv-SE\",\"potentialAction\":[{\"@type\":\"ReadAction\",\"target\":[\"https:\/\/www.signium.com\/sv\/about-signium\/\"]}]},{\"@type\":\"BreadcrumbList\",\"@id\":\"https:\/\/www.signium.com\/sv\/about-signium\/#breadcrumb\",\"itemListElement\":[{\"@type\":\"ListItem\",\"position\":1,\"name\":\"Home\",\"item\":\"https:\/\/www.signium.com\/sv\/\"},{\"@type\":\"ListItem\",\"position\":2,\"name\":\"Om Signium\"}]},{\"@type\":\"WebSite\",\"@id\":\"https:\/\/staging.signium.com\/#website\",\"url\":\"https:\/\/staging.signium.com\/\",\"name\":\"Signium\",\"description\":\"Global Executive Search and Leadership Consulting\",\"publisher\":{\"@id\":\"https:\/\/staging.signium.com\/#organization\"},\"potentialAction\":[{\"@type\":\"SearchAction\",\"target\":{\"@type\":\"EntryPoint\",\"urlTemplate\":\"https:\/\/staging.signium.com\/?s={search_term_string}\"},\"query-input\":\"required name=search_term_string\"}],\"inLanguage\":\"sv-SE\"},{\"@type\":\"Organization\",\"@id\":\"https:\/\/staging.signium.com\/#organization\",\"name\":\"Signium\",\"url\":\"https:\/\/staging.signium.com\/\",\"logo\":{\"@type\":\"ImageObject\",\"inLanguage\":\"sv-SE\",\"@id\":\"https:\/\/staging.signium.com\/#\/schema\/logo\/image\/\",\"url\":\"https:\/\/www.signium.com\/wp-content\/uploads\/2020\/05\/logo-darkblue.png\",\"contentUrl\":\"https:\/\/www.signium.com\/wp-content\/uploads\/2020\/05\/logo-darkblue.png\",\"width\":300,\"height\":66,\"caption\":\"Signium\"},\"image\":{\"@id\":\"https:\/\/staging.signium.com\/#\/schema\/logo\/image\/\"},\"sameAs\":[\"https:\/\/twitter.com\/signiumspeaks\",\"https:\/\/www.linkedin.com\/company\/signium\",\"https:\/\/www.youtube.com\/channel\/UC1mryZmvR40LptxwpsxMaiw\"]}]}<\/script>\n<!-- \/ Yoast SEO Premium plugin. -->","yoast_head_json":{"title":"Om Signium &ndash; Signium","description":"As an AESC member, we meet the highest professional standards of quality in Executive Search","robots":{"index":"index","follow":"follow","max-snippet":"max-snippet:-1","max-image-preview":"max-image-preview:large","max-video-preview":"max-video-preview:-1"},"canonical":"https:\/\/www.signium.com\/sv\/about-signium\/","og_locale":"sv_SE","og_type":"article","og_title":"Om Signium","og_description":"As an AESC member, we meet the highest professional standards of quality in Executive Search","og_url":"https:\/\/www.signium.com\/sv\/about-signium\/","og_site_name":"Signium","article_modified_time":"2025-09-02T19:48:01+00:00","og_image":[{"width":1920,"height":900,"url":"https:\/\/www.signium.com\/wp-content\/uploads\/2024\/04\/Signium_News_Resources_1920x900-kopiera-1-e1712068179229.jpg","type":"image\/jpeg"}],"twitter_card":"summary_large_image","twitter_site":"@signiumspeaks","twitter_misc":{"Est. reading time":"3 minutes"},"schema":{"@context":"https:\/\/schema.org","@graph":[{"@type":"WebPage","@id":"https:\/\/www.signium.com\/sv\/about-signium\/","url":"https:\/\/www.signium.com\/sv\/about-signium\/","name":"Om Signium &ndash; Signium","isPartOf":{"@id":"https:\/\/staging.signium.com\/#website"},"datePublished":"2020-02-12T11:13:56+00:00","dateModified":"2025-09-02T19:48:01+00:00","description":"As an AESC member, we meet the highest professional standards of quality in Executive Search","breadcrumb":{"@id":"https:\/\/www.signium.com\/sv\/about-signium\/#breadcrumb"},"inLanguage":"sv-SE","potentialAction":[{"@type":"ReadAction","target":["https:\/\/www.signium.com\/sv\/about-signium\/"]}]},{"@type":"BreadcrumbList","@id":"https:\/\/www.signium.com\/sv\/about-signium\/#breadcrumb","itemListElement":[{"@type":"ListItem","position":1,"name":"Home","item":"https:\/\/www.signium.com\/sv\/"},{"@type":"ListItem","position":2,"name":"Om Signium"}]},{"@type":"WebSite","@id":"https:\/\/staging.signium.com\/#website","url":"https:\/\/staging.signium.com\/","name":"Signium","description":"Global Executive Search and Leadership Consulting","publisher":{"@id":"https:\/\/staging.signium.com\/#organization"},"potentialAction":[{"@type":"SearchAction","target":{"@type":"EntryPoint","urlTemplate":"https:\/\/staging.signium.com\/?s={search_term_string}"},"query-input":"required name=search_term_string"}],"inLanguage":"sv-SE"},{"@type":"Organization","@id":"https:\/\/staging.signium.com\/#organization","name":"Signium","url":"https:\/\/staging.signium.com\/","logo":{"@type":"ImageObject","inLanguage":"sv-SE","@id":"https:\/\/staging.signium.com\/#\/schema\/logo\/image\/","url":"https:\/\/www.signium.com\/wp-content\/uploads\/2020\/05\/logo-darkblue.png","contentUrl":"https:\/\/www.signium.com\/wp-content\/uploads\/2020\/05\/logo-darkblue.png","width":300,"height":66,"caption":"Signium"},"image":{"@id":"https:\/\/staging.signium.com\/#\/schema\/logo\/image\/"},"sameAs":["https:\/\/twitter.com\/signiumspeaks","https:\/\/www.linkedin.com\/company\/signium","https:\/\/www.youtube.com\/channel\/UC1mryZmvR40LptxwpsxMaiw"]}]}},"_links":{"self":[{"href":"https:\/\/www.signium.com\/sv\/wp-json\/wp\/v2\/pages\/4585"}],"collection":[{"href":"https:\/\/www.signium.com\/sv\/wp-json\/wp\/v2\/pages"}],"about":[{"href":"https:\/\/www.signium.com\/sv\/wp-json\/wp\/v2\/types\/page"}],"author":[{"embeddable":true,"href":"https:\/\/www.signium.com\/sv\/wp-json\/wp\/v2\/users\/1"}],"replies":[{"embeddable":true,"href":"https:\/\/www.signium.com\/sv\/wp-json\/wp\/v2\/comments?post=4585"}],"version-history":[{"count":24,"href":"https:\/\/www.signium.com\/sv\/wp-json\/wp\/v2\/pages\/4585\/revisions"}],"predecessor-version":[{"id":11744,"href":"https:\/\/www.signium.com\/sv\/wp-json\/wp\/v2\/pages\/4585\/revisions\/11744"}],"wp:featuredmedia":[{"embeddable":true,"href":"https:\/\/www.signium.com\/sv\/wp-json\/wp\/v2\/media\/9309"}],"wp:attachment":[{"href":"https:\/\/www.signium.com\/sv\/wp-json\/wp\/v2\/media?parent=4585"}],"curies":[{"name":"wp","href":"https:\/\/api.w.org\/{rel}","templated":true}]}}