{"id":4624,"date":"2021-09-23T23:20:52","date_gmt":"2021-09-23T23:20:52","guid":{"rendered":"https:\/\/www.signium.com\/?page_id=4624"},"modified":"2024-10-21T23:45:10","modified_gmt":"2024-10-21T21:45:10","slug":"home","status":"publish","type":"page","link":"https:\/\/www.signium.com\/sv\/","title":{"rendered":"Home"},"content":{"rendered":"\n<p data-aos=\"fade-up\">V\u00e5ra \u201dpractice groups\u201d och branschspecialister garanterar djupg\u00e5ende kunskap, oavsett omr\u00e5de.<\/p>\n\n\n\n<p data-aos=\"fade-up\">V\u00e5ra konsulter arbetar enligt en global Practice Group-modell \u2013 tillsammans med kollegor runt om i v\u00e4rlden erbjuder vi skr\u00e4ddarsydda l\u00f6sningar till v\u00e5ra klienter, oavsett utmaning.<\/p>\n","protected":false},"excerpt":{"rendered":"<p>V\u00e5ra \u201dpractice groups\u201d och branschspecialister garanterar djupg\u00e5ende kunskap, oavsett omr\u00e5de. V\u00e5ra konsulter arbetar enligt en global Practice Group-modell \u2013 tillsammans med kollegor runt om i v\u00e4rlden erbjuder vi skr\u00e4ddarsydda l\u00f6sningar till v\u00e5ra klienter, oavsett utmaning.<\/p>\n","protected":false},"author":6,"featured_media":0,"parent":0,"menu_order":0,"comment_status":"closed","ping_status":"closed","template":"page-templates\/page-template-home.php","meta":{"footnotes":""},"acf":[],"yoast_head":"<!-- This site is optimized with the Yoast SEO Premium plugin v20.5 (Yoast SEO v20.5) - https:\/\/yoast.com\/wordpress\/plugins\/seo\/ -->\n<title>Home &ndash; Signium<\/title>\n<meta name=\"robots\" content=\"index, follow, max-snippet:-1, max-image-preview:large, max-video-preview:-1\" \/>\n<link rel=\"canonical\" href=\"https:\/\/www.signium.com\/sv\/\" \/>\n<meta property=\"og:locale\" content=\"sv_SE\" \/>\n<meta property=\"og:type\" content=\"article\" \/>\n<meta property=\"og:title\" content=\"Home\" \/>\n<meta property=\"og:description\" content=\"V\u00e5ra \u201dpractice groups\u201d och branschspecialister garanterar djupg\u00e5ende kunskap, oavsett omr\u00e5de. V\u00e5ra konsulter arbetar enligt en global Practice Group-modell \u2013 tillsammans med kollegor runt om i v\u00e4rlden erbjuder vi skr\u00e4ddarsydda l\u00f6sningar till v\u00e5ra klienter, oavsett utmaning.\" \/>\n<meta property=\"og:url\" content=\"https:\/\/www.signium.com\/sv\/\" \/>\n<meta property=\"og:site_name\" content=\"Signium\" \/>\n<meta property=\"article:modified_time\" content=\"2024-10-21T21:45:10+00:00\" \/>\n<meta name=\"twitter:card\" content=\"summary_large_image\" \/>\n<meta name=\"twitter:site\" content=\"@signiumspeaks\" \/>\n<meta name=\"twitter:label1\" content=\"Est. reading time\" \/>\n\t<meta name=\"twitter:data1\" content=\"1 minute\" \/>\n<script type=\"application\/ld+json\" class=\"yoast-schema-graph\">{\"@context\":\"https:\/\/schema.org\",\"@graph\":[{\"@type\":\"WebPage\",\"@id\":\"https:\/\/www.signium.com\/sv\/\",\"url\":\"https:\/\/www.signium.com\/sv\/\",\"name\":\"Home &ndash; Signium\",\"isPartOf\":{\"@id\":\"https:\/\/staging.signium.com\/#website\"},\"datePublished\":\"2021-09-23T23:20:52+00:00\",\"dateModified\":\"2024-10-21T21:45:10+00:00\",\"breadcrumb\":{\"@id\":\"https:\/\/www.signium.com\/sv\/#breadcrumb\"},\"inLanguage\":\"sv-SE\",\"potentialAction\":[{\"@type\":\"ReadAction\",\"target\":[\"https:\/\/www.signium.com\/sv\/\"]}]},{\"@type\":\"BreadcrumbList\",\"@id\":\"https:\/\/www.signium.com\/sv\/#breadcrumb\",\"itemListElement\":[{\"@type\":\"ListItem\",\"position\":1,\"name\":\"Home\",\"item\":\"https:\/\/www.signium.com\/sv\/\"},{\"@type\":\"ListItem\",\"position\":2,\"name\":\"Home\"}]},{\"@type\":\"WebSite\",\"@id\":\"https:\/\/staging.signium.com\/#website\",\"url\":\"https:\/\/staging.signium.com\/\",\"name\":\"Signium\",\"description\":\"Global Executive Search and Leadership Consulting\",\"publisher\":{\"@id\":\"https:\/\/staging.signium.com\/#organization\"},\"potentialAction\":[{\"@type\":\"SearchAction\",\"target\":{\"@type\":\"EntryPoint\",\"urlTemplate\":\"https:\/\/staging.signium.com\/?s={search_term_string}\"},\"query-input\":\"required name=search_term_string\"}],\"inLanguage\":\"sv-SE\"},{\"@type\":\"Organization\",\"@id\":\"https:\/\/staging.signium.com\/#organization\",\"name\":\"Signium\",\"url\":\"https:\/\/staging.signium.com\/\",\"logo\":{\"@type\":\"ImageObject\",\"inLanguage\":\"sv-SE\",\"@id\":\"https:\/\/staging.signium.com\/#\/schema\/logo\/image\/\",\"url\":\"https:\/\/www.signium.com\/wp-content\/uploads\/2020\/05\/logo-darkblue.png\",\"contentUrl\":\"https:\/\/www.signium.com\/wp-content\/uploads\/2020\/05\/logo-darkblue.png\",\"width\":300,\"height\":66,\"caption\":\"Signium\"},\"image\":{\"@id\":\"https:\/\/staging.signium.com\/#\/schema\/logo\/image\/\"},\"sameAs\":[\"https:\/\/twitter.com\/signiumspeaks\",\"https:\/\/www.linkedin.com\/company\/signium\",\"https:\/\/www.youtube.com\/channel\/UC1mryZmvR40LptxwpsxMaiw\"]}]}<\/script>\n<!-- \/ Yoast SEO Premium plugin. -->","yoast_head_json":{"title":"Home &ndash; Signium","robots":{"index":"index","follow":"follow","max-snippet":"max-snippet:-1","max-image-preview":"max-image-preview:large","max-video-preview":"max-video-preview:-1"},"canonical":"https:\/\/www.signium.com\/sv\/","og_locale":"sv_SE","og_type":"article","og_title":"Home","og_description":"V\u00e5ra \u201dpractice groups\u201d och branschspecialister garanterar djupg\u00e5ende kunskap, oavsett omr\u00e5de. V\u00e5ra konsulter arbetar enligt en global Practice Group-modell \u2013 tillsammans med kollegor runt om i v\u00e4rlden erbjuder vi skr\u00e4ddarsydda l\u00f6sningar till v\u00e5ra klienter, oavsett utmaning.","og_url":"https:\/\/www.signium.com\/sv\/","og_site_name":"Signium","article_modified_time":"2024-10-21T21:45:10+00:00","twitter_card":"summary_large_image","twitter_site":"@signiumspeaks","twitter_misc":{"Est. reading time":"1 minute"},"schema":{"@context":"https:\/\/schema.org","@graph":[{"@type":"WebPage","@id":"https:\/\/www.signium.com\/sv\/","url":"https:\/\/www.signium.com\/sv\/","name":"Home &ndash; Signium","isPartOf":{"@id":"https:\/\/staging.signium.com\/#website"},"datePublished":"2021-09-23T23:20:52+00:00","dateModified":"2024-10-21T21:45:10+00:00","breadcrumb":{"@id":"https:\/\/www.signium.com\/sv\/#breadcrumb"},"inLanguage":"sv-SE","potentialAction":[{"@type":"ReadAction","target":["https:\/\/www.signium.com\/sv\/"]}]},{"@type":"BreadcrumbList","@id":"https:\/\/www.signium.com\/sv\/#breadcrumb","itemListElement":[{"@type":"ListItem","position":1,"name":"Home","item":"https:\/\/www.signium.com\/sv\/"},{"@type":"ListItem","position":2,"name":"Home"}]},{"@type":"WebSite","@id":"https:\/\/staging.signium.com\/#website","url":"https:\/\/staging.signium.com\/","name":"Signium","description":"Global Executive Search and Leadership Consulting","publisher":{"@id":"https:\/\/staging.signium.com\/#organization"},"potentialAction":[{"@type":"SearchAction","target":{"@type":"EntryPoint","urlTemplate":"https:\/\/staging.signium.com\/?s={search_term_string}"},"query-input":"required name=search_term_string"}],"inLanguage":"sv-SE"},{"@type":"Organization","@id":"https:\/\/staging.signium.com\/#organization","name":"Signium","url":"https:\/\/staging.signium.com\/","logo":{"@type":"ImageObject","inLanguage":"sv-SE","@id":"https:\/\/staging.signium.com\/#\/schema\/logo\/image\/","url":"https:\/\/www.signium.com\/wp-content\/uploads\/2020\/05\/logo-darkblue.png","contentUrl":"https:\/\/www.signium.com\/wp-content\/uploads\/2020\/05\/logo-darkblue.png","width":300,"height":66,"caption":"Signium"},"image":{"@id":"https:\/\/staging.signium.com\/#\/schema\/logo\/image\/"},"sameAs":["https:\/\/twitter.com\/signiumspeaks","https:\/\/www.linkedin.com\/company\/signium","https:\/\/www.youtube.com\/channel\/UC1mryZmvR40LptxwpsxMaiw"]}]}},"_links":{"self":[{"href":"https:\/\/www.signium.com\/sv\/wp-json\/wp\/v2\/pages\/4624"}],"collection":[{"href":"https:\/\/www.signium.com\/sv\/wp-json\/wp\/v2\/pages"}],"about":[{"href":"https:\/\/www.signium.com\/sv\/wp-json\/wp\/v2\/types\/page"}],"author":[{"embeddable":true,"href":"https:\/\/www.signium.com\/sv\/wp-json\/wp\/v2\/users\/6"}],"replies":[{"embeddable":true,"href":"https:\/\/www.signium.com\/sv\/wp-json\/wp\/v2\/comments?post=4624"}],"version-history":[{"count":16,"href":"https:\/\/www.signium.com\/sv\/wp-json\/wp\/v2\/pages\/4624\/revisions"}],"predecessor-version":[{"id":10550,"href":"https:\/\/www.signium.com\/sv\/wp-json\/wp\/v2\/pages\/4624\/revisions\/10550"}],"wp:attachment":[{"href":"https:\/\/www.signium.com\/sv\/wp-json\/wp\/v2\/media?parent=4624"}],"curies":[{"name":"wp","href":"https:\/\/api.w.org\/{rel}","templated":true}]}}